{"id":1951,"date":"2018-02-20T07:19:31","date_gmt":"2018-02-20T07:19:31","guid":{"rendered":"https:\/\/samerkasenergy.gr\/etaireia\/"},"modified":"2019-04-11T11:08:32","modified_gmt":"2019-04-11T08:08:32","slug":"etaireia","status":"publish","type":"page","link":"https:\/\/samerkasenergy.gr\/tr\/etaireia\/","title":{"rendered":"\u0395\u03a4\u0391\u0399\u03a1\u0395\u0399\u0391"},"content":{"rendered":"<p>[vc_row full_width=&#8221;stretch_row_content_no_spaces&#8221; el_class=&#8221;row1&#8243;][vc_column el_class=&#8221;colrow1&#8243;][vc_row_inner][vc_column_inner][rev_slider_vc alias=&#8221;etairia&#8221;][\/vc_column_inner][\/vc_row_inner][\/vc_column][\/vc_row][vc_row el_class=&#8221;row-2&#8243;][vc_column width=&#8221;1\/3&#8243; el_class=&#8221;col1&#8243;][vc_column_text]<\/p>\n<div class=\"mini-title\">\u015eirket<\/div>\n<div class=\"big-title\">Profili<\/div>\n<div class=\"hr\"><\/div>\n<p>[\/vc_column_text][vc_column_text el_class=&#8221;main-par&#8221;]Samerkas SA, b\u00fct\u00fcn\u00fcyle bir Yunan \u015firketidir ve Yunan petrol pazar\u0131ndaki en \u00f6nemli isimlerden biridir. \u015eirket, mevcut yap\u0131s\u0131 ve bi\u00e7imiyle faaliyetine 1973 y\u0131l\u0131nda ba\u015flad\u0131 ancak 1951 y\u0131l\u0131ndan itibaren S. Samerakas &amp; Co. markas\u0131 alt\u0131nda petrol \u00fcr\u00fcnleri ve ya\u011f ticareti alan\u0131nda etkin oldu.[\/vc_column_text][\/vc_column][vc_column width=&#8221;1\/3&#8243; el_class=&#8221;col2&#8243;][vc_column_text el_class=&#8221;main-par&#8221;]Samerkas SA s\u00fcrekli bir dinamik b\u00fcy\u00fcme neticesinde g\u00fcn\u00fcm\u00fczde 50\u2019den fazla ki\u015fiyi istihdam etmektedir. Personel bile\u015fiminin i\u00e7erisinde \u00dcniversite ve Teknolojik E\u011fitim Enstit\u00fcs\u00fc mezunlar\u0131n\u0131n yan\u0131 s\u0131ra \u00f6zel deneyim ve mutlak uzmanl\u0131\u011fa sahip personel de bulunmaktad\u0131r. \u015eirketin ayr\u0131ca Kavala\u2019da kendine ait tesisleri, Kavala End\u00fcstri B\u00f6lgesinde ya\u011f deposu ve Kuzey Yunanistan&#8217;da 11 \u00f6zel akaryak\u0131t istasyonu bulunmaktad\u0131r.[\/vc_column_text][\/vc_column][vc_column width=&#8221;1\/3&#8243; el_class=&#8221;col3&#8243;][vc_column_text]<\/p>\n<div class=\"mini-title\">\u0130\u00e7in benzersiz \u00e7\u00f6z\u00fcmler<\/div>\n<div class=\"big-title\">Uzmanlar\u0131<\/div>\n<p>[\/vc_column_text][vc_raw_html]JTNDYnIlMjAlMkYlM0UlMEElM0NkaXYlMjBjbGFzcyUzRCUyMnRpY2tzJTIyJTNFJTBBJTIwJTIwJTNDZGl2JTIwY2xhc3MlM0QlMjJ0aWNrcy0xJTIyJTNFJTNDc3BhbiUyMGNsYXNzJTNEJTIyaGhoJTIwdnZ2JTIyJTNFJTNDJTJGc3BhbiUzRURlbmV5aW0lMjB2ZSUyMHV6bWFubCVDNCVCMWt0YSUyMCUzQ3N0cm9uZyUzRTY4JTIweSVDNCVCMWwlM0MlMkZzdHJvbmclM0UlM0MlMkZkaXYlM0UlMEElMjAlMjAlM0NkaXYlMjBjbGFzcyUzRCUyMnRpY2tzLTElMjIlM0UlM0NzcGFuJTIwY2xhc3MlM0QlMjJoaGglMjB2dnYlMjIlM0UlM0MlMkZzcGFuJTNFVCVDMyVCQ2tldGljaXllJTIwaGl6bWV0dGUlMjAlMjAlM0NzdHJvbmclM0U2OCUyMHklQzQlQjFsJTNDJTJGc3Ryb25nJTNFJTNDJTJGZGl2JTNFJTBBJTIwJTIwJTNDZGl2JTIwY2xhc3MlM0QlMjJ0aWNrcy0xJTIyJTNFJTNDc3BhbiUyMGNsYXNzJTNEJTIyaGhoJTIwdnZ2JTIyJTNFJTNDJTJGc3BhbiUzRUFrYXJ5YWslQzQlQjF0JTIwaW5vdmFzeW9udW5kYSUyMCUzQ3N0cm9uZyUzRTY4JTIweSVDNCVCMWwlM0MlMkZzdHJvbmclM0UlM0MlMkZkaXYlM0UlMEElMjAlMjAlM0NkaXYlMjBjbGFzcyUzRCUyMnRpY2tzLTElMjIlM0UlM0NzcGFuJTIwY2xhc3MlM0QlMjJoaGglMjB2dnYlMjIlM0UlM0MlMkZzcGFuJTNFRW4lMjBpeWklMjBrYWxpdGV5aSUyMHNhJUM0JTlGbGFtYWRhJTIwJTNDc3Ryb25nJTNFNjglMjB5JUM0JUIxbCUzQyUyRnN0cm9uZyUzRSUzQyUyRmRpdiUzRSUwQSUyMCUyMCUzQ2RpdiUyMGNsYXNzJTNEJTIydGlja3MtMSUyMiUzRSUzQ3NwYW4lMjBjbGFzcyUzRCUyMmhoaCUyMHZ2diUyMiUzRSUzQyUyRnNwYW4lM0VIZXIlMjBtb3RvcnVuJTIwYmFrJUM0JUIxbSVDNCVCMW5kYSUyMCUzQ3N0cm9uZyUzRTY4JTIweSVDNCVCMWwlM0MlMkZzdHJvbmclM0UlM0MlMkZkaXYlM0UlMEElM0MlMkZkaXYlM0U=[\/vc_raw_html][\/vc_column][\/vc_row][vc_row full_width=&#8221;stretch_row_content_no_spaces&#8221; el_class=&#8221;row3&#8243; el_id=&#8221;orama&#8221;][vc_column][vc_row_inner][vc_column_inner el_class=&#8221;ggcol1&#8243; width=&#8221;1\/3&#8243;][vc_raw_html css=&#8221;.vc_custom_1525859711706{margin-top: 20px !important;}&#8221; el_class=&#8221;ggr&#8221;]JTNDZGl2JTIwY2xhc3MlM0QlMjJlaWtvbmlkaWElMjIlM0UlMEElMjAlM0NpbWclMjBzcmMlM0QlMjJodHRwcyUzQSUyRiUyRnd3dy5zYW1lcmthc2VuZXJneS5nciUyRndwLWNvbnRlbnQlMkZ1cGxvYWRzJTJGMjAxOCUyRjAyJTJGZXVyby03MHg2MHNhbWVya2FzLnN2ZyUyMiUyMHdpZHRoJTNEJTIyNzBweCUyMiUyMGhlaWdodCUzRCUyMjYwcHglMjIlM0UlMEElM0MlMkZkaXYlM0U=[\/vc_raw_html][vc_column_text el_class=&#8221;heads&#8221;]<\/p>\n<div class=\"eikonidia-heads\">Vizyonumuz<\/div>\n<p>[\/vc_column_text][vc_column_text el_class=&#8221;trio-let&#8221;]Vizyonumuz, Samerakas SA\u2019n\u0131n m\u00fc\u015fteriye odaklanan, d\u00fcr\u00fcst ve sorumlu bir anlay\u0131\u015fla uygun fiyatlarda kaliteli \u00fcr\u00fcnler ve hizmetler sunan, \u00f6nc\u00fc Yunan enerji ticareti ve da\u011f\u0131t\u0131m \u015firketlerden biri olmas\u0131d\u0131r. Bunu g\u00f6z \u00f6n\u00fcnde bulundurarak, \u015firket hem faaliyetlerinde hem de altyap\u0131s\u0131nda bu do\u011frultuda muhtelif sosyal ve \u00e7evresel politikalar uygulamaktad\u0131r.[\/vc_column_text][\/vc_column_inner][vc_column_inner el_class=&#8221;ggcol2&#8243; width=&#8221;1\/3&#8243;][vc_raw_html css=&#8221;.vc_custom_1525859718122{margin-top: 20px !important;}&#8221; el_class=&#8221;ggr&#8221;]JTNDZGl2JTIwY2xhc3MlM0QlMjJlaWtvbmlkaWElMjIlM0UlMEElMjAlM0NpbWclMjBzcmMlM0QlMjJodHRwcyUzQSUyRiUyRnd3dy5zYW1lcmthc2VuZXJneS5nciUyRndwLWNvbnRlbnQlMkZ1cGxvYWRzJTJGMjAxOCUyRjAyJTJGcHJvc3Rhc2lhLTcweDYwc2FtZXJrYXMuc3ZnJTIyJTIwd2lkdGglM0QlMjI3MHB4JTIyJTIwaGVpZ2h0JTNEJTIyNjBweCUyMiUzRSUwQSUzQyUyRmRpdiUzRQ==[\/vc_raw_html][vc_column_text el_class=&#8221;heads&#8221;]<\/p>\n<div class=\"eikonidia-heads\">Faaliyetler<\/div>\n<p>[\/vc_column_text][vc_column_text el_class=&#8221;trio-let&#8221;]\u015eirket, \u00fc\u00e7 ana faaliyet dal\u0131yla, Do\u011fu Makedonya ve Trakya i\u00e7in BP\u2019nin \u00f6zel temsilcisi ve Yunanistan&#8217;da en eski \u015firketlerden biridir. Her bran\u015f, kendine ait personeline, kendi tesislerine ve kendi y\u00f6netim organizasyonuna sahiptir. Bu bran\u015flar:[\/vc_column_text][\/vc_column_inner][vc_column_inner el_class=&#8221;ggcol3&#8243; width=&#8221;1\/3&#8243;][vc_raw_html css=&#8221;.vc_custom_1525859723769{margin-top: 20px !important;}&#8221; el_class=&#8221;ggr&#8221;]JTNDZGl2JTIwY2xhc3MlM0QlMjJlaWtvbmlkaWElMjIlM0UlMEElMjAlM0NpbWclMjBzcmMlM0QlMjJodHRwcyUzQSUyRiUyRnd3dy5zYW1lcmthc2VuZXJneS5nciUyRndwLWNvbnRlbnQlMkZ1cGxvYWRzJTJGMjAxOCUyRjAyJTJGcHJvc3Rhc2lhLTcweDYwc2FtZXJrYXMuc3ZnJTIyJTIwd2lkdGglM0QlMjI3MHB4JTIyJTIwaGVpZ2h0JTNEJTIyNjBweCUyMiUzRSUwQSUzQyUyRmRpdiUzRQ==[\/vc_raw_html][vc_column_text el_class=&#8221;heads ggr&#8221;]<\/p>\n<div class=\"eikonidia-heads\">Faaliyetler<\/div>\n<p>[\/vc_column_text][vc_column_text el_class=&#8221;trio-let&#8221;]<strong>1) Akaryak\u0131tlar <\/strong> \u2013 Bu sekt\u00f6rde akaryak\u0131t toptan sat\u0131\u015f\u0131 ve perakende, BP ile her zaman i\u015fbirli\u011fi halinde, Samerkas SA perakende \u015fubeleri \u00fczerinden ger\u00e7ekle\u015ftirilir.<\/p>\n<p><strong>2) Ya\u011flar <\/strong> \u2013 Bu bran\u015fta perakende ve toptan sat\u0131\u015f da ayr\u0131ca desteklenir. Samerkas SA depo tesisleri, Kavala End\u00fcstri B\u00f6lgesinde kendine ait b\u00f6lgede bulunmaktad\u0131r. BP ve i\u015ftiraklerine ait t\u00fcm \u00fcr\u00fcnler, kara ve deniz m\u00fc\u015fterileri i\u00e7in \u00f6zel olarak sat\u0131l\u0131r.<\/p>\n<p><strong>3) Tedarik Kapsam\u0131 <\/strong> \u2013 Kalorifer yak\u0131t\u0131n\u0131n da\u011f\u0131t\u0131m\u0131 i\u00e7in \u015firketin kendine ait 6 adet 40 tonluk b\u00fcy\u00fck tankeri ve kendine ait 5 adet k\u00fc\u00e7\u00fck tankeri bulunmaktad\u0131r. Yukar\u0131daki sebepten dolay\u0131 \u015firket, Perigiali Kavala\u2019ya ait benzin \u00fcr\u00fcnlerinin sahibidir.[\/vc_column_text][\/vc_column_inner][\/vc_row_inner][\/vc_column][\/vc_row][vc_row el_class=&#8221;historic-row hidden&#8221;][vc_column width=&#8221;1\/4&#8243; el_class=&#8221;trio-left&#8221;][vc_column_text]<\/p>\n<div class=\"mini-title\">\u0399\u03c3\u03c4\u03bf\u03c1\u03b9\u03ba\u03cc<\/div>\n<div class=\"big-title\">\u03a4\u03b7\u03c2 \u03b5\u03c4\u03b1\u03b9\u03c1\u03b5\u03af\u03b1\u03c2<\/div>\n<div class=\"hr-prat\"><\/div>\n<p>[\/vc_column_text][\/vc_column][vc_column width=&#8221;3\/4&#8243; el_class=&#8221;trio-right&#8221;][vc_raw_html el_class=&#8221;gg&#8221;]JTNDZGl2JTIwY2xhc3MlM0QlMjJnZy1tYWluLXJlZCUyMiUzRSUwQSUwQSUyMCUyMCUzQ2RpdiUyMGNsYXNzJTNEJTIyZ2ctdW5vLXJlZCUyMiUzRSUwQSUwQSUyMCUyMCUyMCUyMCUzQ2RpdiUyMGNsYXNzJTNEJTIyZ2ctdW5vLXRpdC1yZWQlMjIlM0UlM0NzdHJvbmclM0UxOTUxJTNDJTJGc3Ryb25nJTNFJTNDJTJGZGl2JTNFJTBBJTIwJTIwJTIwJTIwJTNDZGl2JTIwY2xhc3MlM0QlMjJnZy11bm8tYmFyLXJlZCUyMiUzRSUzQyUyRmRpdiUzRSUwQSUyMCUyMCUyMCUyMCUzQ2RpdiUyMGNsYXNzJTNEJTIyZ2ctdW5vLXN1Yi1yZWQlMjIlM0UlQ0UlOTklQ0UlOTQlQ0UlQTElQ0UlQTUlQ0UlQTMlQ0UlOTclMjAlQ0UlOTUlQ0UlQTQlQ0UlOTElQ0UlOTklQ0UlQTElQ0UlOTUlQ0UlOTklQ0UlOTElQ0UlQTMlM0MlMkZkaXYlM0UlMEElMjAlMjAlMjAlMjAlM0NkaXYlMjBjbGFzcyUzRCUyMmdnLXVuby12ZXJ0aWNiYXItcmVkJTIyJTNFJTNDJTJGZGl2JTNFJTBBJTIwJTIwJTIwJTIwJTBBJTIwJTIwJTNDJTJGZGl2JTNFJTBBJTBBJTIwJTIwJTNDZGl2JTIwY2xhc3MlM0QlMjJnZy1kdW8tcmVkJTIyJTNFJTBBJUNFJThBJUNFJUI0JUNGJTgxJUNGJTg1JUNGJTgzJUNFJUI3JTIwJUNGJTg0JUNFJUI3JUNGJTgyJTIwJUNFJUI1JUNGJTg0JUNFJUIxJUNFJUI5JUNGJTgxJUNFJUI1JUNFJUFGJUNFJUIxJUNGJTgyJTIwJUNGJTg5JUNGJTgyJTIwJUNFJUEzLiUyMCVDRSVBMyVDRSVCMSVDRSVCQyVDRSVBRCVDRiU4MSVDRSVCQSVDRSVCMSVDRiU4MiUyMCUyNiUyMCVDRSVBMyVDRSVCOSVDRSVCMSUyMCVDRSU5Ri4lQ0UlOTUuJTJDJTIwJUNFJUIxJUNGJTgwJUNGJThDJTIwJUNGJTg0JUNFJUJGJUNFJUJEJTIwJUNFJTkyJUNFJUIxJUNGJTgzJUNFJUFGJUNFJUJCJUNFJUI1JUNFJUI5JUNFJUJGJTIwJUNFJUEzJUNFJUIxJUNFJUJDJUNFJUFEJUNGJTgxJUNFJUJBJUNFJUIxLiUyMCUzQ2JyJTIwJTJGJTNFJTBBJTBBJTBBJTIwJTIwJTNDJTJGZGl2JTNFJTBBJTBBJTNDJTJGZGl2JTNF[\/vc_raw_html][vc_raw_html el_class=&#8221;gg&#8221;]JTNDZGl2JTIwY2xhc3MlM0QlMjJnZy1tYWluLXJlZCUyMiUzRSUwQSUwQSUyMCUyMCUzQ2RpdiUyMGNsYXNzJTNEJTIyZ2ctdW5vLXJlZCUyMiUzRSUwQSUwQSUyMCUyMCUyMCUyMCUzQ2RpdiUyMGNsYXNzJTNEJTIyZ2ctdW5vLXRpdC1yZWQlMjIlM0UlM0NzdHJvbmclM0UxOTU1JTNDJTJGc3Ryb25nJTNFJTNDJTJGZGl2JTNFJTBBJTIwJTIwJTIwJTIwJTNDZGl2JTIwY2xhc3MlM0QlMjJnZy11bm8tYmFyLXJlZCUyMiUzRSUzQyUyRmRpdiUzRSUwQSUyMCUyMCUyMCUyMCUzQ2RpdiUyMGNsYXNzJTNEJTIyZ2ctdW5vLXN1Yi1yZWQlMjIlM0UlQ0UlQTAlQ0UlQTElQ0UlOTElQ0UlQTQlQ0UlOTclQ0UlQTElQ0UlOTklQ0UlOUYlMjAlQ0UlOUElQ0UlOTElQ0UlQTUlQ0UlQTMlQ0UlOTklQ0UlOUMlQ0UlQTklQ0UlOUQlM0MlMkZkaXYlM0UlMEElMjAlMjAlMjAlMjAlM0NkaXYlMjBjbGFzcyUzRCUyMmdnLXVuby12ZXJ0aWNiYXItcmVkJTIyJTNFJTNDJTJGZGl2JTNFJTBBJTIwJTIwJTIwJTIwJTBBJTIwJTIwJTNDJTJGZGl2JTNFJTBBJTBBJTIwJTIwJTNDZGl2JTIwY2xhc3MlM0QlMjJnZy1kdW8tcmVkJTIyJTNFJTBBJUNFJUE0JUNFJUJGJTIwJUNGJTgwJUNGJTgxJUNGJThFJUNGJTg0JUNFJUJGJTIwJUNGJTgwJUNGJTgxJUNFJUIxJUNGJTg0JUNFJUFFJUNGJTgxJUNFJUI5JUNFJUJGJTIwJUNFJUJBJUNFJUIxJUNGJTg1JUNGJTgzJUNFJUFGJUNFJUJDJUNGJTg5JUNFJUJEJTIwJUNGJTg0JUNFJUI3JUNGJTgyJTIwJUNFJUI1JUNGJTg0JUNFJUIxJUNFJUI5JUNGJTgxJUNFJUI1JUNFJUFGJUNFJUIxJUNGJTgyJTIwJUNGJTgzJUNGJTg0JUNFJUI3JUNFJUJEJTIwJUNFJTlBJUNFJUIxJUNFJUIyJUNFJUFDJUNFJUJCJUNFJUIxJTIwJUNFJUI1JUNFJUFGJUNFJUJEJUNFJUIxJUNFJUI5JTIwJUNFJUIzJUNFJUI1JUNFJUIzJUNFJUJGJUNFJUJEJUNGJThDJUNGJTgyLiUzQ2JyJTIwJTJGJTNFJTBBJTBBJTBBJTIwJTIwJTNDJTJGZGl2JTNFJTBBJTBBJTNDJTJGZGl2JTNF[\/vc_raw_html][vc_raw_html el_class=&#8221;gg&#8221;]JTNDZGl2JTIwY2xhc3MlM0QlMjJnZy1tYWluLXJlZCUyMiUzRSUwQSUwQSUyMCUyMCUzQ2RpdiUyMGNsYXNzJTNEJTIyZ2ctdW5vLXJlZCUyMiUzRSUwQSUwQSUyMCUyMCUyMCUyMCUzQ2RpdiUyMGNsYXNzJTNEJTIyZ2ctdW5vLXRpdC1yZWQlMjIlM0UlM0NzdHJvbmclM0UxOTYzJTNDJTJGc3Ryb25nJTNFJTNDJTJGZGl2JTNFJTBBJTIwJTIwJTIwJTIwJTNDZGl2JTIwY2xhc3MlM0QlMjJnZy11bm8tYmFyLXJlZCUyMiUzRSUzQyUyRmRpdiUzRSUwQSUyMCUyMCUyMCUyMCUzQ2RpdiUyMGNsYXNzJTNEJTIyZ2ctdW5vLXN1Yi1yZWQlMjIlM0UlQ0UlOTUlQ0UlOUMlQ0UlQTAlQ0UlOUYlQ0UlQTElQ0UlOTklQ0UlOTElMjAlQ0UlOUElQ0UlOTElQ0UlQTUlQ0UlQTMlQ0UlOTklQ0UlOUMlQ0UlQTklQ0UlOUQlMjBCUCUzQyUyRmRpdiUzRSUwQSUyMCUyMCUyMCUyMCUzQ2RpdiUyMGNsYXNzJTNEJTIyZ2ctdW5vLXZlcnRpY2Jhci1yZWQlMjIlM0UlM0MlMkZkaXYlM0UlMEElMjAlMjAlMjAlMjAlMEElMjAlMjAlM0MlMkZkaXYlM0UlMEElMEElMjAlMjAlM0NkaXYlMjBjbGFzcyUzRCUyMmdnLWR1by1yZWQlMjIlM0UlMEElQ0UlODglQ0UlQkQlQ0UlQjElQ0YlODElQ0UlQkUlQ0UlQjclMjAlQ0YlODAlQ0YlODElQ0UlQjElQ0UlQkElQ0YlODQlQ0YlOEMlQ0YlODElQ0UlQjUlQ0YlODUlQ0YlODMlQ0UlQjclQ0YlODIlMjAlQ0UlQjMlQ0UlQjklQ0UlQjElMjAlQ0YlODQlQ0UlQjclQ0UlQkQlMjAlQ0UlQjUlQ0UlQkMlQ0YlODAlQ0UlQkYlQ0YlODElQ0UlQUYlQ0UlQjElMjAlQ0UlQkElQ0UlQjElQ0UlQjklMjAlQ0YlODQlQ0UlQjclMjAlQ0UlQkMlQ0UlQjUlQ0YlODQlQ0UlQjElQ0YlODYlQ0UlQkYlQ0YlODElQ0UlQUMlMjAlQ0UlQkElQ0UlQjElQ0YlODUlQ0YlODMlQ0UlQUYlQ0UlQkMlQ0YlODklQ0UlQkQlMjAlQ0YlODQlQ0UlQjclQ0YlODIlMjBCUCUyQyUyMCVDRSVCQyVDRSVCNSUyMCVDRiU4MyVDRSVCNyVDRSVCQyVDRSVCNSVDRSVBRiVDRSVCRiUyMCVDRSVCMSVDRSVCRCVDRSVCMSVDRiU4NiVDRSVCRiVDRiU4MSVDRSVBQyVDRiU4MiUyMCVDRSVCQSVDRSVCMSVDRSVCOSUyMCVDRSVCNCVDRiU4MSVDRSVBQyVDRiU4MyVDRSVCNyVDRiU4MiUyMCVDRiU4NCVDRSVCNyVDRSVCRCUyMCVDRSU5MSVDRSVCRCVDRSVCMSVDRiU4NCVDRSVCRiVDRSVCQiVDRSVCOSVDRSVCQSVDRSVBRSUyMCVDRSU5QyVDRSVCMSVDRSVCQSVDRSVCNSVDRSVCNCVDRSVCRiVDRSVCRCVDRSVBRiVDRSVCMSUyMCVDRSVCQSVDRSVCMSVDRSVCOSUyMCVDRSU5OCVDRiU4MSVDRSVBQyVDRSVCQSVDRSVCNy4lMjAlM0NiciUyMCUyRiUzRSUwQSUwQSUwQSUyMCUyMCUzQyUyRmRpdiUzRSUwQSUwQSUzQyUyRmRpdiUzRQ==[\/vc_raw_html][vc_raw_html el_class=&#8221;gg&#8221;]JTNDZGl2JTIwY2xhc3MlM0QlMjJnZy1tYWluLXJlZCUyMiUzRSUwQSUwQSUyMCUyMCUzQ2RpdiUyMGNsYXNzJTNEJTIyZ2ctdW5vLXJlZCUyMiUzRSUwQSUwQSUyMCUyMCUyMCUyMCUzQ2RpdiUyMGNsYXNzJTNEJTIyZ2ctdW5vLXRpdC1yZWQlMjIlM0UlM0NzdHJvbmclM0UxOTczJTNDJTJGc3Ryb25nJTNFJTNDJTJGZGl2JTNFJTBBJTIwJTIwJTIwJTIwJTNDZGl2JTIwY2xhc3MlM0QlMjJnZy11bm8tYmFyLXJlZCUyMiUzRSUzQyUyRmRpdiUzRSUwQSUyMCUyMCUyMCUyMCUzQ2RpdiUyMGNsYXNzJTNEJTIyZ2ctdW5vLXN1Yi1yZWQlMjIlM0UlQ0UlOTElQ0UlOUQlQ0UlQTklQ0UlOUQlQ0UlQTUlQ0UlOUMlQ0UlOTclMjAlQ0UlOTUlQ0UlQTQlQ0UlOTElQ0UlOTklQ0UlQTElQ0UlOTUlQ0UlOTklQ0UlOTElM0MlMkZkaXYlM0UlMEElMjAlMjAlMjAlMjAlM0NkaXYlMjBjbGFzcyUzRCUyMmdnLXVuby12ZXJ0aWNiYXItcmVkJTIyJTNFJTNDJTJGZGl2JTNFJTBBJTIwJTIwJTIwJTIwJTBBJTIwJTIwJTNDJTJGZGl2JTNFJTBBJTBBJTIwJTIwJTNDZGl2JTIwY2xhc3MlM0QlMjJnZy1kdW8tcmVkJTIyJTNFJTBBJUNFJTlDJUNFJUI1JUNGJTg0JUNFJUIxJUNGJTg0JUNGJTgxJUNFJUJGJUNGJTgwJUNFJUFFJTIwJUNGJTg0JUNFJUJGJUNGJTg1JTIwc3RhdHVzJTIwJUNGJTg0JUNFJUI3JUNGJTgyJTIwJUNFJUI1JUNGJTg0JUNFJUIxJUNFJUI5JUNGJTgxJUNFJUI1JUNFJUFGJUNFJUIxJUNGJTgyJTIwJUNGJTgzJUNFJUI1JTIwJUNFJTkxJUNFJUJEJUNGJThFJUNFJUJEJUNGJTg1JUNFJUJDJUNFJUI3JTIwJUNFJTk1JUNGJTg0JUNFJUIxJUNFJUI5JUNGJTgxJUNFJUI1JUNFJUFGJUNFJUIxJTJDJTIwJUNFJUJDJUNFJUI1JTIwJUNGJTg0JUNFJUI3JUNFJUJEJTIwJUNFJUI1JUNGJTgwJUNGJTg5JUNFJUJEJUNGJTg1JUNFJUJDJUNFJUFGJUNFJUIxJTIwJUNFJUEzJUNFJUIxJUNFJUJDJUNFJUFEJUNGJTgxJUNFJUJBJUNFJUIxJUNGJTgyJTIwJUNFJTkxLiVDRSU5NS4uJTNDYnIlMjAlMkYlM0UlMEElMEElMEElMjAlMjAlM0MlMkZkaXYlM0UlMEElMEElM0MlMkZkaXYlM0U=[\/vc_raw_html][vc_raw_html el_class=&#8221;gg&#8221;]JTNDZGl2JTIwY2xhc3MlM0QlMjJnZy1tYWluLXJlZCUyMiUzRSUwQSUwQSUyMCUyMCUzQ2RpdiUyMGNsYXNzJTNEJTIyZ2ctdW5vLXJlZCUyMiUzRSUwQSUwQSUyMCUyMCUyMCUyMCUzQ2RpdiUyMGNsYXNzJTNEJTIyZ2ctdW5vLXRpdC1yZWQlMjIlM0UlM0NzdHJvbmclM0UyMDA4JTNDJTJGc3Ryb25nJTNFJTNDJTJGZGl2JTNFJTBBJTIwJTIwJTIwJTIwJTNDZGl2JTIwY2xhc3MlM0QlMjJnZy11bm8tYmFyLXJlZCUyMiUzRSUzQyUyRmRpdiUzRSUwQSUyMCUyMCUyMCUyMCUzQ2RpdiUyMGNsYXNzJTNEJTIyZ2ctdW5vLXN1Yi1yZWQlMjIlM0UlQ0UlOTIlQ0UlQTElQ0UlOTElQ0UlOTIlQ0UlOTUlQ0UlQTUlQ0UlQTMlQ0UlOTclMjAlQ0UlQTMlQ0UlOTElQ0UlOUMlQ0UlOTUlQ0UlQTElQ0UlOUElQ0UlOTElM0MlMkZkaXYlM0UlMEElMjAlMjAlMjAlMjAlM0NkaXYlMjBjbGFzcyUzRCUyMmdnLXVuby12ZXJ0aWNiYXItcmVkJTIyJTNFJTNDJTJGZGl2JTNFJTBBJTIwJTIwJTIwJTIwJTBBJTIwJTIwJTNDJTJGZGl2JTNFJTBBJTBBJTIwJTIwJTNDZGl2JTIwY2xhc3MlM0QlMjJnZy1kdW8tcmVkJTIyJTNFJTBBJUNFJTk3JTIwJUNFJTlFJUNFJUIxJUNFJUJEJUNFJUI4JUNFJUFGJUNGJTgwJUNGJTgwJUNFJUI3JTIwJUNFJUEzJUNFJUIxJUNFJUJDJUNFJUFEJUNGJTgxJUNFJUJBJUNFJUIxJTJDJTIwJUNFJTk0LiVDRSVBMy4lMjAlQ0YlODQlQ0UlQjclQ0YlODIlMjAlQ0UlQjUlQ0YlODQlQ0UlQjElQ0UlQjklQ0YlODElQ0UlQjUlQ0UlQUYlQ0UlQjElQ0YlODIlMkMlMjAlQ0UlQjIlQ0YlODElQ0UlQjElQ0UlQjIlQ0UlQjUlQ0YlOEQlQ0UlQjUlQ0YlODQlQ0UlQjElQ0UlQjklMkMlMjAlQ0UlQjElQ0YlODAlQ0YlOEMlMjAlQ0YlODQlQ0UlQjclQ0UlQkQlMjAlQ0UlQjUlQ0YlODYlQ0UlQjclQ0UlQkMlQ0UlQjUlQ0YlODElQ0UlQUYlQ0UlQjQlQ0UlQjElMjAlRTIlODAlOUMlQ0UlQTQlQ0UlQkYlMjAlQ0UlQTclQ0YlODElQ0UlQUUlQ0UlQkMlQ0UlQjElRTIlODAlOUQlMkMlMjAlQ0YlODklQ0YlODIlMjAlQ0UlQjclMjAlQ0YlODAlQ0UlQjklQ0UlQkYlMjAlQ0UlQjElQ0UlQkUlQ0UlQjklQ0YlOEMlQ0YlODAlQ0UlQjklQ0YlODMlQ0YlODQlQ0UlQjclMjAlQ0UlQjMlQ0YlODUlQ0UlQkQlQ0UlQjElQ0UlQUYlQ0UlQkElQ0UlQjElMjAlQ0UlQjUlQ0YlODAlQ0UlQjklQ0YlODclQ0UlQjUlQ0UlQjklQ0YlODElQ0UlQjclQ0UlQkMlQ0UlQjElQ0YlODQlQ0UlQUYlQ0UlQjElQ0YlODIuJTIwJTNDYnIlMjAlMkYlM0UlMEElMEElMEElMjAlMjAlM0MlMkZkaXYlM0UlMEElMEElM0MlMkZkaXYlM0U=[\/vc_raw_html][vc_raw_html el_class=&#8221;gg&#8221;]JTNDZGl2JTIwY2xhc3MlM0QlMjJnZy1tYWluLXJlZCUyMiUzRSUwQSUwQSUyMCUyMCUzQ2RpdiUyMGNsYXNzJTNEJTIyZ2ctdW5vLXJlZCUyMiUzRSUwQSUwQSUyMCUyMCUyMCUyMCUzQ2RpdiUyMGNsYXNzJTNEJTIyZ2ctdW5vLXRpdC1yZWQlMjIlM0UlM0NzdHJvbmclM0UyMDEwJTIwJTNDJTJGc3Ryb25nJTNFJTNDJTJGZGl2JTNFJTBBJTIwJTIwJTIwJTIwJTNDZGl2JTIwY2xhc3MlM0QlMjJnZy11bm8tYmFyLXJlZCUyMiUzRSUzQyUyRmRpdiUzRSUwQSUyMCUyMCUyMCUyMCUzQ2RpdiUyMGNsYXNzJTNEJTIyZ2ctdW5vLXN1Yi1yZWQlMjIlM0UlQ0UlOTElQ0UlOUQlQ0UlOTElQ0UlQTAlQ0UlQTQlQ0UlQTUlQ0UlOUUlQ0UlOTclMjAlQ0UlOTUuJUNFJUEwLiVDRSU5NS4lM0MlMkZkaXYlM0UlMEElMjAlMjAlMjAlMjAlM0NkaXYlMjBjbGFzcyUzRCUyMmdnLXVuby12ZXJ0aWNiYXItcmVkJTIyJTNFJTNDJTJGZGl2JTNFJTBBJTIwJTIwJTIwJTIwJTBBJTIwJTIwJTNDJTJGZGl2JTNFJTBBJTBBJTIwJTIwJTNDZGl2JTIwY2xhc3MlM0QlMjJnZy1kdW8tcmVkJTIyJTNFJTBBJUNFJTkxJUNFJUJEJUNFJUFDJUNGJTgwJUNGJTg0JUNGJTg1JUNFJUJFJUNFJUI3JTIwJUNGJTg0JUNFJUJGJUNGJTg1JTIwJUNFJUJBJUNFJUJCJUNFJUFDJUNFJUI0JUNFJUJGJUNGJTg1JTIwJUNFJUI1JUNGJTgwJUNFJUFEJUNFJUJEJUNFJUI0JUNGJTg1JUNGJTgzJUNFJUI3JUNGJTgyJTIwJUNGJTgzJUNFJUI1JTIwJUNFJTkxLiVDRSVBMC4lQ0UlOTUuJTJDJTIwJUNFJUJDJUNFJUI1JTIwNSUyMCVDRSVCRiVDRSVCQiVDRSVCRiVDRSVCQSVDRSVCQiVDRSVCNyVDRiU4MSVDRiU4OSVDRSVCQyVDRSVBRCVDRSVCRCVDRSVCMSUyMCVDRSVBRCVDRiU4MSVDRSVCMyVDRSVCMSUyQyUyMCVDRSVBRCVDRiU4OSVDRiU4MiUyMCVDRiU4MyVDRSVBRSVDRSVCQyVDRSVCNSVDRiU4MSVDRSVCMSUyQyUyMCVDRSVCQSVDRSVCMSVDRSVCOSUyMDIlMjAlQ0YlODMlQ0UlQjUlMjAlQ0UlQjUlQ0UlQkUlQ0UlQUQlQ0UlQkIlQ0UlQjklQ0UlQkUlQ0UlQjcuJTNDYnIlMjAlMkYlM0UlMEElMEElMEElMjAlMjAlM0MlMkZkaXYlM0UlMEElMEElM0MlMkZkaXYlM0U=[\/vc_raw_html][vc_raw_html el_class=&#8221;gg&#8221;]JTNDZGl2JTIwY2xhc3MlM0QlMjJnZy1tYWluLXJlZCUyMiUzRSUwQSUwQSUyMCUyMCUzQ2RpdiUyMGNsYXNzJTNEJTIyZ2ctdW5vLXJlZCUyMiUzRSUwQSUwQSUyMCUyMCUyMCUyMCUzQ2RpdiUyMGNsYXNzJTNEJTIyZ2ctdW5vLXRpdC1yZWQlMjIlM0UlM0NzdHJvbmclM0UyMDE4JTNDJTJGc3Ryb25nJTNFJTNDJTJGZGl2JTNFJTBBJTIwJTIwJTIwJTIwJTNDZGl2JTIwY2xhc3MlM0QlMjJnZy11bm8tYmFyLXJlZCUyMiUzRSUzQyUyRmRpdiUzRSUwQSUyMCUyMCUyMCUyMCUzQ2RpdiUyMGNsYXNzJTNEJTIyZ2ctdW5vLXN1Yi1yZWQlMjIlM0UlQ0UlOTElQ0UlOUQlQ0UlOTElQ0UlOUQlQ0UlOTUlQ0UlQTklQ0UlQTMlQ0UlOTclMjAlQ0UlOTUlQ0UlQTAlQ0UlOTklQ0UlOUElQ0UlOUYlQ0UlOTklQ0UlOUQlQ0UlQTklQ0UlOUQlQ0UlOTklQ0UlOTElQ0UlOUElQ0UlOTclQ0UlQTMlMjAlQ0UlQTAlQ0UlOUYlQ0UlOUIlQ0UlOTklQ0UlQTQlQ0UlOTklQ0UlOUElQ0UlOTclQ0UlQTMlM0MlMkZkaXYlM0UlMEElMjAlMjAlMjAlMjAlMEElMjAlMjAlM0MlMkZkaXYlM0UlMEElMEElMjAlMjAlM0NkaXYlMjBjbGFzcyUzRCUyMmdnLWR1by1yZWQlMjIlM0UlMEElQ0UlOTElQ0UlQkQlQ0UlQjElQ0UlQkQlQ0UlQUQlQ0YlODklQ0YlODMlQ0UlQjclMjAlQ0YlODQlQ0UlQjclQ0YlODIlMjAlQ0UlQjUlQ0YlODAlQ0UlQjklQ0UlQkElQ0UlQkYlQ0UlQjklQ0UlQkQlQ0YlODklQ0UlQkQlQ0UlQjklQ0UlQjElQ0UlQkElQ0UlQUUlQ0YlODIlMjAlQ0YlODAlQ0UlQkYlQ0UlQkIlQ0UlQjklQ0YlODQlQ0UlQjklQ0UlQkElQ0UlQUUlQ0YlODIlMjAlQ0YlODQlQ0UlQjclQ0YlODIlMjAlQ0UlQjUlQ0YlODQlQ0UlQjElQ0UlQjklQ0YlODElQ0UlQjUlQ0UlQUYlQ0UlQjElQ0YlODIlMjAlQ0UlQkElQ0UlQjElQ0UlQjklMjAlQ0YlODAlQ0UlQjElQ0YlODElQ0UlQUMlQ0UlQkIlQ0UlQkIlQ0UlQjclQ0UlQkIlQ0UlQjclMjAlQ0UlQjQlQ0UlQjklQ0UlQjUlQ0YlOEQlQ0YlODElQ0YlODUlQ0UlQkQlQ0YlODMlQ0UlQjclMjAlQ0YlODQlQ0UlQkYlQ0YlODUlMjAlQ0UlQjQlQ0UlQjklQ0UlQkElQ0YlODQlQ0YlOEQlQ0UlQkYlQ0YlODUlMjAlQ0YlODQlQ0UlQjclQ0YlODIlMjAlQ0YlODMlQ0YlODQlQ0UlQjclQ0UlQkQlMjAlQ0UlOTElQ0UlQkQlQ0UlQjElQ0YlODQlQ0UlQkYlQ0UlQkIlQ0UlQjklQ0UlQkElQ0UlQUUlMjAlQ0UlOUMlQ0UlQjElQ0UlQkElQ0UlQjUlQ0UlQjQlQ0UlQkYlQ0UlQkQlQ0UlQUYlQ0UlQjElMjAlQ0UlQkElQ0UlQjElQ0UlQjklMjAlQ0UlOTglQ0YlODElQ0UlQUMlQ0UlQkElQ0UlQjclMkMlMjAlQ0UlQkMlQ0UlQjUlMjAlQ0YlODMlQ0YlOEQlQ0UlQkQlQ0UlQkYlQ0UlQkIlQ0UlQkYlMjAxMSUyMCVDRiU4MCVDRiU4MSVDRSVCMSVDRiU4NCVDRSVCNyVDRiU4MSVDRSVBRiVDRiU4OSVDRSVCRC4lMjAlM0NiciUyMCUyRiUzRSUwQSUwQSUwQSUyMCUyMCUzQyUyRmRpdiUzRSUwQSUwQSUzQyUyRmRpdiUzRQ==[\/vc_raw_html][\/vc_column][\/vc_row][vc_row full_width=&#8221;stretch_row_content_no_spaces&#8221; el_class=&#8221;row7&#8243;][vc_column][vc_raw_html]JTNDaWZyYW1lJTIwc3R5bGUlM0QlMjJib3JkZXIlM0ElMjAwJTNCJTIyJTIwc3JjJTNEJTIyaHR0cHMlM0ElMkYlMkZ3d3cuZ29vZ2xlLmNvbSUyRm1hcHMlMkZlbWJlZCUzRnBiJTNEJTIxMW0xOCUyMTFtMTIlMjExbTMlMjExZDEyMDU0LjQ0OTA4NjU1OTc2NSUyMTJkMjQuNDMzMjc4MDg3NTQ0NDElMjEzZDQwLjk0NjE2NDEwNjQ0NTE5NSUyMTJtMyUyMTFmMCUyMTJmMCUyMTNmMCUyMTNtMiUyMTFpMTAyNCUyMTJpNzY4JTIxNGYxMy4xJTIxM20zJTIxMW0yJTIxMXMweDE0YWViYjBjYjI1YmNiNDElMjUzQTB4N2Y5Mzc0OWY4MTQ2Zjg0YSUyMTJ6enFQT2tjNmN6cFhPb2M2YXpwSE9veURPa1M3T2xTNCUyMTVlMCUyMTNtMiUyMTFzZWwlMjEyc2dyJTIxNHYxNTE5MzgwNTQ5NjU5JTIyJTIwd2lkdGglM0QlMjIxMDAlMjUlMjIlMjBoZWlnaHQlM0QlMjI1MjBweCUyMiUyMGZyYW1lYm9yZGVyJTNEJTIyMCUyMiUyMGFsbG93ZnVsbHNjcmVlbiUzRCUyMiUyMiUzRSUzQyUyRmlmcmFtZSUzRQ==[\/vc_raw_html][\/vc_column][\/vc_row][vc_row el_class=&#8221;row8&#8243;][vc_column width=&#8221;1\/4&#8243; el_class=&#8221;trio-left&#8221;][vc_column_text]<\/p>\n<div class=\"mini-title\">Samerkas<\/div>\n<div class=\"big-title\">Akaryak\u0131t \u0130stasyonu a\u011f\u0131<\/div>\n<div class=\"hr-prat\"><\/div>\n<p>[\/vc_column_text][\/vc_column][vc_column width=&#8221;3\/4&#8243; el_class=&#8221;trio-right&#8221;][vc_raw_html]JTNDZGl2JTIwY2xhc3MlM0QlMjJ0cmlhJTIyJTNFJTIwJTBBJTIwJTNDZGl2JTIwY2xhc3MlM0QlMjJ0cmlvJTIyJTNFJTBBJTIwJTIwJTIwJTNDZGl2JTIwY2xhc3MlM0QlMjJ0cmlvLWljbyUyMiUzRSUzQ2ltZyUyMHNyYyUzRCUyMmh0dHBzJTNBJTJGJTJGd3d3LnNhbWVya2FzZW5lcmd5LmdyJTJGd3AtY29udGVudCUyRnVwbG9hZHMlMkYyMDE4JTJGMDIlMkZtYXAtcGluLXZlbnppbmktZ2VuaWtvLTQ0eDY4c2FtZXJrYXMuc3ZnJTIyJTIwd2lkdGglM0QlMjI0NHB4JTIyJTIwaGVpZ2h0JTNEJTIyNjhweCUyMiUzRSUyMCUzQyUyRmRpdiUzRSUwQSUyMCUyMCUyMCUzQ2RpdiUyMGNsYXNzJTNEJTIydHJpby1oZWFkJTIyJTNFQWthcnlhayVDNCVCMXQlMjAlQzQlQjBzdGFzeW9udSUzQyUyRmRpdiUzRSUwQSUyMCUzQyUyRmRpdiUzRSUwQSUyMCUzQ2RpdiUyMGNsYXNzJTNEJTIydHJpbyUyMiUzRSUwQSUyMCUyMCUyMCUzQ2RpdiUyMGNsYXNzJTNEJTIydHJpby1pY28lMjIlM0UlMjAlM0NpbWclMjBzcmMlM0QlMjJodHRwcyUzQSUyRiUyRnd3dy5zYW1lcmthc2VuZXJneS5nciUyRndwLWNvbnRlbnQlMkZ1cGxvYWRzJTJGMjAxOCUyRjAyJTJGbWFwLXBpbi15Z3JhZXJpYS1nZW5pa28tNDR4NjhzYW1lcmthcy5zdmclMjIlMjB3aWR0aCUzRCUyMjQ0cHglMjIlMjBoZWlnaHQlM0QlMjI2OHB4JTIyJTNFJTNDJTJGZGl2JTNFJTBBJTIwJTIwJTIwJTNDZGl2JTIwY2xhc3MlM0QlMjJ0cmlvLWhlYWQlMjIlM0VBa2FyeWFrJUM0JUIxdCUyMCVDNCVCMHN0YXN5b251JTIwJTI4JTJCJTIwT3RvZ2F6JTIwTFBHJTI5JTNDJTJGZGl2JTNFJTBBJTIwJTNDJTJGZGl2JTNFJTBBJTIwJTNDZGl2JTIwY2xhc3MlM0QlMjJ0cmlvJTIyJTNFJTBBJTIwJTIwJTIwJTNDZGl2JTIwY2xhc3MlM0QlMjJ0cmlvLWljbyUyMiUzRSUyMCUzQ2ltZyUyMHNyYyUzRCUyMmh0dHBzJTNBJTJGJTJGd3d3LnNhbWVya2FzZW5lcmd5LmdyJTJGd3AtY29udGVudCUyRnVwbG9hZHMlMkYyMDE4JTJGMDIlMkZtYXAtcGluLWtpbmlzaS1nZW5pa28tNDR4NjhzYW1lcmthcy5zdmclMjIlMjB3aWR0aCUzRCUyMjQ0cHglMjIlMjBoZWlnaHQlM0QlMjI2OHB4JTIyJTNFJTNDJTJGZGl2JTNFJTBBJTIwJTIwJTIwJTNDZGl2JTIwY2xhc3MlM0QlMjJ0cmlvLWhlYWQlMjIlM0VUZXNpcyUyMC0lMjBBa2FyeWFrJUM0JUIxdCUyMG5ha2xpeWF0JUM0JUIxJTNDJTJGZGl2JTNFJTBBJTIwJTNDJTJGZGl2JTNFJTBBJTNDJTJGZGl2JTNF[\/vc_raw_html][vc_column_text css=&#8221;.vc_custom_1554970105601{margin-top: 30px !important;margin-bottom: 30px !important;}&#8221;]S\u00fcrekli b\u00fcy\u00fcme potansiyeliyle, Do\u011fu Makedonya ve Trakya\u2019da tamamen donan\u0131ml\u0131 11 Akaryak\u0131t \u0130stasyonu, \u00fcr\u00fcn kalitesi ve personel deneyimiyle, kapsaml\u0131 hizmetler ve tedarik kapsam\u0131 sunmaktad\u0131r. Amac\u0131m\u0131z, m\u00fc\u015fteri ile do\u011frudan temas kurmay\u0131 ba\u015farmak, ger\u00e7ek ve eksiksiz destek sa\u011flamakt\u0131r.[\/vc_column_text][vc_raw_html css=&#8221;.vc_custom_1538468445898{margin-top: 20px !important;}&#8221;]JTNDZGl2JTIwY2xhc3MlM0QlMjJidXQlMjIlM0UlMEElM0NhJTIwaHJlZiUzRCUyMmh0dHBzJTNBJTJGJTJGd3d3LnNhbWVya2FzZW5lcmd5LmdyJTJGdHIlMkZkaWt0eW8tcHJhdGhyaXduJTJGJTIyJTNFJTBBJTNDZGl2JTIwY2xhc3MlM0QlMjJidXR0b24tZXh0cmElMjIlM0UlMEElMjAlMjAlM0NkaXYlMjBjbGFzcyUzRCUyMmJ1dC10eHQlMjIlM0VFbiUyMHlhayVDNCVCMW4lMjBoaXptZXQlMjAlM0NzcGFuJTIwc3R5bGUlM0QlMjJmb250LXdlaWdodCUzQTYwMCUzQiUyMiUzRWlzdGFzeW9udW51JTIwYnVsdW4lM0MlMkZzcGFuJTNFJTNDJTJGZGl2JTNFJTBBJTIwJTIwJTNDZGl2JTIwY2xhc3MlM0QlMjJidXQtYXJyb3ctZXh0cmElMjIlM0UlM0NpbWclMjBzcmMlM0QlMjJodHRwcyUzQSUyRiUyRnd3dy5zYW1lcmthc2VuZXJneS5nciUyRndwLWNvbnRlbnQlMkZ1cGxvYWRzJTJGMjAxOCUyRjAyJTJGYXJyb3ctOTR4MTMuc3ZnJTIyJTIwd2lkdGglM0QlMjI5NHB4JTIyJTIwaGVpZ2h0JTNEJTIyMTNweCUyMiUzRSUyMCUzQyUyRmRpdiUzRSUwQSUzQyUyRmRpdiUzRSUzQyUyRmElM0UlMEElM0MlMkZkaXYlM0U=[\/vc_raw_html][\/vc_column][\/vc_row]<\/p>\n","protected":false},"excerpt":{"rendered":"<p>[vc_row full_width=&#8221;stretch_row_content_no_spaces&#8221; el_class=&#8221;row1&#8243;][vc_column el_class=&#8221;colrow1&#8243;][vc_row_inner][vc_column_inner][rev_slider_vc alias=&#8221;etairia&#8221;][\/vc_column_inner][\/vc_row_inner][\/vc_column][\/vc_row][vc_row el_class=&#8221;row-2&#8243;][vc_column width=&#8221;1\/3&#8243; el_class=&#8221;col1&#8243;][vc_column_text] \u015eirket Profili [\/vc_column_text][vc_column_text el_class=&#8221;main-par&#8221;]Samerkas SA, b\u00fct\u00fcn\u00fcyle bir Yunan \u015firketidir ve Yunan petrol pazar\u0131ndaki en \u00f6nemli isimlerden biridir. \u015eirket, mevcut yap\u0131s\u0131 ve bi\u00e7imiyle faaliyetine 1973 y\u0131l\u0131nda ba\u015flad\u0131 ancak 1951 y\u0131l\u0131ndan itibaren S. Samerakas &amp; Co. markas\u0131 alt\u0131nda petrol \u00fcr\u00fcnleri ve ya\u011f ticareti alan\u0131nda etkin oldu.[\/vc_column_text][\/vc_column][vc_column width=&#8221;1\/3&#8243; el_class=&#8221;col2&#8243;][vc_column_text el_class=&#8221;main-par&#8221;]Samerkas [&hellip;]<\/p>\n","protected":false},"author":2,"featured_media":1953,"parent":0,"menu_order":0,"comment_status":"closed","ping_status":"closed","template":"","meta":{"_monsterinsights_skip_tracking":false,"_monsterinsights_sitenote_active":false,"_monsterinsights_sitenote_note":"","_monsterinsights_sitenote_category":0},"acf":[],"aioseo_notices":[],"_links":{"self":[{"href":"https:\/\/samerkasenergy.gr\/tr\/wp-json\/wp\/v2\/pages\/1951"}],"collection":[{"href":"https:\/\/samerkasenergy.gr\/tr\/wp-json\/wp\/v2\/pages"}],"about":[{"href":"https:\/\/samerkasenergy.gr\/tr\/wp-json\/wp\/v2\/types\/page"}],"author":[{"embeddable":true,"href":"https:\/\/samerkasenergy.gr\/tr\/wp-json\/wp\/v2\/users\/2"}],"replies":[{"embeddable":true,"href":"https:\/\/samerkasenergy.gr\/tr\/wp-json\/wp\/v2\/comments?post=1951"}],"version-history":[{"count":0,"href":"https:\/\/samerkasenergy.gr\/tr\/wp-json\/wp\/v2\/pages\/1951\/revisions"}],"wp:featuredmedia":[{"embeddable":true,"href":"https:\/\/samerkasenergy.gr\/tr\/wp-json\/wp\/v2\/media\/1953"}],"wp:attachment":[{"href":"https:\/\/samerkasenergy.gr\/tr\/wp-json\/wp\/v2\/media?parent=1951"}],"curies":[{"name":"wp","href":"https:\/\/api.w.org\/{rel}","templated":true}]}}