{"id":1959,"date":"2018-02-05T11:09:21","date_gmt":"2018-02-05T11:09:21","guid":{"rendered":"https:\/\/samerkasenergy.gr\/kausima\/"},"modified":"2019-04-11T11:39:03","modified_gmt":"2019-04-11T08:39:03","slug":"kausima","status":"publish","type":"page","link":"https:\/\/samerkasenergy.gr\/tr\/kausima\/","title":{"rendered":"\u039a\u0391\u03a5\u03a3\u0399\u039c\u0391"},"content":{"rendered":"<p>[vc_row full_width=&#8221;stretch_row_content_no_spaces&#8221; el_class=&#8221;row1&#8243;][vc_column el_class=&#8221;colrow1&#8243;][vc_row_inner][vc_column_inner][\/vc_column_inner][\/vc_row_inner][vc_row_inner el_class=&#8221;main-bg&#8221; el_id=&#8221;main-bg&#8221;][vc_column_inner el_class=&#8221;bp-bg&#8221; width=&#8221;1\/2&#8243;][vc_single_image image=&#8221;1261&#8243; img_size=&#8221;full&#8221; el_class=&#8221;bp-img&#8221;][\/vc_column_inner][vc_column_inner el_class=&#8221;merc-bg&#8221; width=&#8221;1\/2&#8243;][\/vc_column_inner][\/vc_row_inner][\/vc_column][\/vc_row][vc_row el_class=&#8221;row-2&#8243;][vc_column width=&#8221;1\/3&#8243; el_class=&#8221;col1&#8243;][vc_column_text]<\/p>\n<div class=\"mini-title\">BP<\/div>\n<div class=\"big-title\">Akaryak\u0131t<\/div>\n<div class=\"hr\"><\/div>\n<p>[\/vc_column_text][vc_column_text el_class=&#8221;main-par&#8221;]BP\u2019nin \u00f6zel orta\u011f\u0131 ve Yunanistan&#8217;da en eski \u015firketlerden biri olmak, yaln\u0131zca bir ad\u0131n\u0131z ve tedarik\u00e7iniz olmas\u0131 anlam\u0131na gelmez, ayr\u0131ca t\u00fcm felsefeyi de sahiplendi\u011finiz anlam\u0131na gelir. Samerkas SA\u2019n\u0131n amac\u0131, BP\u2019nin insan merkezli fikirleriyle olu\u015fturulan,<br \/>\nen iyi kalitede akaryak\u0131t\u0131 sunmakt\u0131r.<br \/>\n[\/vc_column_text][\/vc_column][vc_column width=&#8221;1\/3&#8243; el_class=&#8221;col2&#8243;][vc_column_text el_class=&#8221;main-par&#8221;]\u00dcretimdeki teknolojik inovasyondan ge\u00e7erli akaryak\u0131t teknolojilerindeki t\u00fcm inovasyona; akaryak\u0131t \u00fcr\u00fcnlerimiz kendi d\u00f6rt noktal\u0131 felsefesini edinmi\u015ftir: \u0130stikrarl\u0131 Performans, T\u00fcketim Optimizasyonu, Motor Koruma, Garanti Edilen Kalite.[\/vc_column_text][\/vc_column][vc_column width=&#8221;1\/3&#8243; el_class=&#8221;col3&#8243;][vc_column_text el_class=&#8221;main-par&#8221;]Samerkas SA t\u00fcketicilere mevcut her t\u00fcrde akaryak\u0131t\u0131 tedarik etmektedir b\u00f6ylece t\u00fcketiciler kendi ara\u00e7 \u00f6zelliklerinin yan\u0131 s\u0131ra s\u00fcr\u00fc\u015f tarzlar\u0131na g\u00f6re de en uygun \u00fcr\u00fcn\u00fc se\u00e7ebilmektedirler.[\/vc_column_text][\/vc_column][\/vc_row][vc_row full_width=&#8221;stretch_row_content_no_spaces&#8221; el_class=&#8221;row3&#8243;][vc_column][vc_row_inner][vc_column_inner el_class=&#8221;ggcol1&#8243; width=&#8221;1\/3&#8243;][vc_raw_html css=&#8221;.vc_custom_1538393049098{margin-top: 20px !important;}&#8221;]JTNDZGl2JTIwY2xhc3MlM0QlMjJlaWtvbmlkaWElMjIlM0UlMEElMjAlM0NpbWclMjBzcmMlM0QlMjJodHRwcyUzQSUyRiUyRnd3dy5zYW1lcmthc2VuZXJneS5nciUyRndwLWNvbnRlbnQlMkZ1cGxvYWRzJTJGMjAxOCUyRjAyJTJGc3RhZ29uYS03MHg2MC1naWEta2F5c2ltYXNhbWVya2FzLnN2ZyUyMiUyMHdpZHRoJTNEJTIyNzBweCUyMiUyMGhlaWdodCUzRCUyMjYwcHglMjIlM0UlMEElM0MlMkZkaXYlM0U=[\/vc_raw_html][vc_column_text el_class=&#8221;heads&#8221;]<\/p>\n<div class=\"eikonidia-heads\">Benzin<\/div>\n<p>[\/vc_column_text][vc_column_text el_class=&#8221;trio-let&#8221;]Bu kategoride iki yeni Benzin t\u00fcr\u00fc, BP Kur\u015funsuz 95 ve BP Ultimate Kur\u015funsuz 100, mevcuttur. Yeni ACTIVE teknolojisinin eklenmesiyle g\u00fc\u00e7lendirilen \u00fcr\u00fcnler, motoru zararl\u0131 kirletici maddelerden korumakta ve temizlemektedir.[\/vc_column_text][\/vc_column_inner][vc_column_inner el_class=&#8221;ggcol2&#8243; width=&#8221;1\/3&#8243;][vc_raw_html css=&#8221;.vc_custom_1525859950843{margin-top: 20px !important;}&#8221;]JTNDZGl2JTIwY2xhc3MlM0QlMjJlaWtvbmlkaWElMjIlM0UlMEElMjAlM0NpbWclMjBzcmMlM0QlMjJodHRwcyUzQSUyRiUyRnd3dy5zYW1lcmthc2VuZXJneS5nciUyRndwLWNvbnRlbnQlMkZ1cGxvYWRzJTJGMjAxOCUyRjAyJTJGZGllc2VsLTcweDYwLWdpYS1rYXlzaW1hc2FtZXJrYXMuc3ZnJTIyJTIwd2lkdGglM0QlMjI3MHB4JTIyJTIwaGVpZ2h0JTNEJTIyNjBweCUyMiUzRSUwQSUzQyUyRmRpdiUzRQ==[\/vc_raw_html][vc_column_text el_class=&#8221;heads&#8221;]<\/p>\n<div class=\"eikonidia-heads\">Dizel<\/div>\n<p>[\/vc_column_text][vc_column_text el_class=&#8221;trio-let&#8221;]Bu kategoride iki Dizel t\u00fcr\u00fc, Super Diesel ve Ultimate Diesel, \u00fcst\u00fcn kalitede performans\u0131n yan\u0131 s\u0131ra ayr\u0131ca arac\u0131n\u0131z\u0131n dizel motoru i\u00e7in \u00fcst d\u00fczey bak\u0131m sa\u011flamaktad\u0131r.[\/vc_column_text][\/vc_column_inner][vc_column_inner el_class=&#8221;ggcol3&#8243; width=&#8221;1\/3&#8243;][vc_raw_html css=&#8221;.vc_custom_1525859956475{margin-top: 20px !important;}&#8221;]JTNDZGl2JTIwY2xhc3MlM0QlMjJlaWtvbmlkaWElMjIlM0UlMEElMjAlM0NpbWclMjBzcmMlM0QlMjJodHRwcyUzQSUyRiUyRnd3dy5zYW1lcmthc2VuZXJneS5nciUyRndwLWNvbnRlbnQlMkZ1cGxvYWRzJTJGMjAxOCUyRjAyJTJGYWVyaW8ta2luaXNpLTcweDYwLWdpYS1rYXlzaW1hc2FtZXJrYXMuc3ZnJTIyJTIwd2lkdGglM0QlMjI3MHB4JTIyJTIwaGVpZ2h0JTNEJTIyNjBweCUyMiUzRSUwQSUzQyUyRmRpdiUzRQ==[\/vc_raw_html][vc_column_text el_class=&#8221;heads&#8221;]<\/p>\n<div class=\"eikonidia-heads\">Gaz<\/div>\n<p>[\/vc_column_text][vc_column_text el_class=&#8221;trio-let&#8221;]LPG kategorisinde Otogaz (LPG), motoru korumak ve performans\u0131n\u0131 optimize etmek amac\u0131yla \u201cak\u0131ll\u0131 kar\u0131\u015f\u0131m\u0131\u201d kullanan s\u0131n\u0131f\u0131n\u0131n en iyi propan ve b\u00fctan kar\u0131\u015f\u0131m\u0131d\u0131r.[\/vc_column_text][\/vc_column_inner][\/vc_row_inner][\/vc_column][\/vc_row][vc_row el_class=&#8221;row4&#8243;][vc_column width=&#8221;1\/4&#8243; el_class=&#8221;ff-left&#8221;][vc_column_text]<\/p>\n<div class=\"mini-title\">Mevcut<\/div>\n<div class=\"big-title\">\u00dcr\u00fcnler<\/div>\n<div class=\"hr\"><\/div>\n<p>[\/vc_column_text][\/vc_column][vc_column width=&#8221;3\/4&#8243; el_class=&#8221;ff-right&#8221;][vc_column_text el_class=&#8221;main-par&#8221;]Sorunsuz i\u015fleyi\u015fine katk\u0131da bulunarak ve hasar riskini azaltarak, motor performans\u0131n\u0131 korumak ve maksimize etmek i\u00e7in kendi arac\u0131n\u0131z i\u00e7in en iyi akaryak\u0131t t\u00fcr\u00fcn\u00fc se\u00e7in ve BP\u2019nin teknolojisinden ve garanti edilen \u00fcr\u00fcn kalitesinden yararlan\u0131n.[\/vc_column_text][\/vc_column][\/vc_row][vc_row el_class=&#8221;row5&#8243; el_id=&#8221;prods&#8221;][vc_column width=&#8221;1\/3&#8243; el_class=&#8221;prod-bg&#8221;][vc_single_image image=&#8221;1119&#8243; img_size=&#8221;full&#8221;][vc_raw_html]JTNDZGl2JTIwY2xhc3MlM0QlMjJwcm9kcyUyMiUzRSUwQSUyMCUyMCUzQ2RpdiUyMGNsYXNzJTNEJTIycHJvZHMtaGVhZCUyMiUzRUt1ciVDNSU5RnVuc3V6JTIwOTUlM0MlMkZkaXYlM0UlMEElMjAlMjAlM0NkaXYlMjBjbGFzcyUzRCUyMnByb2RzLXR4dCUyMiUzRUFDVElWRSUyMHRla25vbG9qaXNpeWxlJTIwbW90b3IlMjBrb3J1bWFzJUM0JUIxbiVDNCVCMSUyMGtpcmxldGljaSUyMG1hZGRlbGVyZSUyMGthciVDNSU5RiVDNCVCMSUyMG1ha3NpbWl6ZSUyMGV0bWVrJTIwaSVDMyVBN2luLiUzQyUyRmRpdiUzRSUwQSUyMCUyMCUzQ2RpdiUyMGNsYXNzJTNEJTIydGlja3MlMjIlM0UlMEElMjAlMjAlMjAlMjAlM0NkaXYlMjBjbGFzcyUzRCUyMnRpY2tzLTElMjIlM0UlM0NzdHJvbmclM0VLYXRlZ29yaSUzQSUzQyUyRnN0cm9uZyUzRSUyMEt1ciVDNSU5RnVuc3V6JTIwYmVuemluJTNDJTJGZGl2JTNFJTBBJTIwJTIwJTIwJTIwJTNDZGl2JTIwY2xhc3MlM0QlMjJ0aWNrcy0xJTIyJTNFJTNDc3Ryb25nJTNFJUMzJTlDcmV0aWNpJTNBJTNDJTJGc3Ryb25nJTNFJTIwQlAlM0MlMkZkaXYlM0UlMEElMjAlMjAlMjAlMjAlM0NkaXYlMjBjbGFzcyUzRCUyMnRpY2tzLTElMjIlM0UlM0NzdHJvbmclM0VVeWd1bmx1ayUzQSUzQyUyRnN0cm9uZyUzRSUyMCVDMyVCNnplbCUyMHZlJTIwcHJvZmVzeW9uZWwlMjBiZW56aW4lMjBrdWxsYW4lQzQlQjFtJUM0JUIxJTNDJTJGZGl2JTNFJTBBJTIwJTIwJTIwJTIwJTNDZGl2JTIwY2xhc3MlM0QlMjJ0aWNrcy0xJTIyJTNFJTNDc3Ryb25nJTNFVGVrbm9sb2ppJTNBJTNDJTJGc3Ryb25nJTNFJTIwQlAlRTIlODAlOTluaW4lMjBBQ1RJVkUlMjB0ZWtub2xvamlzaSUzQyUyRmRpdiUzRSUwQSUyMCUyMCUyMCUyMCUzQ2RpdiUyMGNsYXNzJTNEJTIydGlja3MtMSUyMiUzRSUzQ3N0cm9uZyUzRSVDMyU5NnplbGxpa2xlciUzQSUzQyUyRnN0cm9uZyUzRSUyMEhlciUyMGRvbHVtJTIwaSVDMyVBN2luJTIwZGFoYSUyMGZhemxhJTIwa2lsb21ldHJlJTIwcGVyZm9ybWFucyVDNCVCMSUyQyUyME1vdG9yJTIwa29ydW1hJTJDJTIwRGFoYSUyMFl1bXUlQzUlOUZhayUyMHMlQzMlQkNyJUMzJUJDJUM1JTlGJTIwZGF2cmFuJUM0JUIxJUM1JTlGJUM0JUIxJTJDJTIwQXphbHQlQzQlQjFsbSVDNCVCMSVDNSU5RiUyMGFyJUM0JUIxemElMjBvbGFzJUM0JUIxbCVDNCVCMSVDNCU5RiVDNCVCMS4lM0MlMkZkaXYlM0UlMEElMjAlMjAlM0MlMkZkaXYlM0UlMEElM0MlMkZkaXYlM0U=[\/vc_raw_html][vc_raw_html css=&#8221;.vc_custom_1538471905894{margin-top: 25px !important;}&#8221; el_class=&#8221;but-prod&#8221;]JTNDZGl2JTIwY2xhc3MlM0QlMjJidXQlMjIlM0UlMEElM0NhJTIwaHJlZiUzRCUyMmh0dHBzJTNBJTJGJTJGd3d3LmJwLmNvbSUyRmVuX2diJTJGYnAtcGx1cyUyRnVrJTJGd2h5LWJwJTJGZnVlbC1leHBlcnRpc2UlMkZ1bHRpbWF0ZS11bmxlYWRlZC5odG1sJTIyJTIwdGFyZ2V0JTNEJTIyX2JsYW5rJTIyJTNFJTBBJTNDZGl2JTIwY2xhc3MlM0QlMjJidXR0b24tc21hbGwlMjIlM0UlMEElMjAlMjAlM0NkaXYlMjBjbGFzcyUzRCUyMmJ1dC10eHQtc20lMjIlM0VEYWhhJTIwZmF6bGElM0MlMkZkaXYlM0UlMEElMjAlMjAlM0NkaXYlMjBjbGFzcyUzRCUyMmJ1dC1hcnJvdy1zbSUyMiUzRSUzQ2ltZyUyMHNyYyUzRCUyMmh0dHBzJTNBJTJGJTJGd3d3LnNhbWVya2FzZW5lcmd5LmdyJTJGd3AtY29udGVudCUyRnVwbG9hZHMlMkYyMDE4JTJGMDIlMkZhcnJvdy02MXgxMi5zdmclMjIlMjB3aWR0aCUzRCUyMjYxcHglMjIlMjBoZWlnaHQlM0QlMjIxMnB4JTIyJTNFJTIwJTNDJTJGZGl2JTNFJTBBJTNDJTJGZGl2JTNFJTNDJTJGYSUzRSUwQSUzQyUyRmRpdiUzRQ==[\/vc_raw_html][\/vc_column][vc_column width=&#8221;1\/3&#8243; el_class=&#8221;prod-bg&#8221;][vc_single_image image=&#8221;316&#8243; img_size=&#8221;full&#8221;][vc_raw_html]JTNDZGl2JTIwY2xhc3MlM0QlMjJwcm9kcyUyMiUzRSUwQSUyMCUyMCUzQ2RpdiUyMGNsYXNzJTNEJTIycHJvZHMtaGVhZCUyMiUzRVVsdGltYXRlJTIwS3VyJUM1JTlGdW5zdXolMjAxMDAlM0MlMkZkaXYlM0UlMEElMjAlMjAlM0NkaXYlMjBjbGFzcyUzRCUyMnByb2RzLXR4dCUyMiUzRUFDVElWRSUyMHRla25vbG9qaXNpJTJDJTIwdGVtaXolMjBiZW56aW5saSUyMG1vdG9ybGFyJTIwaSVDMyVBN2luJTIwZW4lMjBpeWklMjBha2FyeWFrJUM0JUIxdCUyMHNlJUMzJUE3ZW5lJUM0JTlGaWRpci4lM0MlMkZkaXYlM0UlMEElMjAlMjAlM0NkaXYlMjBjbGFzcyUzRCUyMnRpY2tzJTIyJTNFJTBBJTIwJTIwJTIwJTIwJTNDZGl2JTIwY2xhc3MlM0QlMjJ0aWNrcy0xJTIyJTNFJTNDc3Ryb25nJTNFS2F0ZWdvcmklM0ElM0MlMkZzdHJvbmclM0UlMjBLdXIlQzUlOUZ1bnN1eiUyMGJlbnppbiUzQyUyRmRpdiUzRSUwQSUyMCUyMCUyMCUyMCUzQ2RpdiUyMGNsYXNzJTNEJTIydGlja3MtMSUyMiUzRSUzQ3N0cm9uZyUzRSVDMyU5Q3JldGljaSUzQSUzQyUyRnN0cm9uZyUzRSUyMEJQJTNDJTJGZGl2JTNFJTBBJTIwJTIwJTIwJTIwJTNDZGl2JTIwY2xhc3MlM0QlMjJ0aWNrcy0xJTIyJTNFJTNDc3Ryb25nJTNFVXlndW5sdWslM0ElM0MlMkZzdHJvbmclM0UlMjAlQzMlQjZ6ZWwlMjB2ZSUyMHByb2Zlc3lvbmVsJTIwYmVuemluJTIwa3VsbGFuJUM0JUIxbSVDNCVCMSUzQyUyRmRpdiUzRSUwQSUyMCUyMCUyMCUyMCUzQ2RpdiUyMGNsYXNzJTNEJTIydGlja3MtMSUyMiUzRSUzQ3N0cm9uZyUzRVRla25vbG9qaSUzQSUzQyUyRnN0cm9uZyUzRSUyMEJQJUUyJTgwJTk5bmluJTIwQUNUSVZFJTIwdGVrbm9sb2ppc2klM0MlMkZkaXYlM0UlMEElMjAlMjAlMjAlMjAlM0NkaXYlMjBjbGFzcyUzRCUyMnRpY2tzLTElMjIlM0UlM0NzdHJvbmclM0UlQzMlOTZ6ZWxsaWtsZXIlM0ElM0MlMkZzdHJvbmclM0UlMjBNYWtzaW11bSUyMHBlcmZvcm1hbnMlMkMlMjBIZXIlMjBkb2x1bSUyMGklQzMlQTdpbiUyMGF6YW1pJTIwNDYlMjBraWxvbWV0cmUlMjBkYWhhJTIwZmF6bGElMjBwZXJmb3JtYW5zJTJDJTIwTW90b3IlMjBrb3J1bWElMkMlMjBEYWhhJTIwWXVtdSVDNSU5RmFrJTIwcyVDMyVCQ3IlQzMlQkMlQzUlOUYlMjBkYXZyYW4lQzQlQjElQzUlOUYlQzQlQjElMkMlMjBBemFsdCVDNCVCMWxtJUM0JUIxJUM1JTlGJTIwYXIlQzQlQjF6YSUyMG9sYXMlQzQlQjFsJUM0JUIxJUM0JTlGJUM0JUIxLiUzQyUyRmRpdiUzRSUwQSUyMCUyMCUzQyUyRmRpdiUzRSUwQSUzQyUyRmRpdiUzRQ==[\/vc_raw_html][vc_raw_html css=&#8221;.vc_custom_1538471957765{margin-top: 25px !important;}&#8221; el_class=&#8221;but-prod&#8221;]JTNDZGl2JTIwY2xhc3MlM0QlMjJidXQlMjIlM0UlMEElM0NhJTIwaHJlZiUzRCUyMmh0dHBzJTNBJTJGJTJGd3d3LmJwLmNvbSUyRmVuX2diJTJGYnAtcGx1cyUyRnVrJTJGd2h5LWJwJTJGZnVlbC1leHBlcnRpc2UlMkZ1bHRpbWF0ZS11bmxlYWRlZC5odG1sJTIyJTIwdGFyZ2V0JTNEJTIyX2JsYW5rJTIyJTNFJTBBJTNDZGl2JTIwY2xhc3MlM0QlMjJidXR0b24tc21hbGwlMjIlM0UlMEElMjAlMjAlM0NkaXYlMjBjbGFzcyUzRCUyMmJ1dC10eHQtc20lMjIlM0VEYWhhJTIwZmF6bGElM0MlMkZkaXYlM0UlMEElMjAlMjAlM0NkaXYlMjBjbGFzcyUzRCUyMmJ1dC1hcnJvdy1zbSUyMiUzRSUzQ2ltZyUyMHNyYyUzRCUyMmh0dHBzJTNBJTJGJTJGd3d3LnNhbWVya2FzZW5lcmd5LmdyJTJGd3AtY29udGVudCUyRnVwbG9hZHMlMkYyMDE4JTJGMDIlMkZhcnJvdy02MXgxMi5zdmclMjIlMjB3aWR0aCUzRCUyMjYxcHglMjIlMjBoZWlnaHQlM0QlMjIxMnB4JTIyJTNFJTIwJTNDJTJGZGl2JTNFJTBBJTNDJTJGZGl2JTNFJTNDJTJGYSUzRSUwQSUzQyUyRmRpdiUzRQ==[\/vc_raw_html][\/vc_column][vc_column width=&#8221;1\/3&#8243; el_class=&#8221;prod-bg&#8221;][vc_single_image image=&#8221;1117&#8243; img_size=&#8221;full&#8221;][vc_raw_html]JTNDZGl2JTIwY2xhc3MlM0QlMjJwcm9kcyUyMiUzRSUwQSUyMCUyMCUzQ2RpdiUyMGNsYXNzJTNEJTIycHJvZHMtaGVhZCUyMiUzRU90b2dheiUyMCUyOExQRyUyOSUzQyUyRmRpdiUzRSUwQSUyMCUyMCUzQ2RpdiUyMGNsYXNzJTNEJTIycHJvZHMtdHh0JTIyJTNFRW4lMjBpeWklMjBha2FyeWFrJUM0JUIxdCUyMHRla25vbG9qaXNpbmRlJTIwQlAlMjBvbmF5JUM0JUIxJTIwaWxlJTIwTFBHJTIwZ2F6ZGElMjBlbiUyMGl5aSUyMHNlJUMzJUE3aW0uJTNDJTJGZGl2JTNFJTBBJTIwJTIwJTNDZGl2JTIwY2xhc3MlM0QlMjJ0aWNrcyUyMiUzRSUwQSUyMCUyMCUyMCUyMCUzQ2RpdiUyMGNsYXNzJTNEJTIydGlja3MtMSUyMiUzRSUzQ3N0cm9uZyUzRUthdGVnb3JpJTNBJTNDJTJGc3Ryb25nJTNFJTIwT3RvZ2F6JTNDJTJGZGl2JTNFJTBBJTIwJTIwJTIwJTIwJTNDZGl2JTIwY2xhc3MlM0QlMjJ0aWNrcy0xJTIyJTNFJTNDc3Ryb25nJTNFJUMzJTlDcmV0aWNpJTNBJTNDJTJGc3Ryb25nJTNFJTIwQlAlM0MlMkZkaXYlM0UlMEElMjAlMjAlMjAlMjAlM0NkaXYlMjBjbGFzcyUzRCUyMnRpY2tzLTElMjIlM0UlM0NzdHJvbmclM0VVeWd1bmx1ayUzQSUzQyUyRnN0cm9uZyUzRSUyMCVDMyVCNnplbCUyMHZlJTIwcHJvZmVzeW9uZWwlMjBzJUM0JUIxdiVDNCVCMWxhJUM1JTlGdCVDNCVCMXIlQzQlQjFsbSVDNCVCMSVDNSU5RiUyMHBldHJvbCUyMGdheiVDNCVCMSUyMGt1bGxhbiVDNCVCMW0lQzQlQjElMjAlM0MlMkZkaXYlM0UlMEElMjAlMjAlMjAlMjAlM0NkaXYlMjBjbGFzcyUzRCUyMnRpY2tzLTElMjIlM0UlM0NzdHJvbmclM0VUZWtub2xvamklM0ElM0MlMkZzdHJvbmclM0UlMjBQcm9wYW4lMjB2ZSUyMGIlQzMlQkN0YW4lQzQlQjFuJTIwYWslQzQlQjFsbCVDNCVCMSUyMGthciVDNCVCMSVDNSU5RiVDNCVCMW0lQzQlQjElMjAlM0MlMkZkaXYlM0UlMEElMjAlMjAlMjAlMjAlM0NkaXYlMjBjbGFzcyUzRCUyMnRpY2tzLTElMjIlM0UlM0NzdHJvbmclM0UlQzMlOTZ6ZWxsaWtsZXIlM0ElM0MlMkZzdHJvbmclM0UlMjBQcm9wYW4lMjBnYXolQzQlQjFuJUM0JUIxbiUyMHZlJTIwYiVDMyVCQ3RhbiUyMGdheiVDNCVCMW4lQzQlQjFuJTIwbSVDMyVCQ2tlbW1lbCUyMGthciVDNCVCMSVDNSU5RiVDNCVCMW0lMjBvcmFuJUM0JUIxJTIwaWxlJTIwcyVDNCVCMWNhayUyMHZlJTIwc28lQzQlOUZ1ayUyMGclQzMlQkNubGVyZGUlMjBtJUMzJUJDa2VtbWVsJTIwbW90b3IlMjBpJUM1JTlGbGV5aSVDNSU5RmkuJTNDJTJGZGl2JTNFJTBBJTIwJTIwJTNDJTJGZGl2JTNFJTBBJTNDJTJGZGl2JTNF[\/vc_raw_html][vc_raw_html css=&#8221;.vc_custom_1538471942655{margin-top: 25px !important;}&#8221; el_class=&#8221;but-prod&#8221;]JTNDZGl2JTIwY2xhc3MlM0QlMjJidXQlMjIlM0UlMEElM0NhJTIwaHJlZiUzRCUyMmh0dHBzJTNBJTJGJTJGd3d3LmJwLmNvbSUyRmVuX2diJTJGYnAtcGx1cyUyRnVrJTJGd2h5LWJwJTJGZnVlbC1leHBlcnRpc2UlMkZhdXRvZ2FzLmh0bWwlMjIlMjB0YXJnZXQlM0QlMjJfYmxhbmslMjIlM0UlMEElM0NkaXYlMjBjbGFzcyUzRCUyMmJ1dHRvbi1zbWFsbCUyMiUzRSUwQSUyMCUyMCUzQ2RpdiUyMGNsYXNzJTNEJTIyYnV0LXR4dC1zbSUyMiUzRURhaGElMjBmYXpsYSUzQyUyRmRpdiUzRSUwQSUyMCUyMCUzQ2RpdiUyMGNsYXNzJTNEJTIyYnV0LWFycm93LXNtJTIyJTNFJTNDaW1nJTIwc3JjJTNEJTIyaHR0cHMlM0ElMkYlMkZ3d3cuc2FtZXJrYXNlbmVyZ3kuZ3IlMkZ3cC1jb250ZW50JTJGdXBsb2FkcyUyRjIwMTglMkYwMiUyRmFycm93LTYxeDEyLnN2ZyUyMiUyMHdpZHRoJTNEJTIyNjFweCUyMiUyMGhlaWdodCUzRCUyMjEycHglMjIlM0UlMjAlM0MlMkZkaXYlM0UlMEElM0MlMkZkaXYlM0UlM0MlMkZhJTNFJTBBJTNDJTJGZGl2JTNF[\/vc_raw_html][\/vc_column][\/vc_row][vc_row el_class=&#8221;row6&#8243; el_id=&#8221;prods&#8221;][vc_column width=&#8221;1\/3&#8243; el_class=&#8221;prod-bg&#8221;][vc_single_image image=&#8221;1219&#8243; img_size=&#8221;full&#8221;][vc_raw_html]JTNDZGl2JTIwY2xhc3MlM0QlMjJwcm9kcyUyMiUzRSUwQSUyMCUyMCUzQ2RpdiUyMGNsYXNzJTNEJTIycHJvZHMtaGVhZCUyMiUzRVN1cGVyJTIwRGllc2VsJTNDJTJGZGl2JTNFJTBBJTIwJTIwJTNDZGl2JTIwY2xhc3MlM0QlMjJwcm9kcy10eHQlMjIlM0VTdXBlciUyQyUyMGJpeiUyMCVFMiU4MCU5Q2FrJUM0JUIxbGwlQzQlQjElRTIlODAlOUQlMjBkaXlvcnV6JTJDJTIwbW90b3J1biUyMGVuJTIweSVDMyVCQ2tzZWslMjBwZXJmb3JtYW5zJUM0JUIxJTIwdmUlMjBrb3J1bm1hcyVDNCVCMSUyMGklQzMlQTdpbiUyMEFDVElWRSUyMHRla25vbG9qaXNpJTIwaWxlJTIwZyVDMyVCQyVDMyVBN2xlbmRpcmlsbWklQzUlOUZ0aXIuJTNDJTJGZGl2JTNFJTBBJTIwJTIwJTNDZGl2JTIwY2xhc3MlM0QlMjJ0aWNrcyUyMiUzRSUwQSUyMCUyMCUyMCUyMCUzQ2RpdiUyMGNsYXNzJTNEJTIydGlja3MtMSUyMiUzRSUzQ3N0cm9uZyUzRUthdGVnb3JpJTNBJTNDJTJGc3Ryb25nJTNFJTIwRGl6ZWwlM0MlMkZkaXYlM0UlMEElMjAlMjAlMjAlMjAlM0NkaXYlMjBjbGFzcyUzRCUyMnRpY2tzLTElMjIlM0UlM0NzdHJvbmclM0UlQzMlOUNyZXRpY2klM0ElM0MlMkZzdHJvbmclM0UlMjBCUCUzQyUyRmRpdiUzRSUwQSUyMCUyMCUyMCUyMCUzQ2RpdiUyMGNsYXNzJTNEJTIydGlja3MtMSUyMiUzRSUzQ3N0cm9uZyUzRVV5Z3VubHVrJTNBJTNDJTJGc3Ryb25nJTNFJTIwJUMzJUI2emVsJTIwdmUlMjBwcm9mZXN5b25lbCUyMGRpemVsJTIwa3VsbGFuJUM0JUIxbSVDNCVCMSUzQyUyRmRpdiUzRSUwQSUyMCUyMCUyMCUyMCUzQ2RpdiUyMGNsYXNzJTNEJTIydGlja3MtMSUyMiUzRSUzQ3N0cm9uZyUzRVRla25vbG9qaSUzQSUzQyUyRnN0cm9uZyUzRSUyMEJQJUUyJTgwJTk5bmluJTIwQUNUSVZFJTIwdGVrbm9sb2ppc2klM0MlMkZkaXYlM0UlMEElMjAlMjAlMjAlMjAlM0NkaXYlMjBjbGFzcyUzRCUyMnRpY2tzLTElMjIlM0UlM0NzdHJvbmclM0UlQzMlOTZ6ZWxsaWtsZXIlM0ElM0MlMkZzdHJvbmclM0UlMjBIZXIlMjBkb2x1bSUyMGklQzMlQTdpbiUyMGRhaGElMjBmYXpsYSUyMGtpbG9tZXRyZSUyMHBlcmZvcm1hbnMlQzQlQjElMkMlMjBNb3RvciUyMGtvcnVtYSUyQyUyMERhaGElMjBZdW11JUM1JTlGYWslMjBzJUMzJUJDciVDMyVCQyVDNSU5RiUyMGRhdnJhbiVDNCVCMSVDNSU5RiVDNCVCMSUyQyUyMEF6YWx0JUM0JUIxbG0lQzQlQjElQzUlOUYlMjBhciVDNCVCMXphJTIwb2xhcyVDNCVCMWwlQzQlQjElQzQlOUYlQzQlQjEuJTNDJTJGZGl2JTNFJTBBJTIwJTIwJTNDJTJGZGl2JTNFJTBBJTNDJTJGZGl2JTNF[\/vc_raw_html][vc_raw_html css=&#8221;.vc_custom_1538471971929{margin-top: 25px !important;}&#8221; el_class=&#8221;but-prod&#8221;]JTNDZGl2JTIwY2xhc3MlM0QlMjJidXQlMjIlM0UlMEElM0NhJTIwaHJlZiUzRCUyMmh0dHBzJTNBJTJGJTJGd3d3LmJwLmNvbSUyRmVuX2diJTJGYnAtcGx1cyUyRnVrJTJGd2h5LWJwJTJGZnVlbC1leHBlcnRpc2UlMkZkaWVzZWwtZm9yLXRydWNrcy5odG1sJTIyJTIwdGFyZ2V0JTNEJTIyX2JsYW5rJTIyJTNFJTBBJTNDZGl2JTIwY2xhc3MlM0QlMjJidXR0b24tc21hbGwlMjIlM0UlMEElMjAlMjAlM0NkaXYlMjBjbGFzcyUzRCUyMmJ1dC10eHQtc20lMjIlM0VEYWhhJTIwZmF6bGElM0MlMkZkaXYlM0UlMEElMjAlMjAlM0NkaXYlMjBjbGFzcyUzRCUyMmJ1dC1hcnJvdy1zbSUyMiUzRSUzQ2ltZyUyMHNyYyUzRCUyMmh0dHBzJTNBJTJGJTJGd3d3LnNhbWVya2FzZW5lcmd5LmdyJTJGd3AtY29udGVudCUyRnVwbG9hZHMlMkYyMDE4JTJGMDIlMkZhcnJvdy02MXgxMi5zdmclMjIlMjB3aWR0aCUzRCUyMjYxcHglMjIlMjBoZWlnaHQlM0QlMjIxMnB4JTIyJTNFJTIwJTNDJTJGZGl2JTNFJTBBJTNDJTJGZGl2JTNFJTNDJTJGYSUzRSUwQSUzQyUyRmRpdiUzRQ==[\/vc_raw_html][\/vc_column][vc_column width=&#8221;1\/3&#8243; el_class=&#8221;prod-bg&#8221;][vc_single_image image=&#8221;1219&#8243; img_size=&#8221;full&#8221;][vc_raw_html]JTNDZGl2JTIwY2xhc3MlM0QlMjJwcm9kcyUyMiUzRSUwQSUyMCUyMCUzQ2RpdiUyMGNsYXNzJTNEJTIycHJvZHMtaGVhZCUyMiUzRVVsdGltYXRlJTIwRGllc2VsJTNDJTJGZGl2JTNFJTBBJTIwJTIwJTNDZGl2JTIwY2xhc3MlM0QlMjJwcm9kcy10eHQlMjIlM0VFbiUyMGZhemxhJTIwc2F0YW4lMjB2ZSUyMG1vdG9yZGFuJTIwemFyYXJsJUM0JUIxJTIwa2lybGV0aWNpJTIwbWFkZGVsZXJpJTIwa2FsZCVDNCVCMXJhbiUyMEFDVElWRSUyMHRla25vbG9qaXNpJTIwaWxlJTIwZyVDMyVCQyVDMyVBN2xlbmRpcmlsZW4lMjBCUCUyMERpemVsLiUyMCUzQyUyRmRpdiUzRSUwQSUyMCUyMCUzQ2RpdiUyMGNsYXNzJTNEJTIydGlja3MlMjIlM0UlMEElMjAlMjAlMjAlMjAlM0NkaXYlMjBjbGFzcyUzRCUyMnRpY2tzLTElMjIlM0UlM0NzdHJvbmclM0VLYXRlZ29yaSUzQSUzQyUyRnN0cm9uZyUzRSUyMERpemVsJTNDJTJGZGl2JTNFJTBBJTIwJTIwJTIwJTIwJTNDZGl2JTIwY2xhc3MlM0QlMjJ0aWNrcy0xJTIyJTNFJTNDc3Ryb25nJTNFJUMzJTlDcmV0aWNpJTNBJTNDJTJGc3Ryb25nJTNFJTIwQlAlM0MlMkZkaXYlM0UlMEElMjAlMjAlMjAlMjAlM0NkaXYlMjBjbGFzcyUzRCUyMnRpY2tzLTElMjIlM0UlM0NzdHJvbmclM0VVeWd1bmx1ayUzQSUzQyUyRnN0cm9uZyUzRSUyMCVDMyVCNnplbCUyMHZlJTIwcHJvZmVzeW9uZWwlMjBkaXplbCUyMGt1bGxhbiVDNCVCMW0lQzQlQjElM0MlMkZkaXYlM0UlMEElMjAlMjAlMjAlMjAlM0NkaXYlMjBjbGFzcyUzRCUyMnRpY2tzLTElMjIlM0UlM0NzdHJvbmclM0VUZWtub2xvamklM0ElM0MlMkZzdHJvbmclM0UlMjBCUCVFMiU4MCU5OW5pbiUyMEFDVElWRSUyMHRla25vbG9qaXNpJTNDJTJGZGl2JTNFJTBBJTIwJTIwJTIwJTIwJTNDZGl2JTIwY2xhc3MlM0QlMjJ0aWNrcy0xJTIyJTNFJTNDc3Ryb25nJTNFJUMzJTk2emVsbGlrbGVyJTNBJTNDJTJGc3Ryb25nJTNFJTIwTWFrc2ltdW0lMjBwZXJmb3JtYW5zJTJDJTIwSGVyJTIwZG9sdW0lMjBpJUMzJUE3aW4lMjBhemFtaSUyMDYxJTIwa2lsb21ldHJlJTIwZGFoYSUyMGZhemxhJTIwcGVyZm9ybWFucyUyQyUyME1vYmlsJTIwa29ydW1hJTJDJTIwRGFoYSUyMFl1bXUlQzUlOUZhayUyMHMlQzMlQkNyJUMzJUJDJUM1JTlGJTIwZGF2cmFuJUM0JUIxJUM1JTlGJUM0JUIxJTJDJTIwQXphbHQlQzQlQjFsbSVDNCVCMSVDNSU5RiUyMGFyJUM0JUIxemElMjBvbGFzJUM0JUIxbCVDNCVCMSVDNCU5RiVDNCVCMS4lM0MlMkZkaXYlM0UlMEElMjAlMjAlM0MlMkZkaXYlM0UlMEElM0MlMkZkaXYlM0U=[\/vc_raw_html][vc_raw_html css=&#8221;.vc_custom_1538471983880{margin-top: 25px !important;}&#8221; el_class=&#8221;but-prod&#8221;]JTNDZGl2JTIwY2xhc3MlM0QlMjJidXQlMjIlM0UlMEElM0NhJTIwaHJlZiUzRCUyMmh0dHBzJTNBJTJGJTJGd3d3LmJwLmNvbSUyRmVuX2diJTJGYnAtcGx1cyUyRnVrJTJGd2h5LWJwJTJGZnVlbC1leHBlcnRpc2UlMkZ1bHRpbWF0ZS1kaWVzZWwuaHRtbCUyMiUyMHRhcmdldCUzRCUyMl9ibGFuayUyMiUzRSUwQSUzQ2RpdiUyMGNsYXNzJTNEJTIyYnV0dG9uLXNtYWxsJTIyJTNFJTBBJTIwJTIwJTNDZGl2JTIwY2xhc3MlM0QlMjJidXQtdHh0LXNtJTIyJTNFRGFoYSUyMGZhemxhJTNDJTJGZGl2JTNFJTBBJTIwJTIwJTNDZGl2JTIwY2xhc3MlM0QlMjJidXQtYXJyb3ctc20lMjIlM0UlM0NpbWclMjBzcmMlM0QlMjJodHRwcyUzQSUyRiUyRnd3dy5zYW1lcmthc2VuZXJneS5nciUyRndwLWNvbnRlbnQlMkZ1cGxvYWRzJTJGMjAxOCUyRjAyJTJGYXJyb3ctNjF4MTIuc3ZnJTIyJTIwd2lkdGglM0QlMjI2MXB4JTIyJTIwaGVpZ2h0JTNEJTIyMTJweCUyMiUzRSUyMCUzQyUyRmRpdiUzRSUwQSUzQyUyRmRpdiUzRSUzQyUyRmElM0UlMEElM0MlMkZkaXYlM0U=[\/vc_raw_html][\/vc_column][vc_column width=&#8221;1\/3&#8243;][\/vc_column][\/vc_row][vc_row full_width=&#8221;stretch_row_content_no_spaces&#8221; el_class=&#8221;row7&#8243;][vc_column][vc_raw_html]JTNDaWZyYW1lJTIwc3JjJTNEJTIyaHR0cHMlM0ElMkYlMkZ3d3cuZ29vZ2xlLmNvbSUyRm1hcHMlMkZkJTJGZW1iZWQlM0ZtaWQlM0QxXzhpSVV3bXlEcHRGdnhWaWRxWVBKNFNZNjZaSFlqVDclMjIlMjB3aWR0aCUzRCUyMjEwMCUyNSUyMiUyMGhlaWdodCUzRCUyMjUyMCUyMiUzRSUzQyUyRmlmcmFtZSUzRQ==[\/vc_raw_html][\/vc_column][\/vc_row][vc_row el_class=&#8221;row8&#8243;][vc_column width=&#8221;1\/4&#8243; el_class=&#8221;trio-left&#8221;][vc_column_text]<\/p>\n<div class=\"mini-title\">Samerkas<\/div>\n<div class=\"big-title\">Akaryak\u0131t \u0130stasyonu a\u011f\u0131<\/div>\n<div class=\"hr-prat\"><\/div>\n<p>[\/vc_column_text][\/vc_column][vc_column width=&#8221;3\/4&#8243; el_class=&#8221;trio-right&#8221;][vc_raw_html]JTNDZGl2JTIwY2xhc3MlM0QlMjJ0cmlhJTIyJTNFJTIwJTBBJTIwJTNDZGl2JTIwY2xhc3MlM0QlMjJ0cmlvJTIyJTNFJTBBJTIwJTIwJTIwJTNDZGl2JTIwY2xhc3MlM0QlMjJ0cmlvLWljbyUyMiUzRSUzQ2ltZyUyMHNyYyUzRCUyMmh0dHBzJTNBJTJGJTJGd3d3LnNhbWVya2FzZW5lcmd5LmdyJTJGd3AtY29udGVudCUyRnVwbG9hZHMlMkYyMDE4JTJGMDIlMkZtYXAtcGluLXZlbnppbmktZ2VuaWtvLTQ0eDY4c2FtZXJrYXMuc3ZnJTIyJTIwd2lkdGglM0QlMjI0NHB4JTIyJTIwaGVpZ2h0JTNEJTIyNjhweCUyMiUzRSUyMCUzQyUyRmRpdiUzRSUwQSUyMCUyMCUyMCUzQ2RpdiUyMGNsYXNzJTNEJTIydHJpby1oZWFkJTIyJTNFQWthcnlhayVDNCVCMXQlMjAlQzQlQjBzdGFzeW9udSUzQyUyRmRpdiUzRSUwQSUyMCUzQyUyRmRpdiUzRSUwQSUyMCUzQ2RpdiUyMGNsYXNzJTNEJTIydHJpbyUyMiUzRSUwQSUyMCUyMCUyMCUzQ2RpdiUyMGNsYXNzJTNEJTIydHJpby1pY28lMjIlM0UlMjAlM0NpbWclMjBzcmMlM0QlMjJodHRwcyUzQSUyRiUyRnd3dy5zYW1lcmthc2VuZXJneS5nciUyRndwLWNvbnRlbnQlMkZ1cGxvYWRzJTJGMjAxOCUyRjAyJTJGbWFwLXBpbi15Z3JhZXJpYS1nZW5pa28tNDR4NjhzYW1lcmthcy5zdmclMjIlMjB3aWR0aCUzRCUyMjQ0cHglMjIlMjBoZWlnaHQlM0QlMjI2OHB4JTIyJTNFJTNDJTJGZGl2JTNFJTBBJTIwJTIwJTIwJTNDZGl2JTIwY2xhc3MlM0QlMjJ0cmlvLWhlYWQlMjIlM0VBa2FyeWFrJUM0JUIxdCUyMCVDNCVCMHN0YXN5b251JTIwJTI4JTJCJTIwT3RvZ2F6JTIwTFBHJTI5JTNDJTJGZGl2JTNFJTBBJTIwJTNDJTJGZGl2JTNFJTBBJTIwJTNDZGl2JTIwY2xhc3MlM0QlMjJ0cmlvJTIyJTNFJTBBJTIwJTIwJTIwJTNDZGl2JTIwY2xhc3MlM0QlMjJ0cmlvLWljbyUyMiUzRSUyMCUzQ2ltZyUyMHNyYyUzRCUyMmh0dHBzJTNBJTJGJTJGd3d3LnNhbWVya2FzZW5lcmd5LmdyJTJGd3AtY29udGVudCUyRnVwbG9hZHMlMkYyMDE4JTJGMDIlMkZtYXAtcGluLWtpbmlzaS1nZW5pa28tNDR4NjhzYW1lcmthcy5zdmclMjIlMjB3aWR0aCUzRCUyMjQ0cHglMjIlMjBoZWlnaHQlM0QlMjI2OHB4JTIyJTNFJTNDJTJGZGl2JTNFJTBBJTIwJTIwJTIwJTNDZGl2JTIwY2xhc3MlM0QlMjJ0cmlvLWhlYWQlMjIlM0VUZXNpcyUyMC0lMjBBa2FyeWFrJUM0JUIxdCUyMG5ha2xpeWF0JUM0JUIxJTIwJTNDJTJGZGl2JTNFJTBBJTIwJTNDJTJGZGl2JTNFJTBBJTNDJTJGZGl2JTNF[\/vc_raw_html][vc_column_text css=&#8221;.vc_custom_1554971937187{margin-top: 30px !important;margin-bottom: 30px !important;}&#8221;]S\u00fcrekli b\u00fcy\u00fcme potansiyeliyle, Do\u011fu Makedonya ve Trakya\u2019da tamamen donan\u0131ml\u0131 11 Akaryak\u0131t \u0130stasyonu, \u00fcr\u00fcn kalitesi ve personel deneyimiyle, kapsaml\u0131 hizmetler ve tedarik kapsam\u0131 sunmaktad\u0131r. Amac\u0131m\u0131z, m\u00fc\u015fteri ile do\u011frudan temas kurmay\u0131 ba\u015farmak, ger\u00e7ek ve eksiksiz destek sa\u011flamakt\u0131r.[\/vc_column_text][vc_raw_html css=&#8221;.vc_custom_1538468562978{margin-top: 20px !important;margin-bottom: 50px !important;}&#8221;]JTNDZGl2JTIwY2xhc3MlM0QlMjJidXQlMjIlM0UlMEElM0NhJTIwaHJlZiUzRCUyMmh0dHBzJTNBJTJGJTJGd3d3LnNhbWVya2FzZW5lcmd5LmdyJTJGdHIlMkZkaWt0eW8tcHJhdGhyaXduJTJGJTIyJTNFJTBBJTNDZGl2JTIwY2xhc3MlM0QlMjJidXR0b24tZXh0cmElMjIlM0UlMEElMjAlMjAlM0NkaXYlMjBjbGFzcyUzRCUyMmJ1dC10eHQlMjIlM0VFbiUyMHlhayVDNCVCMW4lMjBoaXptZXQlMjAlM0NzcGFuJTIwc3R5bGUlM0QlMjJmb250LXdlaWdodCUzQTYwMCUzQiUyMiUzRSUyMGlzdGFzeW9udSUzQyUyRnNwYW4lM0UlM0MlMkZkaXYlM0UlMEElMjAlMjAlM0NkaXYlMjBjbGFzcyUzRCUyMmJ1dC1hcnJvdy1leHRyYSUyMiUzRSUzQ2ltZyUyMHNyYyUzRCUyMmh0dHBzJTNBJTJGJTJGd3d3LnNhbWVya2FzZW5lcmd5LmdyJTJGd3AtY29udGVudCUyRnVwbG9hZHMlMkYyMDE4JTJGMDIlMkZhcnJvdy05NHgxMy5zdmclMjIlMjB3aWR0aCUzRCUyMjk0cHglMjIlMjBoZWlnaHQlM0QlMjIxM3B4JTIyJTNFJTIwJTNDJTJGZGl2JTNFJTBBJTNDJTJGZGl2JTNFJTNDJTJGYSUzRSUwQSUzQyUyRmRpdiUzRQ==[\/vc_raw_html][\/vc_column][\/vc_row]<\/p>\n","protected":false},"excerpt":{"rendered":"<p>[vc_row full_width=&#8221;stretch_row_content_no_spaces&#8221; el_class=&#8221;row1&#8243;][vc_column el_class=&#8221;colrow1&#8243;][vc_row_inner][vc_column_inner][\/vc_column_inner][\/vc_row_inner][vc_row_inner el_class=&#8221;main-bg&#8221; el_id=&#8221;main-bg&#8221;][vc_column_inner el_class=&#8221;bp-bg&#8221; width=&#8221;1\/2&#8243;][vc_single_image image=&#8221;1261&#8243; img_size=&#8221;full&#8221; el_class=&#8221;bp-img&#8221;][\/vc_column_inner][vc_column_inner el_class=&#8221;merc-bg&#8221; width=&#8221;1\/2&#8243;][\/vc_column_inner][\/vc_row_inner][\/vc_column][\/vc_row][vc_row el_class=&#8221;row-2&#8243;][vc_column width=&#8221;1\/3&#8243; el_class=&#8221;col1&#8243;][vc_column_text] BP Akaryak\u0131t [\/vc_column_text][vc_column_text el_class=&#8221;main-par&#8221;]BP\u2019nin \u00f6zel orta\u011f\u0131 ve Yunanistan&#8217;da en eski \u015firketlerden biri olmak, yaln\u0131zca bir ad\u0131n\u0131z ve tedarik\u00e7iniz olmas\u0131 anlam\u0131na gelmez, ayr\u0131ca t\u00fcm felsefeyi de sahiplendi\u011finiz anlam\u0131na gelir. Samerkas SA\u2019n\u0131n amac\u0131, BP\u2019nin insan merkezli fikirleriyle olu\u015fturulan, en iyi kalitede [&hellip;]<\/p>\n","protected":false},"author":2,"featured_media":1961,"parent":0,"menu_order":0,"comment_status":"closed","ping_status":"closed","template":"","meta":{"_monsterinsights_skip_tracking":false,"_monsterinsights_sitenote_active":false,"_monsterinsights_sitenote_note":"","_monsterinsights_sitenote_category":0},"acf":[],"aioseo_notices":[],"_links":{"self":[{"href":"https:\/\/samerkasenergy.gr\/tr\/wp-json\/wp\/v2\/pages\/1959"}],"collection":[{"href":"https:\/\/samerkasenergy.gr\/tr\/wp-json\/wp\/v2\/pages"}],"about":[{"href":"https:\/\/samerkasenergy.gr\/tr\/wp-json\/wp\/v2\/types\/page"}],"author":[{"embeddable":true,"href":"https:\/\/samerkasenergy.gr\/tr\/wp-json\/wp\/v2\/users\/2"}],"replies":[{"embeddable":true,"href":"https:\/\/samerkasenergy.gr\/tr\/wp-json\/wp\/v2\/comments?post=1959"}],"version-history":[{"count":0,"href":"https:\/\/samerkasenergy.gr\/tr\/wp-json\/wp\/v2\/pages\/1959\/revisions"}],"wp:featuredmedia":[{"embeddable":true,"href":"https:\/\/samerkasenergy.gr\/tr\/wp-json\/wp\/v2\/media\/1961"}],"wp:attachment":[{"href":"https:\/\/samerkasenergy.gr\/tr\/wp-json\/wp\/v2\/media?parent=1959"}],"curies":[{"name":"wp","href":"https:\/\/api.w.org\/{rel}","templated":true}]}}