{"id":1985,"date":"2018-02-12T11:21:37","date_gmt":"2018-02-12T11:21:37","guid":{"rendered":"https:\/\/samerkasenergy.gr\/petrelaio-thermansis\/"},"modified":"2018-10-02T11:26:53","modified_gmt":"2018-10-02T08:26:53","slug":"petrelaio-thermansis","status":"publish","type":"page","link":"https:\/\/samerkasenergy.gr\/tr\/petrelaio-thermansis\/","title":{"rendered":"\u03a0\u0395\u03a4\u03a1\u0395\u039b\u0391\u0399\u039f \u0398\u0395\u03a1\u039c\u0391\u039d\u03a3\u0397\u03a3"},"content":{"rendered":"<p>[vc_row full_width=&#8221;stretch_row_content_no_spaces&#8221; el_class=&#8221;row1&#8243;][vc_column el_class=&#8221;colrow1&#8243;][vc_row_inner][vc_column_inner][rev_slider_vc alias=&#8221;petrelaio-tr&#8221;][\/vc_column_inner][\/vc_row_inner][\/vc_column][\/vc_row][vc_row el_class=&#8221;row-2&#8243;][vc_column width=&#8221;1\/2&#8243; el_class=&#8221;col1&#8243;][vc_column_text el_class=&#8221;main-par&#8221;]Samerkas SA, BP\u2019nin geli\u015fmi\u015f kalorifer yak\u0131t\u0131 ile yuvan\u0131z\u0131 \u0131s\u0131tmak i\u00e7in tam yan\u0131n\u0131zda. BP\u2019nin kalorifer yak\u0131t\u0131, daha fazla tasarrufun yan\u0131 s\u0131ra, t\u00fcketicinin alan\u0131 daha az yak\u0131t ile \u0131s\u0131tabilmesini sa\u011flayan daha verimli yanma \u00f6zelli\u011finden dolay\u0131 daha y\u00fcksek verim sa\u011flayan \u00f6zel bile\u015fimi ile birinci s\u0131n\u0131f, g\u00fcvenilir ve ekonomik bir \u00e7\u00f6z\u00fcmd\u00fcr.<\/p>\n<p>\u015eirketin amac\u0131, \u0131s\u0131tma kategorisinde bile \u00fcst kalitede \u00fcr\u00fcnler sunarak ve ortaya koyarak sosyal ve ekolojik kimli\u011fini etkin \u015fekilde tamamlamakt\u0131r. BP\u2019ye olan de\u011fi\u015fmez g\u00fcvenimiz, modern teknolojiyi ve \u00e7evre dostu yanma i\u015flemini bar\u0131nd\u0131rarak, s\u0131k\u0131 bir \u015fekilde test edilmi\u015f ve onaylanm\u0131\u015f kalorifer yak\u0131t\u0131n\u0131 sunma kabiliyetimize katk\u0131da bulunmaktad\u0131r.<\/p>\n<p>Yeni nesil \u0131s\u0131tma yak\u0131t\u0131n\u0131n \u00f6zellikleri, kazan i\u00e7in \u00f6zel korumay\u0131 ve kirletici maddelerin azalt\u0131lm\u0131\u015f emisyonunu i\u00e7erir. Burada t\u00fcketici ihtiya\u00e7lar\u0131n\u0131n ekonomik ve entegre bi\u00e7imde kapsanmas\u0131n\u0131n yan\u0131 s\u0131ra insano\u011flu ve \u00e7evrenin sosyal sorumlulu\u011fu hedeflenir. B\u00f6ylece yayg\u0131n kalorifer yak\u0131t\u0131na nazaran %66 azalt\u0131lm\u0131\u015f duman emisyonu ve %50 azalt\u0131lm\u0131\u015f karbonmonoksit emisyonu ile daha iyi bir ya\u015fam kalitesi elde edilir.<br \/>\n[\/vc_column_text][\/vc_column][vc_column width=&#8221;1\/2&#8243; el_class=&#8221;col2&#8243;][vc_raw_html]JTNDZGl2JTIwY2xhc3MlM0QlMjJwZXJpb3hlcyUyMiUzRSUwQSUzQ2RpdiUyMGNsYXNzJTNEJTIycGVyaW94ZXMtaWNvJTIyJTNFJTNDaW1nJTIwc3JjJTNEJTIyaHR0cCUzQSUyRiUyRnd3dy5zYW1lcmthc2VuZXJneS5nciUyRndwLWNvbnRlbnQlMkZ1cGxvYWRzJTJGMjAxOCUyRjAyJTJGbWFwLXBpbi1nZW5pa28tMTAweDU5c2FtZXJrYXMuc3ZnJTIyJTIwd2lkdGglM0QlMjI1MCUyMiUyMGhlaWdodCUzRCUyMjEwMCUyMiUyMCUyRiUzRSUzQyUyRmRpdiUzRSUwQSUzQ2RpdiUyMGNsYXNzJTNEJTIycGVyaW94ZXMtdHh0JTIyJTNFJTBBJTNDZGl2JTIwY2xhc3MlM0QlMjJtaW5pLXRpdGxlJTIyJTNFSGl6bWV0JTNDJTJGZGl2JTNFJTBBJTNDZGl2JTIwY2xhc3MlM0QlMjJiaWctdGl0bGUlMjIlM0V2ZXJkaSVDNCU5RmltaXolMjBiJUMzJUI2bGdlbGVyJTNDJTJGZGl2JTNFJTBBJTNDJTJGZGl2JTNFJTBBJTNDJTJGZGl2JTNF[\/vc_raw_html][vc_raw_html el_class=&#8221;main-par&#8221;]U2FtZXJrYXMlMjBTQSUyQyUyMGthcHNhbWwlQzQlQjElMjBiaXIlMjB0ZWRhcmlrJTIwaXN0YXN5b251JTIwYSVDNCU5RiVDNCVCMSUyMHZlJTIwdGFtJTIwZG9uYW4lQzQlQjFtbCVDNCVCMSUyMHRhbmtlciUyMGthbXlvbnUlMjBmaWxvc3VudSUyMGt1bGxhbmFyYWslMjB0JUMzJUJDbSUyMEthdmFsYSUyMGIlQzMlQjZsZ2VzaW5lJTIwaGl6bWV0JTIwdmVybWVrdGVkaXIuJTIwQiVDMyVCNnlsZWNlJTJDJTIwaGVyJTIwYiVDMyVCNmxnZXllJTIwZW4lMjB5YWslQzQlQjFuJTIwdGVkYXJpayUyMGlzdGFzeW9udW5kYW4lMjAlQzMlQTdhYnVrJTIwdmUlMjBoJUM0JUIxemwlQzQlQjElMjBoaXptZXQlMjB2ZXJpbG1la3RlZGlyLiUwQSUzQ2RpdiUyMGNsYXNzJTNEJTIydGlja3MlMjIlM0UlMEElMjAlMjAlM0NkaXYlMjBjbGFzcyUzRCUyMnRpY2tzLWNvbDElMjIlMjBzdHlsZSUzRCUyMndpZHRoJTNBJTIwMTcwcHglM0IlMjIlM0UlMEElMjAlMjAlMjAlMjAlM0NkaXYlMjBjbGFzcyUzRCUyMnRpY2tzLTElMjIlM0UlM0NzcGFuJTIwY2xhc3MlM0QlMjJoaGglMjB2dnYlMjIlM0UlM0MlMkZzcGFuJTNFJTNDc3Ryb25nJTNFS2F2YWxhJTNDJTJGc3Ryb25nJTNFJTNDJTJGZGl2JTNFJTBBJTIwJTIwJTIwJTIwJTNDZGl2JTIwY2xhc3MlM0QlMjJ0aWNrcy0xJTIyJTNFJTNDc3BhbiUyMGNsYXNzJTNEJTIyaGhoJTIwdnZ2JTIyJTNFJTNDJTJGc3BhbiUzRSUzQ3N0cm9uZyUzRVBhbGlvJTNDJTJGc3Ryb25nJTNFJTNDJTJGZGl2JTNFJTBBJTIwJTIwJTIwJTIwJTNDZGl2JTIwY2xhc3MlM0QlMjJ0aWNrcy0xJTIyJTNFJTNDc3BhbiUyMGNsYXNzJTNEJTIyaGhoJTIwdnZ2JTIyJTNFJTNDJTJGc3BhbiUzRSUzQ3N0cm9uZyUzRU4uJTIwUGVyYW1vcyUzQyUyRnN0cm9uZyUzRSUzQyUyRmRpdiUzRSUwQSUyMCUyMCUzQyUyRmRpdiUzRSUwQSUyMCUyMCUzQ2RpdiUyMGNsYXNzJTNEJTIydGlja3MtY29sMiUyMiUyMHN0eWxlJTNEJTIyd2lkdGglM0ElMjAzMjBweCUzQiUyMiUzRSUwQSUyMCUyMCUyMCUyMCUzQ2RpdiUyMGNsYXNzJTNEJTIydGlja3MtMSUyMiUzRSUzQ3NwYW4lMjBjbGFzcyUzRCUyMmhoaCUyMHZ2diUyMiUzRSUzQyUyRnNwYW4lM0UlM0NzdHJvbmclM0VDaHJ5c291cG9saSUyMCUyOHZlJTIwJUMzJUE3ZXZyZSUyMGIlQzMlQjZsZ2VsZXIlMjklM0MlMkZzdHJvbmclM0UlM0MlMkZkaXYlM0UlMEElMjAlMjAlMjAlMjAlM0NkaXYlMjBjbGFzcyUzRCUyMnRpY2tzLTElMjIlM0UlM0NzcGFuJTIwY2xhc3MlM0QlMjJoaGglMjB2dnYlMjIlM0UlM0MlMkZzcGFuJTNFJTNDc3Ryb25nJTNFRWxlZnRoZXJvdXBvbGklMjAlMjh2ZSUyMCVDMyVBN2V2cmUlMjBiJUMzJUI2bGdlbGVyJTI5JTNDJTJGc3Ryb25nJTNFJTNDJTJGZGl2JTNFJTBBJTIwJTIwJTIwJTIwJTNDZGl2JTIwY2xhc3MlM0QlMjJ0aWNrcy0xJTIyJTNFJTNDc3BhbiUyMGNsYXNzJTNEJTIyaGhoJTIwdnZ2JTIyJTNFJTNDJTJGc3BhbiUzRSUzQ3N0cm9uZyUzRUNocnlzb2Nob3JpJTNDJTJGc3Ryb25nJTNFJTNDJTJGZGl2JTNFJTBBJTIwJTIwJTNDJTJGZGl2JTNFJTBBJTNDJTJGZGl2JTNF[\/vc_raw_html][vc_raw_html css=&#8221;.vc_custom_1538468803225{margin-top: 25px !important;}&#8221;]JTNDZGl2JTIwY2xhc3MlM0QlMjJidXQlMjIlM0UlMEElMjAlM0NhJTIwaHJlZiUzRCUyMmh0dHBzJTNBJTJGJTJGd3d3LnNhbWVya2FzZW5lcmd5LmdyJTJGdHIlMkZkaWt0eW8tcHJhdGhyaXduJTJGJTIyJTNFJTBBJTIwJTNDZGl2JTIwY2xhc3MlM0QlMjJidXR0b24tZXh0cmElMjIlM0UlMEElMjAlMjAlM0NkaXYlMjBjbGFzcyUzRCUyMmJ1dC10eHQlMjIlM0VFbiUyMHlhayVDNCVCMW4lMjAlM0NzcGFuJTIwc3R5bGUlM0QlMjJmb250LXdlaWdodCUzQTYwMCUzQiUyMiUzRSUyMGlzdGFzeW9uJTNDJTJGc3BhbiUzRSUzQyUyRmRpdiUzRSUwQSUyMCUyMCUzQ2RpdiUyMGNsYXNzJTNEJTIyYnV0LWFycm93LWV4dHJhJTIyJTNFJTNDaW1nJTIwc3JjJTNEJTIyaHR0cHMlM0ElMkYlMkZ3d3cuc2FtZXJrYXNlbmVyZ3kuZ3IlMkZ3cC1jb250ZW50JTJGdXBsb2FkcyUyRjIwMTglMkYwMiUyRmFycm93LTk0eDEzLnN2ZyUyMiUyMHdpZHRoJTNEJTIyOTRweCUyMiUyMGhlaWdodCUzRCUyMjEzcHglMjIlM0UlMjAlM0MlMkZkaXYlM0UlMEElMjAlMjAlM0MlMkZkaXYlM0UlMEElMjAlM0MlMkZhJTNFJTBBJTNDJTJGZGl2JTNF[\/vc_raw_html][\/vc_column][\/vc_row][vc_row full_width=&#8221;stretch_row_content_no_spaces&#8221; el_class=&#8221;row3&#8243;][vc_column][vc_raw_html el_class=&#8221;ggg&#8221;]JTNDaWZyYW1lJTIwc3JjJTNEJTIyaHR0cHMlM0ElMkYlMkZ3d3cuZ29vZ2xlLmNvbSUyRm1hcHMlMkZkJTJGZW1iZWQlM0ZtaWQlM0QxXzhpSVV3bXlEcHRGdnhWaWRxWVBKNFNZNjZaSFlqVDclMjIlMjB3aWR0aCUzRCUyMjEwMCUyNSUyMiUyMGhlaWdodCUzRCUyMjUyMCUyMiUzRSUzQyUyRmlmcmFtZSUzRQ==[\/vc_raw_html][vc_row_inner][vc_column_inner el_class=&#8221;ggcol1&#8243; width=&#8221;1\/3&#8243;][vc_raw_html css=&#8221;.vc_custom_1525860177499{margin-top: 20px !important;}&#8221;]JTNDZGl2JTIwY2xhc3MlM0QlMjJlaWtvbmlkaWElMjIlM0UlMEElMjAlM0NpbWclMjBzcmMlM0QlMjJodHRwcyUzQSUyRiUyRnd3dy5zYW1lcmthc2VuZXJneS5nciUyRndwLWNvbnRlbnQlMkZ1cGxvYWRzJTJGMjAxOCUyRjAyJTJGZXVyby03MHg2MHNhbWVya2FzLnN2ZyUyMiUyMHdpZHRoJTNEJTIyNzBweCUyMiUyMGhlaWdodCUzRCUyMjYwcHglMjIlM0UlMEElM0MlMkZkaXYlM0U=[\/vc_raw_html][vc_column_text el_class=&#8221;heads&#8221;]<\/p>\n<div class=\"eikonidia-heads\">Maksimum<\/div>\n<div class=\"eikonidia-heads\">Ekonomi<\/div>\n<p>[\/vc_column_text][vc_column_text el_class=&#8221;trio-let&#8221;]Samerkas SA, daha iyi yanma katk\u0131 maddeleri ile BP\u2019nin \u00f6zel olarak geli\u015ftirilen kalorifer yak\u0131t\u0131n\u0131 sunmay\u0131 se\u00e7erek istikrarl\u0131 bir sosyal politika g\u00fctmektedir. B\u00f6ylece m\u00fcmk\u00fcn olan en az t\u00fcketim ile daha y\u00fcksek verimlilik elde etmektedir.[\/vc_column_text][\/vc_column_inner][vc_column_inner el_class=&#8221;ggcol2&#8243; width=&#8221;1\/3&#8243;][vc_raw_html css=&#8221;.vc_custom_1525860184266{margin-top: 20px !important;}&#8221;]JTNDZGl2JTIwY2xhc3MlM0QlMjJlaWtvbmlkaWElMjIlM0UlMEElMjAlM0NpbWclMjBzcmMlM0QlMjJodHRwcyUzQSUyRiUyRnd3dy5zYW1lcmthc2VuZXJneS5nciUyRndwLWNvbnRlbnQlMkZ1cGxvYWRzJTJGMjAxOCUyRjAyJTJGc21pbGV5LTcweDYwLWNvcHlzYW1lcmthcy5zdmclMjIlMjB3aWR0aCUzRCUyMjcwcHglMjIlMjBoZWlnaHQlM0QlMjI2MHB4JTIyJTNFJTBBJTNDJTJGZGl2JTNF[\/vc_raw_html][vc_column_text el_class=&#8221;heads&#8221;]<\/p>\n<div class=\"eikonidia-heads\">\u00d6nceli\u011fimiz<\/div>\n<div class=\"eikonidia-heads\">g\u00fcl\u00fcmsemenizdir<\/div>\n<p>[\/vc_column_text][vc_column_text el_class=&#8221;trio-let&#8221;]Kalorifer yak\u0131t\u0131 alan\u0131nda her ihtiyac\u0131 kar\u015f\u0131lamak \u00fczere t\u00fcketicilere h\u0131zl\u0131 ve daha iyi bir hizmet i\u00e7in gayret etmekteyiz. Uzman personelimiz her an yan\u0131n\u0131zda.[\/vc_column_text][\/vc_column_inner][vc_column_inner el_class=&#8221;ggcol3&#8243; width=&#8221;1\/3&#8243;][vc_raw_html css=&#8221;.vc_custom_1525860189553{margin-top: 20px !important;}&#8221;]JTNDZGl2JTIwY2xhc3MlM0QlMjJlaWtvbmlkaWElMjIlM0UlMEElMjAlM0NpbWclMjBzcmMlM0QlMjJodHRwcyUzQSUyRiUyRnd3dy5zYW1lcmthc2VuZXJneS5nciUyRndwLWNvbnRlbnQlMkZ1cGxvYWRzJTJGMjAxOCUyRjAyJTJGc25vd2ZsYWtlLTcweDYwc2FtZXJrYXMuc3ZnJTIyJTIwd2lkdGglM0QlMjI3MHB4JTIyJTIwaGVpZ2h0JTNEJTIyNjBweCUyMiUzRSUwQSUzQyUyRmRpdiUzRQ==[\/vc_raw_html][vc_column_text el_class=&#8221;heads&#8221;]<\/p>\n<div class=\"eikonidia-heads\">K\u0131\u015f\u0131n tad\u0131n\u0131<\/div>\n<div class=\"eikonidia-heads\">\u00e7\u0131kar\u0131n<\/div>\n<p>[\/vc_column_text][vc_column_text el_class=&#8221;trio-let&#8221;]Modern akaryak\u0131t teknolojisi, yanma emisyonlarda azalma ve artan performans ile, hem \u00e7evre hem de t\u00fcketici ekonomisini dikkate alarak kalorifer yak\u0131t\u0131n\u0131 sunmam\u0131z\u0131 sa\u011flamaktad\u0131r.[\/vc_column_text][\/vc_column_inner][\/vc_row_inner][\/vc_column][\/vc_row][vc_row el_class=&#8221;row4&#8243;][vc_column width=&#8221;1\/4&#8243; el_class=&#8221;ff-left&#8221;][vc_column_text]<\/p>\n<div class=\"mini-title\">Mevcut<\/div>\n<div class=\"big-title\">Kategoriler<\/div>\n<div class=\"hr\"><\/div>\n<p>[\/vc_column_text][\/vc_column][vc_column width=&#8221;3\/4&#8243; el_class=&#8221;ff-right&#8221;][vc_column_text el_class=&#8221;main-par&#8221;]Samerkas SA, t\u00fcketicinin istedi\u011fi kalorifer yak\u0131t\u0131 miktar\u0131na kar\u015f\u0131l\u0131k gelecek \u015fekilde, 3 fiyatlama s\u0131n\u0131f\u0131n\u0131 sa\u011flad\u0131\u011f\u0131ndan emin olarak, resmi fiyat formasyonu direktifini izlemektedir.[\/vc_column_text][\/vc_column][\/vc_row][vc_row el_class=&#8221;row5&#8243; el_id=&#8221;prods&#8221;][vc_column width=&#8221;1\/3&#8243; el_class=&#8221;prod-bg&#8221;][vc_single_image image=&#8221;2025&#8243; img_size=&#8221;full&#8221;][\/vc_column][vc_column width=&#8221;1\/3&#8243; el_class=&#8221;prod-bg&#8221;][vc_single_image image=&#8221;1286&#8243; img_size=&#8221;full&#8221;][\/vc_column][vc_column width=&#8221;1\/3&#8243; el_class=&#8221;prod-bg&#8221;][vc_single_image image=&#8221;2028&#8243; img_size=&#8221;full&#8221;][\/vc_column][\/vc_row][vc_row][vc_column][vc_column_text]<br \/>\n[\/vc_column_text][\/vc_column][\/vc_row][vc_row full_width=&#8221;stretch_row_content_no_spaces&#8221; el_class=&#8221;contact-row&#8221;][vc_column][vc_row_inner el_class=&#8221;cont-in-row&#8221;][vc_column_inner el_class=&#8221;cont-left&#8221; width=&#8221;1\/4&#8243;][vc_column_text]<\/p>\n<div class=\"big-title\">Bize Ula\u015f\u0131n!<\/div>\n<div class=\"hr\"><\/div>\n<p>[\/vc_column_text][vc_column_text el_class=&#8221;main-par&#8221;]Bize Ula\u015f\u0131n Hizmetlerimiz ve \u00fcr\u00fcnlerimizle ilgili sorular\u0131n\u0131z veya sorular\u0131n\u0131z i\u00e7in ileti\u015fim hatt\u0131n\u0131n di\u011fer ucunda size her zaman yak\u0131n\u0131z.<br \/>\n[\/vc_column_text][\/vc_column_inner][vc_column_inner el_class=&#8221;contact-right&#8221; width=&#8221;3\/4&#8243;][vc_column_text]\n<div class=\"wpcf7 no-js\" id=\"wpcf7-f1949-o1\" lang=\"en-US\" dir=\"ltr\">\n<div class=\"screen-reader-response\"><p role=\"status\" aria-live=\"polite\" aria-atomic=\"true\"><\/p> <ul><\/ul><\/div>\n<form action=\"\/tr\/wp-json\/wp\/v2\/pages\/1985#wpcf7-f1949-o1\" method=\"post\" class=\"wpcf7-form init\" aria-label=\"Contact form\" novalidate=\"novalidate\" data-status=\"init\">\n<div style=\"display: none;\">\n<input type=\"hidden\" name=\"_wpcf7\" value=\"1949\" \/>\n<input type=\"hidden\" name=\"_wpcf7_version\" value=\"5.8.2\" \/>\n<input type=\"hidden\" name=\"_wpcf7_locale\" value=\"en_US\" \/>\n<input type=\"hidden\" name=\"_wpcf7_unit_tag\" value=\"wpcf7-f1949-o1\" \/>\n<input type=\"hidden\" name=\"_wpcf7_container_post\" value=\"0\" \/>\n<input type=\"hidden\" name=\"_wpcf7_posted_data_hash\" value=\"\" \/>\n<input type=\"hidden\" name=\"_wpcf7cf_hidden_group_fields\" value=\"[]\" \/>\n<input type=\"hidden\" name=\"_wpcf7cf_hidden_groups\" value=\"[]\" \/>\n<input type=\"hidden\" name=\"_wpcf7cf_visible_groups\" value=\"[]\" \/>\n<input type=\"hidden\" name=\"_wpcf7cf_repeaters\" value=\"[]\" \/>\n<input type=\"hidden\" name=\"_wpcf7cf_steps\" value=\"{}\" \/>\n<input type=\"hidden\" name=\"_wpcf7cf_options\" value=\"{&quot;form_id&quot;:1949,&quot;conditions&quot;:[{&quot;if_field&quot;:&quot;menu-918&quot;,&quot;operator&quot;:&quot;equals&quot;,&quot;if_value&quot;:&quot;Kalorifer Yak\\u0131t\\u0131&quot;,&quot;then_field&quot;:&quot;petrolz&quot;}],&quot;settings&quot;:{&quot;animation&quot;:&quot;yes&quot;,&quot;animation_intime&quot;:200,&quot;animation_outtime&quot;:200,&quot;conditions_ui&quot;:&quot;normal&quot;,&quot;notice_dismissed&quot;:false,&quot;notice_dismissed_install-cf7&quot;:true,&quot;notice_dismissed_rollback-cf7-5.5.1&quot;:true}}\" \/>\n<\/div>\n<div class=\"contact\">\n\t<div class=\"contact-1\">\n\t\t<div class=\"onomata\">\n\t\t\t<div class=\"onomata-1\">\n\t\t\t\t<p><label> <strong>Ad\u0131<\/strong><span style=\"color:#ed0028;\">*<\/span><br \/>\n<span class=\"wpcf7-form-control-wrap\" data-name=\"your-name\"><input size=\"40\" class=\"wpcf7-form-control wpcf7-text wpcf7-validates-as-required\" aria-required=\"true\" aria-invalid=\"false\" value=\"\" type=\"text\" name=\"your-name\" \/><\/span> <\/label>\n\t\t\t\t<\/p>\n\t\t\t<\/div>\n\t\t\t<div class=\"onomata-2\">\n\t\t\t\t<p><label> <strong>Soyad\u0131<\/strong><span style=\"color:#ed0028;\">*<\/span><br \/>\n<span class=\"wpcf7-form-control-wrap\" data-name=\"your-lastname\"><input size=\"40\" class=\"wpcf7-form-control wpcf7-text wpcf7-validates-as-required\" aria-required=\"true\" aria-invalid=\"false\" value=\"\" type=\"text\" name=\"your-lastname\" \/><\/span> <\/label>\n\t\t\t\t<\/p>\n\t\t\t<\/div>\n\t\t<\/div>\n\t\t<div class=\"stoixeia\">\n\t\t\t<div class=\"stoixeia-1\">\n\t\t\t\t<p><label> <strong>E-posta<\/strong><span style=\"color:#ed0028;\">*<\/span><br \/>\n<span class=\"wpcf7-form-control-wrap\" data-name=\"your-email\"><input size=\"40\" class=\"wpcf7-form-control wpcf7-email wpcf7-validates-as-required wpcf7-text wpcf7-validates-as-email\" aria-required=\"true\" aria-invalid=\"false\" value=\"\" type=\"email\" name=\"your-email\" \/><\/span> <\/label>\n\t\t\t\t<\/p>\n\t\t\t<\/div>\n\t\t\t<div class=\"stoixeia-2\">\n\t\t\t\t<p><label> <strong>Telefon<\/strong><br \/>\n<span class=\"wpcf7-form-control-wrap\" data-name=\"tel-337\"><input size=\"40\" class=\"wpcf7-form-control wpcf7-tel wpcf7-text wpcf7-validates-as-tel\" aria-invalid=\"false\" value=\"\" type=\"tel\" name=\"tel-337\" \/><\/span><\/label>\n\t\t\t\t<\/p>\n\t\t\t<\/div>\n\t\t<\/div>\n\t\t<div class=\"kathgories\">\n\t\t\t<p><label> <strong>\u00dcr\u00fcn Kategorisi<\/strong><span style=\"color:#ed0028;\">*<\/span><br \/>\n<span class=\"wpcf7-form-control-wrap\" data-name=\"menu-918\"><select class=\"wpcf7-form-control wpcf7-select wpcf7-validates-as-required\" aria-required=\"true\" aria-invalid=\"false\" name=\"menu-918\"><option value=\"Kalorifer Yak\u0131t\u0131\">Kalorifer Yak\u0131t\u0131<\/option><option value=\"Dizel\">Dizel<\/option><option value=\"Ya\u011flar\">Ya\u011flar<\/option><option value=\"Gaz\">Gaz<\/option><\/select><\/span><\/label>\n\t\t\t<\/p>\n\t\t<\/div>\n\t\t<div data-id=\"petrolz\" data-orig_data_id=\"petrolz\"  data-class=\"wpcf7cf_group\">\n\t\t\t<div class=\"petrelaio\">\n\t\t\t\t<p><label><strong>B\u00f6lge <\/strong><span style=\"color:#878787;\">(kalorifer yak\u0131t\u0131 i\u00e7in)<\/span><span style=\"color:#ed0028;\">*<\/span><br \/>\n<span class=\"wpcf7-form-control-wrap\" data-name=\"petrol\"><select class=\"wpcf7-form-control wpcf7-select wpcf7-validates-as-required\" aria-required=\"true\" aria-invalid=\"false\" name=\"petrol\"><option value=\"--- b\u00f6lge se\u00e7 ---\">--- b\u00f6lge se\u00e7 ---<\/option><option value=\"Kavala\">Kavala<\/option><option value=\"Palio\">Palio<\/option><option value=\"N.Peramos\">N.Peramos<\/option><option value=\"Eleftheroypoli ve \u00e7evre b\u00f6lgeler\">Eleftheroypoli ve \u00e7evre b\u00f6lgeler<\/option><option value=\"Chrysoupoli chrysochori ve \u00e7evre b\u00f6lgeler\">Chrysoupoli chrysochori ve \u00e7evre b\u00f6lgeler<\/option><\/select><\/span><\/label>\n\t\t\t\t<\/p>\n\t\t\t<\/div>\n\t\t<\/div>\n\t<\/div>\n\t<div class=\"contact-2\">\n\t\t<div class=\"message\">\n\t\t\t<p><label><strong>Mesaj<\/strong><span style=\"color:#ed0028;\">*<\/span><br \/>\n<span class=\"wpcf7-form-control-wrap\" data-name=\"your-message\"><textarea cols=\"50\" rows=\"16\" class=\"wpcf7-form-control wpcf7-textarea wpcf7-validates-as-required\" aria-required=\"true\" aria-invalid=\"false\" name=\"your-message\"><\/textarea><\/span> <\/label>\n\t\t\t<\/p>\n\t\t<\/div>\n\t\t<div class=\"formtop-but\">\n\t\t\t<p><input class=\"wpcf7-form-control wpcf7-submit has-spinner\" type=\"submit\" value=\"Mesaj G\u00f6nder\" \/>\n\t\t\t<\/p>\n\t\t<\/div>\n\t<\/div>\n<\/div><p style=\"display: none !important;\" class=\"akismet-fields-container\" data-prefix=\"_wpcf7_ak_\"><label>&#916;<textarea name=\"_wpcf7_ak_hp_textarea\" cols=\"45\" rows=\"8\" maxlength=\"100\"><\/textarea><\/label><input type=\"hidden\" id=\"ak_js_1\" name=\"_wpcf7_ak_js\" value=\"165\"\/><script>document.getElementById( \"ak_js_1\" ).setAttribute( \"value\", ( new Date() ).getTime() );<\/script><\/p><input type='hidden' class='wpcf7-pum' value='{\"closepopup\":false,\"closedelay\":0,\"openpopup\":false,\"openpopup_id\":0}' \/><div class=\"wpcf7-response-output\" aria-hidden=\"true\"><\/div>\n<\/form>\n<\/div>\n[\/vc_column_text][vc_separator color=&#8221;custom&#8221; css=&#8221;.vc_custom_1518101042519{padding-left: 30px !important;}&#8221; accent_color=&#8221;#d7d7d7&#8243; el_class=&#8221;hr-cont&#8221;][\/vc_column_inner][\/vc_row_inner][\/vc_column][\/vc_row]<\/p>\n","protected":false},"excerpt":{"rendered":"<p>[vc_row full_width=&#8221;stretch_row_content_no_spaces&#8221; el_class=&#8221;row1&#8243;][vc_column el_class=&#8221;colrow1&#8243;][vc_row_inner][vc_column_inner][rev_slider_vc alias=&#8221;petrelaio-tr&#8221;][\/vc_column_inner][\/vc_row_inner][\/vc_column][\/vc_row][vc_row el_class=&#8221;row-2&#8243;][vc_column width=&#8221;1\/2&#8243; el_class=&#8221;col1&#8243;][vc_column_text el_class=&#8221;main-par&#8221;]Samerkas SA, BP\u2019nin geli\u015fmi\u015f kalorifer yak\u0131t\u0131 ile yuvan\u0131z\u0131 \u0131s\u0131tmak i\u00e7in tam yan\u0131n\u0131zda. BP\u2019nin kalorifer yak\u0131t\u0131, daha fazla tasarrufun yan\u0131 s\u0131ra, t\u00fcketicinin alan\u0131 daha az yak\u0131t ile \u0131s\u0131tabilmesini sa\u011flayan daha verimli yanma \u00f6zelli\u011finden dolay\u0131 daha y\u00fcksek verim sa\u011flayan \u00f6zel bile\u015fimi ile birinci s\u0131n\u0131f, g\u00fcvenilir ve ekonomik bir \u00e7\u00f6z\u00fcmd\u00fcr. [&hellip;]<\/p>\n","protected":false},"author":2,"featured_media":1987,"parent":0,"menu_order":0,"comment_status":"closed","ping_status":"closed","template":"","meta":{"_monsterinsights_skip_tracking":false,"_monsterinsights_sitenote_active":false,"_monsterinsights_sitenote_note":"","_monsterinsights_sitenote_category":0},"acf":[],"aioseo_notices":[],"_links":{"self":[{"href":"https:\/\/samerkasenergy.gr\/tr\/wp-json\/wp\/v2\/pages\/1985"}],"collection":[{"href":"https:\/\/samerkasenergy.gr\/tr\/wp-json\/wp\/v2\/pages"}],"about":[{"href":"https:\/\/samerkasenergy.gr\/tr\/wp-json\/wp\/v2\/types\/page"}],"author":[{"embeddable":true,"href":"https:\/\/samerkasenergy.gr\/tr\/wp-json\/wp\/v2\/users\/2"}],"replies":[{"embeddable":true,"href":"https:\/\/samerkasenergy.gr\/tr\/wp-json\/wp\/v2\/comments?post=1985"}],"version-history":[{"count":0,"href":"https:\/\/samerkasenergy.gr\/tr\/wp-json\/wp\/v2\/pages\/1985\/revisions"}],"wp:featuredmedia":[{"embeddable":true,"href":"https:\/\/samerkasenergy.gr\/tr\/wp-json\/wp\/v2\/media\/1987"}],"wp:attachment":[{"href":"https:\/\/samerkasenergy.gr\/tr\/wp-json\/wp\/v2\/media?parent=1985"}],"curies":[{"name":"wp","href":"https:\/\/api.w.org\/{rel}","templated":true}]}}