{"id":2009,"date":"2018-02-13T07:50:42","date_gmt":"2018-02-13T07:50:42","guid":{"rendered":"https:\/\/samerkasenergy.gr\/viomhxanikoi-pelates\/"},"modified":"2019-04-11T11:25:31","modified_gmt":"2019-04-11T08:25:31","slug":"viomhxanikoi-pelates","status":"publish","type":"page","link":"https:\/\/samerkasenergy.gr\/tr\/viomhxanikoi-pelates\/","title":{"rendered":"\u0392\u0399\u039f\u039c\u0397\u03a7\u0391\u039d\u0399\u039a\u039f\u0399 \u03a0\u0395\u039b\u0391\u03a4\u0395\u03a3"},"content":{"rendered":"<p>[vc_row full_width=&#8221;stretch_row_content_no_spaces&#8221; el_class=&#8221;row1&#8243;][vc_column el_class=&#8221;colrow1&#8243;][vc_row_inner][vc_column_inner][\/vc_column_inner][\/vc_row_inner][vc_row_inner el_class=&#8221;main-bg&#8221; el_id=&#8221;main-bg&#8221;][vc_column_inner el_class=&#8221;bp-bg&#8221; width=&#8221;1\/2&#8243;][vc_single_image image=&#8221;1261&#8243; img_size=&#8221;full&#8221; el_class=&#8221;bp-img&#8221;][\/vc_column_inner][vc_column_inner el_class=&#8221;merc-bg&#8221; width=&#8221;1\/2&#8243;][\/vc_column_inner][\/vc_row_inner][\/vc_column][\/vc_row][vc_row el_class=&#8221;row-2&#8243;][vc_column width=&#8221;1\/3&#8243; el_class=&#8221;col1&#8243;][vc_column_text]<\/p>\n<div class=\"mini-title\">BP<\/div>\n<div class=\"big-title\">End\u00fcstriyel m\u00fc\u015fteriler<\/div>\n<div class=\"hr\"><\/div>\n<p>[\/vc_column_text][vc_column_text el_class=&#8221;main-par&#8221;]Samerkas SA, tam kapsaml\u0131 enerji ihtiya\u00e7lar\u0131n\u0131 ve filo bak\u0131m\u0131n\u0131 \u00f6nemseyecek \u015fekilde uzmanlar\u0131n yan\u0131ndad\u0131r. \u00d6zelle\u015ftirilmi\u015f hizmetlerle her t\u00fcrde ticari araca dizel ve ya\u011f tedariki sa\u011flamaktay\u0131z.<\/p>\n<p>Her zaman Do\u011fu Makedonya ve Trakya\u2019da kapsama noktalar\u0131m\u0131z\u0131 geni\u015fletmeyi hedefleyerek ve kendimize ait tanker kamyonlar\u0131ndan ve da\u011f\u0131t\u0131m ara\u00e7lar\u0131ndan olu\u015fan \u00f6zel filomuzu mobilize ederek, end\u00fcstriyel ve profesyonel m\u00fc\u015fterilerimize ve ortaklar\u0131m\u0131za h\u0131zl\u0131 ve eksiksiz tedarik hizmeti vermek i\u00e7in her zaman buraday\u0131z.[\/vc_column_text][\/vc_column][vc_column width=&#8221;1\/3&#8243; el_class=&#8221;col2&#8243;][vc_column_text el_class=&#8221;main-par&#8221;]Geli\u015ftirilen akaryak\u0131t teknolojisi, end\u00fcstriyel ve profesyonel ara\u00e7lar\u0131n \u00f6zel gerekliliklerini kar\u015f\u0131layarak ve hem motor performans\u0131n\u0131 hem de motordaki kirletici maddelerden korunmay\u0131 maksimize ederek, profesyonel bak\u0131m i\u00e7in de uygulan\u0131r. Amac\u0131m\u0131z en verimli ve ayn\u0131 zamanda en ekonomik tedarik s\u00fcrecini sa\u011flamakt\u0131r.[\/vc_column_text][\/vc_column][vc_column width=&#8221;1\/3&#8243; el_class=&#8221;col3&#8243;][vc_column_text]<\/p>\n<div class=\"mini-title\">Profesyoneller i\u00e7in<\/div>\n<div class=\"big-title\">Benzersiz \u00e7\u00f6z\u00fcmler<\/div>\n<p>[\/vc_column_text][vc_raw_html]JTNDYnIlMjAlMkYlM0UlQzQlQjAlQzUlOUYlMjBmaWxvbGFyJUM0JUIxbiVDNCVCMW4lMjBpaHRpeWElQzMlQTclMjBkdXlkdSVDNCU5RnUlMjBha2FyeWFrJUM0JUIxdCUyMHZlJTIweWElQzQlOUYlMjB1eWd1bGFtYWxhciVDNCVCMSUyMGklQzMlQTdpbiUyMGthcHNhbWwlQzQlQjElMjBiYWslQzQlQjFtJTIwdmUlMjBkZXN0ZWslMjBzdW5hcmFrJTJDJTIwNjglMjB5JUM0JUIxbGwlQzQlQjFrJTIwZGVuZXlpbSUyMGlsZSUyMHByb2Zlc3lvbmVsbGVyaW4lMjB5YW4lQzQlQjFuZGF5JUM0JUIxei4lMjAlM0NiciUyMCUyRiUzRSUzQ2JyJTIwJTJGJTNFJTBBJTNDZGl2JTIwY2xhc3MlM0QlMjJ0aWNrcyUyMiUzRSUwQSUyMCUyMCUzQ2RpdiUyMGNsYXNzJTNEJTIydGlja3MtMSUyMiUzRSUzQ3NwYW4lMjBjbGFzcyUzRCUyMmhoaCUyMHZ2diUyMiUzRSUzQyUyRnNwYW4lM0VEZW5leWltJTIwdmUlMjB1em1hbmwlQzQlQjFrdGElMjAlMjAlM0NzdHJvbmclM0U2OCUyMHklQzQlQjFsJTNDJTJGc3Ryb25nJTNFJTNDJTJGZGl2JTNFJTBBJTIwJTIwJTNDZGl2JTIwY2xhc3MlM0QlMjJ0aWNrcy0xJTIyJTNFJTNDc3BhbiUyMGNsYXNzJTNEJTIyaGhoJTIwdnZ2JTIyJTNFJTNDJTJGc3BhbiUzRVQlQzMlQkNrZXRpY2l5ZSUyMGhpem1ldHRlJTIwJTIwJTNDc3Ryb25nJTNFNjglMjB5JUM0JUIxbCUzQyUyRnN0cm9uZyUzRSUzQyUyRmRpdiUzRSUwQSUyMCUyMCUzQ2RpdiUyMGNsYXNzJTNEJTIydGlja3MtMSUyMiUzRSUzQ3NwYW4lMjBjbGFzcyUzRCUyMmhoaCUyMHZ2diUyMiUzRSUzQyUyRnNwYW4lM0VBa2FyeWFrJUM0JUIxdCUyMGlub3Zhc3lvbnVuZGElMjAlM0NzdHJvbmclM0U2OCUyMHklQzQlQjFsJTNDJTJGc3Ryb25nJTNFJTNDJTJGZGl2JTNFJTBBJTIwJTIwJTNDZGl2JTIwY2xhc3MlM0QlMjJ0aWNrcy0xJTIyJTNFJTNDc3BhbiUyMGNsYXNzJTNEJTIyaGhoJTIwdnZ2JTIyJTNFJTNDJTJGc3BhbiUzRUVuJTIwaXlpJTIwa2FsaXRleWklMjBzYSVDNCU5RmxhbWFkYSUyMCUzQ3N0cm9uZyUzRTY4JTIweSVDNCVCMWwlM0MlMkZzdHJvbmclM0UlM0MlMkZkaXYlM0UlMEElMjAlMjAlM0NkaXYlMjBjbGFzcyUzRCUyMnRpY2tzLTElMjIlM0UlM0NzcGFuJTIwY2xhc3MlM0QlMjJoaGglMjB2dnYlMjIlM0UlM0MlMkZzcGFuJTNFSGVyJTIwbW90b3J1biUyMGJhayVDNCVCMW0lQzQlQjFuZGElMjAlM0NzdHJvbmclM0U2OCUyMHklQzQlQjFsJTNDJTJGc3Ryb25nJTNFJTNDJTJGZGl2JTNFJTBBJTNDJTJGZGl2JTNF[\/vc_raw_html][\/vc_column][vc_column el_class=&#8221;hidden&#8221;][vc_raw_html css=&#8221;.vc_custom_1538396796104{margin-top: 20px !important;}&#8221;]JTNDZGl2JTIwY2xhc3MlM0QlMjJidXQlMjIlM0UlMEElMjAlM0NhJTIwaHJlZiUzRCUyMiUyMyUyMiUzRSUwQSUyMCUzQ2RpdiUyMGNsYXNzJTNEJTIyYnV0dG9uJTIyJTNFJTBBJTIwJTIwJTNDZGl2JTIwY2xhc3MlM0QlMjJidXQtdHh0JTIyJTNFTGVhcm4lMjAlM0NzcGFuJTIwc3R5bGUlM0QlMjJmb250LXdlaWdodCUzQTYwMCUzQiUyMiUzRW1vcmUlM0MlMkZzcGFuJTNFJTNDJTJGZGl2JTNFJTBBJTIwJTIwJTNDZGl2JTIwY2xhc3MlM0QlMjJidXQtYXJyb3clMjIlM0UlM0NpbWclMjBzcmMlM0QlMjJodHRwcyUzQSUyRiUyRnd3dy5zYW1lcmthc2VuZXJneS5nciUyRndwLWNvbnRlbnQlMkZ1cGxvYWRzJTJGMjAxOCUyRjAyJTJGYXJyb3ctOTR4MTMuc3ZnJTIyJTIwd2lkdGglM0QlMjI5NHB4JTIyJTIwaGVpZ2h0JTNEJTIyMTNweCUyMiUzRSUyMCUzQyUyRmRpdiUzRSUwQSUyMCUyMCUzQyUyRmRpdiUzRSUwQSUyMCUzQyUyRmElM0UlMEElM0MlMkZkaXYlM0U=[\/vc_raw_html][\/vc_column][\/vc_row][vc_row full_width=&#8221;stretch_row_content_no_spaces&#8221; el_class=&#8221;row3&#8243;][vc_column][vc_row_inner][vc_column_inner el_class=&#8221;ggcol1&#8243; width=&#8221;1\/4&#8243;][vc_raw_html css=&#8221;.vc_custom_1525860333225{margin-top: 20px !important;}&#8221;]JTNDZGl2JTIwY2xhc3MlM0QlMjJlaWtvbmlkaWElMjIlM0UlMEElMjAlM0NpbWclMjBzcmMlM0QlMjJodHRwcyUzQSUyRiUyRnd3dy5zYW1lcmthc2VuZXJneS5nciUyRndwLWNvbnRlbnQlMkZ1cGxvYWRzJTJGMjAxOCUyRjAyJTJGZXVyby03MHg2MHNhbWVya2FzLnN2ZyUyMiUyMHdpZHRoJTNEJTIyNzBweCUyMiUyMGhlaWdodCUzRCUyMjYwcHglMjIlM0UlMEElM0MlMkZkaXYlM0U=[\/vc_raw_html][vc_column_text el_class=&#8221;heads&#8221;]<\/p>\n<div class=\"eikonidia-heads\">Maksimum<\/div>\n<div class=\"eikonidia-heads\">Ekonomi<\/div>\n<p>[\/vc_column_text][vc_column_text el_class=&#8221;trio-let&#8221;]Akaryak\u0131t\u0131m\u0131z\u0131n performans ve koruma optimizasyonunun yan\u0131 s\u0131ra \u015firketimizin ekonomik politikas\u0131n\u0131n teknolojik evrimini g\u00f6z \u00f6n\u00fcnde bulundurarak, sizlere \u00fcr\u00fcnlerimizle benzersiz bir \u015fekilde para ve enerji tasarrufu sunuyoruz.[\/vc_column_text][\/vc_column_inner][vc_column_inner el_class=&#8221;ggcol2&#8243; width=&#8221;1\/4&#8243;][vc_raw_html css=&#8221;.vc_custom_1525860338354{margin-top: 20px !important;}&#8221;]JTNDZGl2JTIwY2xhc3MlM0QlMjJlaWtvbmlkaWElMjIlM0UlMEElMjAlM0NpbWclMjBzcmMlM0QlMjJodHRwcyUzQSUyRiUyRnd3dy5zYW1lcmthc2VuZXJneS5nciUyRndwLWNvbnRlbnQlMkZ1cGxvYWRzJTJGMjAxOCUyRjA0JTJGYW1lc2ktZWtzeXBpcmV0aXNpLTcweDYwLWNvcHktM3N2Zy5zdmclMjIlMjB3aWR0aCUzRCUyMjcwcHglMjIlMjBoZWlnaHQlM0QlMjI2MHB4JTIyJTNFJTBBJTNDJTJGZGl2JTNF[\/vc_raw_html][vc_column_text el_class=&#8221;heads&#8221;]<\/p>\n<div class=\"eikonidia-heads\">H\u0131zl\u0131<\/div>\n<div class=\"eikonidia-heads\">Hizmet<\/div>\n<p>[\/vc_column_text][vc_column_text el_class=&#8221;trio-let&#8221;]Samerkas SA\u2019da modern ve tam donan\u0131ml\u0131 ara\u00e7 filolar\u0131 bulunmaktad\u0131r. B\u00f6ylece her i\u015fletmenin ihtiya\u00e7lar\u0131n\u0131 en kapsaml\u0131 \u015fekilde kar\u015f\u0131layarak end\u00fcstriyel m\u00fc\u015fterilere h\u0131zl\u0131 ve eksiksiz hizmet garanti edilmektedir.[\/vc_column_text][\/vc_column_inner][vc_column_inner el_class=&#8221;ggcol3&#8243; width=&#8221;1\/4&#8243;][vc_raw_html css=&#8221;.vc_custom_1525860342857{margin-top: 20px !important;}&#8221;]JTNDZGl2JTIwY2xhc3MlM0QlMjJlaWtvbmlkaWElMjIlM0UlMEElMjAlM0NpbWclMjBzcmMlM0QlMjJodHRwcyUzQSUyRiUyRnd3dy5zYW1lcmthc2VuZXJneS5nciUyRndwLWNvbnRlbnQlMkZ1cGxvYWRzJTJGMjAxOCUyRjAyJTJGc3RhZ29uYS03MHg2MC1naWEta2F5c2ltYXNhbWVya2FzLnN2ZyUyMiUyMHdpZHRoJTNEJTIyNzBweCUyMiUyMGhlaWdodCUzRCUyMjYwcHglMjIlM0UlMEElM0MlMkZkaXYlM0U=[\/vc_raw_html][vc_column_text el_class=&#8221;heads&#8221;]<\/p>\n<div class=\"eikonidia-heads\">Akaryak\u0131t<\/div>\n<div class=\"eikonidia-heads\">Kalitesi<\/div>\n<p>[\/vc_column_text][vc_column_text el_class=&#8221;trio-let&#8221;]S\u00fcrekli kalite kontrolleri ve onayl\u0131 \u00fcreticimiz, akaryak\u0131t kalitesinin en iyi ve devaml\u0131 kan\u0131t\u0131d\u0131r. Bu, y\u00fcksek performans, do\u011fru ekonomi, sosyal ve \u00e7evresel sorumluluk ve hepsinin \u00f6tesinde sizin g\u00fcl\u00fcmsemeniz ile e\u015f anlaml\u0131d\u0131r.[\/vc_column_text][\/vc_column_inner][vc_column_inner el_class=&#8221;ggcol4&#8243; width=&#8221;1\/4&#8243;][vc_raw_html css=&#8221;.vc_custom_1525860347865{margin-top: 20px !important;}&#8221;]JTNDZGl2JTIwY2xhc3MlM0QlMjJlaWtvbmlkaWElMjIlM0UlMEElMjAlM0NpbWclMjBzcmMlM0QlMjJodHRwcyUzQSUyRiUyRnd3dy5zYW1lcmthc2VuZXJneS5nciUyRndwLWNvbnRlbnQlMkZ1cGxvYWRzJTJGMjAxOCUyRjAyJTJGcHJvc3Rhc2lhLTcweDYwc2FtZXJrYXMuc3ZnJTIyJTIwd2lkdGglM0QlMjI3MHB4JTIyJTIwaGVpZ2h0JTNEJTIyNjBweCUyMiUzRSUwQSUzQyUyRmRpdiUzRQ==[\/vc_raw_html][vc_column_text el_class=&#8221;heads&#8221;]<\/p>\n<div class=\"eikonidia-heads\">Motor<\/div>\n<div class=\"eikonidia-heads\">Koruma<\/div>\n<p>[\/vc_column_text][vc_column_text el_class=&#8221;trio-let&#8221;]BP\u2019nin ACTIVE akaryak\u0131t teknolojisi ile BP ve Castrol imzal\u0131 kabul g\u00f6ren onayl\u0131 ya\u011flar, ger\u00e7ek hayatta g\u00f6r\u00fcl\u00fcr sonu\u00e7larla ara\u00e7 motorunuzun ger\u00e7ek anlamda korunmas\u0131n\u0131 garanti eder.[\/vc_column_text][\/vc_column_inner][\/vc_row_inner][\/vc_column][\/vc_row][vc_row el_class=&#8221;row4&#8243;][vc_column width=&#8221;1\/4&#8243; el_class=&#8221;ff-left&#8221;][vc_column_text]<\/p>\n<div class=\"mini-title\">Mevcut<\/div>\n<div class=\"big-title\">\u00dcr\u00fcnler<\/div>\n<div class=\"hr\"><\/div>\n<p>[\/vc_column_text][\/vc_column][vc_column width=&#8221;3\/4&#8243; el_class=&#8221;ff-right&#8221;][vc_column_text el_class=&#8221;main-par&#8221;]Profesyonel arac\u0131n\u0131z i\u00e7in en iyi akaryak\u0131t\u0131 se\u00e7in ve motor performans\u0131n\u0131 korumak ve maksimize etmek amac\u0131yla en iyi ve \u00f6zelle\u015ftirilmi\u015f BP ve Castrol ya\u011flar\u0131yla kombine ederek, BP\u2019nin kan\u0131tlanm\u0131\u015f teknolojilerinden ve garanti edilen kalitesinden yararlan\u0131n.[\/vc_column_text][\/vc_column][\/vc_row][vc_row el_class=&#8221;row5&#8243; el_id=&#8221;prods&#8221;][vc_column width=&#8221;1\/3&#8243; el_class=&#8221;prod-bg&#8221;][vc_single_image image=&#8221;1312&#8243; img_size=&#8221;full&#8221;][vc_raw_html]JTNDZGl2JTIwY2xhc3MlM0QlMjJwcm9kcyUyMiUzRSUwQSUyMCUyMCUzQ2RpdiUyMGNsYXNzJTNEJTIycHJvZHMtaGVhZCUyMiUzRURpemVsJTIwQWN0aXZlJTNDJTJGZGl2JTNFJTBBJTIwJTIwJTNDZGl2JTIwY2xhc3MlM0QlMjJwcm9kcy10eHQlMjIlM0VTdXBlciUyQyUyMGJpeiUyMCVFMiU4MCU5Q2FrJUM0JUIxbGwlQzQlQjElRTIlODAlOUQlMjBkaXlvcnV6JTJDJTIwbW90b3J1biUyMGVuJTIweSVDMyVCQ2tzZWslMjBwZXJmb3JtYW5zJUM0JUIxJTIwdmUlMjBrb3J1bm1hcyVDNCVCMSUyMGklQzMlQTdpbiUyMEFDVElWRSUyMHRla25vbG9qaXNpJTIwaWxlJTIwZyVDMyVCQyVDMyVBN2xlbmRpcmlsbWklQzUlOUZ0aXIuJTIwJTNDJTJGZGl2JTNFJTBBJTIwJTIwJTNDZGl2JTIwY2xhc3MlM0QlMjJ0aWNrcyUyMiUzRSUwQSUyMCUyMCUyMCUyMCUzQ2RpdiUyMGNsYXNzJTNEJTIydGlja3MtMSUyMiUzRSUzQ3N0cm9uZyUzRUthdGVnb3JpJTNBJTNDJTJGc3Ryb25nJTNFJTIwRGl6ZWwlM0MlMkZkaXYlM0UlMEElMjAlMjAlMjAlMjAlM0NkaXYlMjBjbGFzcyUzRCUyMnRpY2tzLTElMjIlM0UlM0NzdHJvbmclM0UlQzMlOUNyZXRpY2klM0ElM0MlMkZzdHJvbmclM0UlMjBCUCUzQyUyRmRpdiUzRSUwQSUyMCUyMCUyMCUyMCUzQ2RpdiUyMGNsYXNzJTNEJTIydGlja3MtMSUyMiUzRSUzQ3N0cm9uZyUzRVV5Z3VubHVrJTNBJTNDJTJGc3Ryb25nJTNFJTIwJUMzJUI2emVsJTIwdmUlMjBwcm9mZXN5b25lbCUyMGRpemVsJTIwa3VsbGFuJUM0JUIxbSVDNCVCMSUzQyUyRmRpdiUzRSUwQSUyMCUyMCUyMCUyMCUzQ2RpdiUyMGNsYXNzJTNEJTIydGlja3MtMSUyMiUzRSUzQ3N0cm9uZyUzRVRla25vbG9qaSUzQSUzQyUyRnN0cm9uZyUzRSUyMEJQJUUyJTgwJTk5bmluJTIwQUNUSVZFJTIwdGVrbm9sb2ppc2klM0MlMkZkaXYlM0UlMEElMjAlMjAlMjAlMjAlM0NkaXYlMjBjbGFzcyUzRCUyMnRpY2tzLTElMjIlM0UlM0NzdHJvbmclM0UlQzMlOTZ6ZWxsaWtsZXIlM0ElM0MlMkZzdHJvbmclM0UlMjBIZXIlMjBkb2x1bSUyMGklQzMlQTdpbiUyMGRhaGElMjBmYXpsYSUyMGtpbG9tZXRyZSUyMHBlcmZvcm1hbnMlQzQlQjElMkMlMjBNb3RvciUyMGtvcnVtYSUyQyUyMERhaGElMjBZdW11JUM1JTlGYWslMjBzJUMzJUJDciVDMyVCQyVDNSU5RiUyMGRhdnJhbiVDNCVCMSVDNSU5RiVDNCVCMSUyQyUyMEF6YWx0JUM0JUIxbG0lQzQlQjElQzUlOUYlMjBhciVDNCVCMXphJTIwb2xhcyVDNCVCMWwlQzQlQjElQzQlOUYlQzQlQjEuJTNDJTJGZGl2JTNFJTBBJTIwJTIwJTNDJTJGZGl2JTNFJTBBJTNDJTJGZGl2JTNF[\/vc_raw_html][vc_raw_html css=&#8221;.vc_custom_1538472043054{margin-top: 25px !important;}&#8221; el_class=&#8221;but-prod&#8221;]JTNDZGl2JTIwY2xhc3MlM0QlMjJidXQlMjIlM0UlMEElM0NhJTIwaHJlZiUzRCUyMmh0dHBzJTNBJTJGJTJGd3d3LmJwLmNvbSUyRmVuX2diJTJGdW5pdGVkLWtpbmdkb20lMkZwcm9kdWN0cy1zZXJ2aWNlcyUyRmZ1ZWxzJTJGYnAtdWx0aW1hdGUtZGllc2VsLXdpdGgtYWN0aXZlLXRlY2hub2xvZ3kuaHRtbCUyMiUyMHRhcmdldCUzRCUyMl9ibGFuayUyMiUzRSUwQSUzQ2RpdiUyMGNsYXNzJTNEJTIyYnV0dG9uLXNtYWxsJTIyJTNFJTBBJTIwJTIwJTNDZGl2JTIwY2xhc3MlM0QlMjJidXQtdHh0LXNtJTIyJTNFRGFoYSUyMGZhemxhJTNDJTJGZGl2JTNFJTBBJTIwJTIwJTNDZGl2JTIwY2xhc3MlM0QlMjJidXQtYXJyb3ctc20lMjIlM0UlM0NpbWclMjBzcmMlM0QlMjJodHRwcyUzQSUyRiUyRnd3dy5zYW1lcmthc2VuZXJneS5nciUyRndwLWNvbnRlbnQlMkZ1cGxvYWRzJTJGMjAxOCUyRjAyJTJGYXJyb3ctNjF4MTIuc3ZnJTIyJTIwd2lkdGglM0QlMjI2MXB4JTIyJTIwaGVpZ2h0JTNEJTIyMTJweCUyMiUzRSUyMCUzQyUyRmRpdiUzRSUwQSUzQyUyRmRpdiUzRSUzQyUyRmElM0UlMEElM0MlMkZkaXYlM0U=[\/vc_raw_html][\/vc_column][vc_column width=&#8221;1\/3&#8243; el_class=&#8221;prod-bg&#8221;][vc_single_image image=&#8221;1101&#8243; img_size=&#8221;full&#8221;][vc_raw_html]JTNDZGl2JTIwY2xhc3MlM0QlMjJwcm9kcyUyMiUzRSUwQSUyMCUyMCUzQ2RpdiUyMGNsYXNzJTNEJTIycHJvZHMtaGVhZCUyMiUzRVVsdGltYXRlJTIwRGllc2VsJTNDJTJGZGl2JTNFJTBBJTIwJTIwJTNDZGl2JTIwY2xhc3MlM0QlMjJwcm9kcy10eHQlMjIlM0VFbiUyMGZhemxhJTIwc2F0YW4lMjB2ZSUyMG1vdG9yZGFuJTIwemFyYXJsJUM0JUIxJTIwa2lybGV0aWNpJTIwbWFkZGVsZXJpJTIwa2FsZCVDNCVCMXJhbiUyMEFDVElWRSUyMHRla25vbG9qaXNpJTIwaWxlJTIwZyVDMyVCQyVDMyVBN2xlbmRpcmlsZW4lMjBCUCUyMERpemVsLiUyMCUzQyUyRmRpdiUzRSUwQSUyMCUyMCUzQ2RpdiUyMGNsYXNzJTNEJTIydGlja3MlMjIlM0UlMEElMjAlMjAlMjAlMjAlM0NkaXYlMjBjbGFzcyUzRCUyMnRpY2tzLTElMjIlM0UlM0NzdHJvbmclM0VLYXRlZ29yaSUzQSUzQyUyRnN0cm9uZyUzRSUyMERpemVsJTNDJTJGZGl2JTNFJTBBJTIwJTIwJTIwJTIwJTNDZGl2JTIwY2xhc3MlM0QlMjJ0aWNrcy0xJTIyJTNFJTNDc3Ryb25nJTNFJUMzJTlDcmV0aWNpJTNBJTNDJTJGc3Ryb25nJTNFJTIwQlAlM0MlMkZkaXYlM0UlMEElMjAlMjAlMjAlMjAlM0NkaXYlMjBjbGFzcyUzRCUyMnRpY2tzLTElMjIlM0UlM0NzdHJvbmclM0VVeWd1bmx1ayUzQSUzQyUyRnN0cm9uZyUzRSUyMCVDMyVCNnplbCUyMHZlJTIwcHJvZmVzeW9uZWwlMjBkaXplbCUyMGt1bGxhbiVDNCVCMW0lQzQlQjElM0MlMkZkaXYlM0UlMEElMjAlMjAlMjAlMjAlM0NkaXYlMjBjbGFzcyUzRCUyMnRpY2tzLTElMjIlM0UlM0NzdHJvbmclM0VUZWtub2xvamklM0ElM0MlMkZzdHJvbmclM0UlMjBCUCVFMiU4MCU5OW5pbiUyMEFDVElWRSUyMHRla25vbG9qaXNpJTNDJTJGZGl2JTNFJTBBJTIwJTIwJTIwJTIwJTNDZGl2JTIwY2xhc3MlM0QlMjJ0aWNrcy0xJTIyJTNFJTNDc3Ryb25nJTNFJUMzJTk2emVsbGlrbGVyJTNBJTNDJTJGc3Ryb25nJTNFJTIwTWFrc2ltdW0lMjBwZXJmb3JtYW5zJTJDJTIwSGVyJTIwZG9sdW0lMjBpJUMzJUE3aW4lMjBhemFtaSUyMDYxJTIwa2lsb21ldHJlJTIwZGFoYSUyMGZhemxhJTIwcGVyZm9ybWFucyUyQyUyME1vYmlsJTIwa29ydW1hJTJDJTIwRGFoYSUyMFl1bXUlQzUlOUZhayUyMHMlQzMlQkNyJUMzJUJDJUM1JTlGJTIwZGF2cmFuJUM0JUIxJUM1JTlGJUM0JUIxJTJDJTIwQXphbHQlQzQlQjFsbSVDNCVCMSVDNSU5RiUyMGFyJUM0JUIxemElMjBvbGFzJUM0JUIxbCVDNCVCMSVDNCU5RiVDNCVCMS4lM0MlMkZkaXYlM0UlMEElMjAlMjAlM0MlMkZkaXYlM0UlMEElM0MlMkZkaXYlM0U=[\/vc_raw_html][vc_raw_html css=&#8221;.vc_custom_1538472054589{margin-top: 25px !important;}&#8221; el_class=&#8221;but-prod&#8221;]JTNDZGl2JTIwY2xhc3MlM0QlMjJidXQlMjIlM0UlMEElM0NhJTIwaHJlZiUzRCUyMmh0dHBzJTNBJTJGJTJGd3d3LmJwLmNvbSUyRmVuX2diJTJGdW5pdGVkLWtpbmdkb20lMkZwcm9kdWN0cy1zZXJ2aWNlcyUyRmZ1ZWxzJTJGYnAtdWx0aW1hdGUtZGllc2VsLXdpdGgtYWN0aXZlLXRlY2hub2xvZ3kuaHRtbCUyMiUyMHRhcmdldCUzRCUyMl9ibGFuayUyMiUzRSUwQSUzQ2RpdiUyMGNsYXNzJTNEJTIyYnV0dG9uLXNtYWxsJTIyJTNFJTBBJTIwJTIwJTNDZGl2JTIwY2xhc3MlM0QlMjJidXQtdHh0LXNtJTIyJTNFRGFoYSUyMGZhemxhJTNDJTJGZGl2JTNFJTBBJTIwJTIwJTNDZGl2JTIwY2xhc3MlM0QlMjJidXQtYXJyb3ctc20lMjIlM0UlM0NpbWclMjBzcmMlM0QlMjJodHRwcyUzQSUyRiUyRnd3dy5zYW1lcmthc2VuZXJneS5nciUyRndwLWNvbnRlbnQlMkZ1cGxvYWRzJTJGMjAxOCUyRjAyJTJGYXJyb3ctNjF4MTIuc3ZnJTIyJTIwd2lkdGglM0QlMjI2MXB4JTIyJTIwaGVpZ2h0JTNEJTIyMTJweCUyMiUzRSUyMCUzQyUyRmRpdiUzRSUwQSUzQyUyRmRpdiUzRSUzQyUyRmElM0UlMEElM0MlMkZkaXYlM0U=[\/vc_raw_html][\/vc_column][vc_column width=&#8221;1\/3&#8243; el_class=&#8221;prod-bg&#8221;][vc_single_image image=&#8221;1305&#8243; img_size=&#8221;full&#8221;][vc_raw_html]JTNDZGl2JTIwY2xhc3MlM0QlMjJwcm9kcyUyMiUzRSUwQSUyMCUyMCUzQ2RpdiUyMGNsYXNzJTNEJTIycHJvZHMtaGVhZCUyMiUzRSVDMyU5NnplbCUyMHlhJUM0JTlGbGFyJTNDJTJGZGl2JTNFJTBBJTIwJTIwJTNDZGl2JTIwY2xhc3MlM0QlMjJwcm9kcy10eHQlMjIlM0VCUCUyMHZlJTIwQ2FzdHJvbCVFMiU4MCU5OSVDMyVCQ24lMjAlQzMlQjZuYyVDMyVCQyUyMHRla2xpZmxlcmklMkMlMjBtb3RvciUyMGtvcnVtYSUyMHZlJTIwbWFrc2ltdW0lMjBwZXJmb3JtYW5zJTIwaSVDMyVBN2luJTIwZ2FyYW50aSUyMGVkaWxlbiUyMGthbGl0ZWRpci4lM0MlMkZkaXYlM0UlMEElMjAlMjAlM0NkaXYlMjBjbGFzcyUzRCUyMnRpY2tzJTIyJTNFJTBBJTIwJTIwJTIwJTIwJTNDZGl2JTIwY2xhc3MlM0QlMjJ0aWNrcy0xJTIyJTNFJTNDc3Ryb25nJTNFS2F0ZWdvcmklM0ElM0MlMkZzdHJvbmclM0UlMjBZYSVDNCU5RmxhciUzQyUyRmRpdiUzRSUwQSUyMCUyMCUyMCUyMCUzQ2RpdiUyMGNsYXNzJTNEJTIydGlja3MtMSUyMiUzRSUzQ3N0cm9uZyUzRSVDMyU5Q3JldGljaSUzQSUzQyUyRnN0cm9uZyUzRSUyMEJQJTJDJTIwQ2FzdHJvbCUzQyUyRmRpdiUzRSUwQSUyMCUyMCUyMCUyMCUzQ2RpdiUyMGNsYXNzJTNEJTIydGlja3MtMSUyMiUzRSUzQ3N0cm9uZyUzRVV5Z3VubHVrJTNBJTNDJTJGc3Ryb25nJTNFJTIwVGljYXJpJTIwYXJhJUMzJUE3bGFyJTIwJTNDJTJGZGl2JTNFJTBBJTIwJTIwJTIwJTIwJTNDZGl2JTIwY2xhc3MlM0QlMjJ0aWNrcy0xJTIyJTNFJTNDc3Ryb25nJTNFVGVrbm9sb2ppJTNBJTNDJTJGc3Ryb25nJTNFJTIwJUMzJTk2emVsJTIwS29ydW1hJTIwVGVrbm9sb2ppc2klM0MlMkZkaXYlM0UlMEElMjAlMjAlMjAlMjAlM0NkaXYlMjBjbGFzcyUzRCUyMnRpY2tzLTElMjIlM0UlM0NzdHJvbmclM0UlQzMlOTZ6ZWxsaWtsZXIlM0ElM0MlMkZzdHJvbmclM0UlMjBNYWtzaW11bSUyMHBlcmZvcm1hbnMlMkMlMjAlQzMlOTZ6ZWwlMjBrb3J1bWEuJTNDJTJGZGl2JTNFJTBBJTIwJTIwJTNDJTJGZGl2JTNFJTBBJTNDJTJGZGl2JTNF[\/vc_raw_html][vc_raw_html css=&#8221;.vc_custom_1538472063510{margin-top: 25px !important;}&#8221; el_class=&#8221;but-prod&#8221;]JTNDZGl2JTIwY2xhc3MlM0QlMjJidXQlMjIlM0UlMEElM0NhJTIwaHJlZiUzRCUyMmh0dHBzJTNBJTJGJTJGd3d3LnNhbWVya2FzZW5lcmd5LmdyJTJGdHIlMkZsaXBhbnRpa2ElMkYlMjIlM0UlMEElM0NkaXYlMjBjbGFzcyUzRCUyMmJ1dHRvbi1zbWFsbCUyMiUzRSUwQSUyMCUyMCUzQ2RpdiUyMGNsYXNzJTNEJTIyYnV0LXR4dC1zbSUyMiUzRURhaGElMjBmYXpsYSUzQyUyRmRpdiUzRSUwQSUyMCUyMCUzQ2RpdiUyMGNsYXNzJTNEJTIyYnV0LWFycm93LXNtJTIyJTNFJTNDaW1nJTIwc3JjJTNEJTIyaHR0cHMlM0ElMkYlMkZ3d3cuc2FtZXJrYXNlbmVyZ3kuZ3IlMkZ3cC1jb250ZW50JTJGdXBsb2FkcyUyRjIwMTglMkYwMiUyRmFycm93LTYxeDEyLnN2ZyUyMiUyMHdpZHRoJTNEJTIyNjFweCUyMiUyMGhlaWdodCUzRCUyMjEycHglMjIlM0UlMjAlM0MlMkZkaXYlM0UlMEElM0MlMkZkaXYlM0UlM0MlMkZhJTNFJTBBJTNDJTJGZGl2JTNF[\/vc_raw_html][\/vc_column][\/vc_row][vc_row el_class=&#8221;row8&#8243;][vc_column width=&#8221;1\/4&#8243; el_class=&#8221;trio-left&#8221;][vc_column_text]<\/p>\n<div class=\"mini-title\">Samerkas<\/div>\n<div class=\"big-title\">Akaryak\u0131t \u0130stasyonu a\u011f\u0131<\/div>\n<div class=\"hr-prat\"><\/div>\n<p>[\/vc_column_text][\/vc_column][vc_column width=&#8221;3\/4&#8243; el_class=&#8221;trio-right&#8221;][vc_raw_html]JTNDZGl2JTIwY2xhc3MlM0QlMjJ0cmlhJTIyJTNFJTIwJTBBJTIwJTNDZGl2JTIwY2xhc3MlM0QlMjJ0cmlvJTIyJTNFJTBBJTIwJTIwJTIwJTNDZGl2JTIwY2xhc3MlM0QlMjJ0cmlvLWljbyUyMiUzRSUzQ2ltZyUyMHNyYyUzRCUyMmh0dHBzJTNBJTJGJTJGd3d3LnNhbWVya2FzZW5lcmd5LmdyJTJGd3AtY29udGVudCUyRnVwbG9hZHMlMkYyMDE4JTJGMDIlMkZtYXAtcGluLXZlbnppbmktZ2VuaWtvLTQ0eDY4c2FtZXJrYXMuc3ZnJTIyJTIwd2lkdGglM0QlMjI0NHB4JTIyJTIwaGVpZ2h0JTNEJTIyNjhweCUyMiUzRSUyMCUzQyUyRmRpdiUzRSUwQSUyMCUyMCUyMCUzQ2RpdiUyMGNsYXNzJTNEJTIydHJpby1oZWFkJTIyJTNFUyVDNCVCMXYlQzQlQjElMjBha2FyeWFrJUM0JUIxdCUyMHNhdCVDNCVCMSVDNSU5RiUyMHZlJTIwRGElQzQlOUYlQzQlQjF0JUM0JUIxbSUyME5va3RhbGFyJUM0JUIxJTNDJTJGZGl2JTNFJTBBJTIwJTNDJTJGZGl2JTNFJTBBJTIwJTNDZGl2JTIwY2xhc3MlM0QlMjJ0cmlvJTIyJTNFJTBBJTIwJTIwJTIwJTNDZGl2JTIwY2xhc3MlM0QlMjJ0cmlvLWljbyUyMiUzRSUyMCUzQ2ltZyUyMHNyYyUzRCUyMmh0dHBzJTNBJTJGJTJGd3d3LnNhbWVya2FzZW5lcmd5LmdyJTJGd3AtY29udGVudCUyRnVwbG9hZHMlMkYyMDE4JTJGMDIlMkZtYXAtcGluLXlncmFlcmlhLWdlbmlrby00NHg2OHNhbWVya2FzLnN2ZyUyMiUyMHdpZHRoJTNEJTIyNDRweCUyMiUyMGhlaWdodCUzRCUyMjY4cHglMjIlM0UlM0MlMkZkaXYlM0UlMEElMjAlMjAlMjAlM0NkaXYlMjBjbGFzcyUzRCUyMnRyaW8taGVhZCUyMiUzRUFrYXJ5YWslQzQlQjF0JTIwJUM0JUIwc3Rhc3lvbnUlM0MlMkZkaXYlM0UlMEElMjAlM0MlMkZkaXYlM0UlMEElMjAlM0NkaXYlMjBjbGFzcyUzRCUyMnRyaW8lMjIlM0UlMEElMjAlMjAlMjAlM0NkaXYlMjBjbGFzcyUzRCUyMnRyaW8taWNvJTIyJTNFJTIwJTNDaW1nJTIwc3JjJTNEJTIyaHR0cHMlM0ElMkYlMkZ3d3cuc2FtZXJrYXNlbmVyZ3kuZ3IlMkZ3cC1jb250ZW50JTJGdXBsb2FkcyUyRjIwMTglMkYwMiUyRm1hcC1waW4ta2luaXNpLWdlbmlrby00NHg2OHNhbWVya2FzLnN2ZyUyMiUyMHdpZHRoJTNEJTIyNDRweCUyMiUyMGhlaWdodCUzRCUyMjY4cHglMjIlM0UlM0MlMkZkaXYlM0UlMEElMjAlMjAlMjAlM0NkaXYlMjBjbGFzcyUzRCUyMnRyaW8taGVhZCUyMiUzRVRlc2lzJTIwLSUyMEFrYXJ5YWslQzQlQjF0JTIwbmFrbGl5YXQlQzQlQjElMjAlM0MlMkZkaXYlM0UlMEElMjAlM0MlMkZkaXYlM0UlMEElM0MlMkZkaXYlM0U=[\/vc_raw_html][vc_column_text css=&#8221;.vc_custom_1554971116341{margin-top: 30px !important;margin-bottom: 30px !important;}&#8221;]S\u00fcrekli b\u00fcy\u00fcme potansiyeliyle, Do\u011fu Makedonya ve Trakya\u2019da tamamen donan\u0131ml\u0131 11 Akaryak\u0131t \u0130stasyonu, \u00fcr\u00fcn kalitesi ve personel deneyimiyle, kapsaml\u0131 hizmetler ve tedarik kapsam\u0131 sunmaktad\u0131r. Amac\u0131m\u0131z, m\u00fc\u015fteri ile do\u011frudan temas kurmay\u0131 ba\u015farmak, ger\u00e7ek ve eksiksiz destek sa\u011flamakt\u0131r.[\/vc_column_text][vc_raw_html css=&#8221;.vc_custom_1538396828415{margin-top: 20px !important;margin-bottom: 50px !important;}&#8221;]JTNDZGl2JTIwY2xhc3MlM0QlMjJidXQlMjIlM0UlMEElM0NhJTIwaHJlZiUzRCUyMmh0dHBzJTNBJTJGJTJGd3d3LnNhbWVya2FzZW5lcmd5LmdyJTJGdHIlMkZkaWt0eW8tcHJhdGhyaXduJTJGJTIyJTNFJTBBJTNDZGl2JTIwY2xhc3MlM0QlMjJidXR0b24tZXh0cmElMjIlM0UlMEElMjAlMjAlM0NkaXYlMjBjbGFzcyUzRCUyMmJ1dC10eHQlMjIlM0VFbiUyMHlhayVDNCVCMW4lMjBoaXptZXQlMjAlMjAlM0NzcGFuJTIwc3R5bGUlM0QlMjJmb250LXdlaWdodCUzQTYwMCUzQiUyMiUzRWlzdGFzeW9udW51JTIwYnVsdW4lM0MlMkZzcGFuJTNFJTNDJTJGZGl2JTNFJTBBJTIwJTIwJTNDZGl2JTIwY2xhc3MlM0QlMjJidXQtYXJyb3ctZXh0cmElMjIlM0UlM0NpbWclMjBzcmMlM0QlMjJodHRwcyUzQSUyRiUyRnd3dy5zYW1lcmthc2VuZXJneS5nciUyRndwLWNvbnRlbnQlMkZ1cGxvYWRzJTJGMjAxOCUyRjAyJTJGYXJyb3ctOTR4MTMuc3ZnJTIyJTIwd2lkdGglM0QlMjI5NHB4JTIyJTIwaGVpZ2h0JTNEJTIyMTNweCUyMiUzRSUyMCUzQyUyRmRpdiUzRSUwQSUzQyUyRmRpdiUzRSUzQyUyRmElM0UlMEElM0MlMkZkaXYlM0U=[\/vc_raw_html][\/vc_column][\/vc_row]<\/p>\n","protected":false},"excerpt":{"rendered":"<p>[vc_row full_width=&#8221;stretch_row_content_no_spaces&#8221; el_class=&#8221;row1&#8243;][vc_column el_class=&#8221;colrow1&#8243;][vc_row_inner][vc_column_inner][\/vc_column_inner][\/vc_row_inner][vc_row_inner el_class=&#8221;main-bg&#8221; el_id=&#8221;main-bg&#8221;][vc_column_inner el_class=&#8221;bp-bg&#8221; width=&#8221;1\/2&#8243;][vc_single_image image=&#8221;1261&#8243; img_size=&#8221;full&#8221; el_class=&#8221;bp-img&#8221;][\/vc_column_inner][vc_column_inner el_class=&#8221;merc-bg&#8221; width=&#8221;1\/2&#8243;][\/vc_column_inner][\/vc_row_inner][\/vc_column][\/vc_row][vc_row el_class=&#8221;row-2&#8243;][vc_column width=&#8221;1\/3&#8243; el_class=&#8221;col1&#8243;][vc_column_text] BP End\u00fcstriyel m\u00fc\u015fteriler [\/vc_column_text][vc_column_text el_class=&#8221;main-par&#8221;]Samerkas SA, tam kapsaml\u0131 enerji ihtiya\u00e7lar\u0131n\u0131 ve filo bak\u0131m\u0131n\u0131 \u00f6nemseyecek \u015fekilde uzmanlar\u0131n yan\u0131ndad\u0131r. \u00d6zelle\u015ftirilmi\u015f hizmetlerle her t\u00fcrde ticari araca dizel ve ya\u011f tedariki sa\u011flamaktay\u0131z. Her zaman Do\u011fu Makedonya ve Trakya\u2019da kapsama noktalar\u0131m\u0131z\u0131 geni\u015fletmeyi hedefleyerek ve [&hellip;]<\/p>\n","protected":false},"author":2,"featured_media":2011,"parent":0,"menu_order":0,"comment_status":"closed","ping_status":"closed","template":"","meta":{"_monsterinsights_skip_tracking":false,"_monsterinsights_sitenote_active":false,"_monsterinsights_sitenote_note":"","_monsterinsights_sitenote_category":0},"acf":[],"aioseo_notices":[],"_links":{"self":[{"href":"https:\/\/samerkasenergy.gr\/tr\/wp-json\/wp\/v2\/pages\/2009"}],"collection":[{"href":"https:\/\/samerkasenergy.gr\/tr\/wp-json\/wp\/v2\/pages"}],"about":[{"href":"https:\/\/samerkasenergy.gr\/tr\/wp-json\/wp\/v2\/types\/page"}],"author":[{"embeddable":true,"href":"https:\/\/samerkasenergy.gr\/tr\/wp-json\/wp\/v2\/users\/2"}],"replies":[{"embeddable":true,"href":"https:\/\/samerkasenergy.gr\/tr\/wp-json\/wp\/v2\/comments?post=2009"}],"version-history":[{"count":0,"href":"https:\/\/samerkasenergy.gr\/tr\/wp-json\/wp\/v2\/pages\/2009\/revisions"}],"wp:featuredmedia":[{"embeddable":true,"href":"https:\/\/samerkasenergy.gr\/tr\/wp-json\/wp\/v2\/media\/2011"}],"wp:attachment":[{"href":"https:\/\/samerkasenergy.gr\/tr\/wp-json\/wp\/v2\/media?parent=2009"}],"curies":[{"name":"wp","href":"https:\/\/api.w.org\/{rel}","templated":true}]}}