{"id":2035,"date":"2018-02-06T09:24:59","date_gmt":"2018-02-06T09:24:59","guid":{"rendered":"https:\/\/samerkasenergy.gr\/lipantika\/"},"modified":"2019-04-11T11:43:12","modified_gmt":"2019-04-11T08:43:12","slug":"lipantika","status":"publish","type":"page","link":"https:\/\/samerkasenergy.gr\/tr\/lipantika\/","title":{"rendered":"\u039b\u0399\u03a0\u0391\u039d\u03a4\u0399\u039a\u0391"},"content":{"rendered":"<p>[vc_row full_width=&#8221;stretch_row_content_no_spaces&#8221; el_class=&#8221;row1&#8243;][vc_column el_class=&#8221;colrow1&#8243;][vc_row_inner][vc_column_inner][\/vc_column_inner][\/vc_row_inner][vc_row_inner el_id=&#8221;main-bg&#8221; el_class=&#8221;main-bg&#8221;][vc_column_inner el_class=&#8221;bp-bg&#8221; width=&#8221;1\/2&#8243;][vc_single_image image=&#8221;659&#8243; img_size=&#8221;full&#8221; el_class=&#8221;bp-img&#8221;][\/vc_column_inner][vc_column_inner el_class=&#8221;merc-bg&#8221; width=&#8221;1\/2&#8243;][\/vc_column_inner][\/vc_row_inner][\/vc_column][\/vc_row][vc_row full_width=&#8221;stretch_row_content&#8221; el_class=&#8221;row-2&#8243;][vc_column][vc_row_inner][vc_column_inner el_class=&#8221;col1&#8243; width=&#8221;1\/3&#8243;][vc_column_text]<\/p>\n<div class=\"mini-title\">CASTROL BP<\/div>\n<div class=\"big-title\">Ya\u011f \u00dcr\u00fcnleri<\/div>\n<div class=\"hr\"><\/div>\n<p>[\/vc_column_text][vc_column_text el_class=&#8221;main-par&#8221;]Samerkas SA\u2019da her t\u00fcrde ara\u00e7 i\u00e7in geni\u015f yelpazede ya\u011flar bulunmaktad\u0131r. Motosiklet ve \u00f6zel arac\u0131n\u0131zdan ticari, profesyonel, end\u00fcstriyel ara\u00e7lara ve teknelere, motorunuzun bak\u0131m\u0131 ve t\u00fcm mekanik par\u00e7alar\u0131n uygun i\u015fleyi\u015fi i\u00e7in do\u011fru ya\u011f\u0131 bulabilirsiniz.<\/p>\n<p>BP ve Castrol onayl\u0131 \u00fcr\u00fcnlerimiz, arac\u0131n\u0131z\u0131n motorunun ve mekanik par\u00e7alar\u0131n\u0131n maksimum korumas\u0131 i\u00e7in en modern sentez ve teknolojiyi i\u00e7erirken, tamamen e\u011fitimli personelimiz do\u011fru se\u00e7imi yapman\u0131zda yard\u0131mc\u0131 olmak i\u00e7in her zaman haz\u0131rd\u0131r.<br \/>\n[\/vc_column_text][\/vc_column_inner][vc_column_inner el_class=&#8221;col2&#8243; width=&#8221;1\/3&#8243;][vc_column_text el_class=&#8221;main-par&#8221;]Do\u011fru ya\u011f se\u00e7imiyle, ayn\u0131 zamanda maksimum motor performans\u0131n\u0131 ve a\u015f\u0131nmaya kar\u015f\u0131 eksiksiz koruma elde ediyoruz. B\u00f6ylece ara\u00e7 motorunun uygun \u015fekilde kullan\u0131m\u0131, h\u0131zl\u0131 ve uzun vadeli olumlu sonu\u00e7lar getirmektedir.<\/p>\n<p>&nbsp;<\/p>\n<p>Bu kategori ayn\u0131 zamanda; so\u011futma ve antifriz sular\u0131, otomatik ve mekanik \u015fanz\u0131man ya\u011flar\u0131, akslar ve tahrik sistemleri i\u00e7in ya\u011flar, fren hidroli\u011fi, gresler ve bunun yan\u0131nda her kategori veya ara\u00e7 t\u00fcr\u00fc i\u00e7in di\u011fer \u00f6zel \u00fcr\u00fcn setleri gibi her arac\u0131n i\u015fleyi\u015f s\u0131v\u0131lar\u0131n\u0131 kapsar.[\/vc_column_text][\/vc_column_inner][vc_column_inner el_class=&#8221;col3&#8243; width=&#8221;1\/3&#8243;][vc_column_text]<\/p>\n<div class=\"mini-title\">Motorunuzun tam performans\u0131n\u0131n ve korumas\u0131n\u0131n<\/div>\n<div class=\"big-title\">keyfini \u00e7\u0131kar\u0131n<\/div>\n<p>[\/vc_column_text][vc_raw_html]JTNDYnIlMjAlMkYlM0UlQzQlQjAlQzUlOUYlMjBmaWxvbGFyJUM0JUIxbiVDNCVCMW4lMjBpaHRpeWElQzMlQTclMjBkdXlkdSVDNCU5RnUlMjBha2FyeWFrJUM0JUIxdCUyMHZlJTIweWElQzQlOUYlMjB1eWd1bGFtYWxhciVDNCVCMSUyMGklQzMlQTdpbiUyMGthcHNhbWwlQzQlQjElMjBiYWslQzQlQjFtJTIwdmUlMjBkZXN0ZWslMjBzdW5hcmFrJTJDJTIwNjglMjB5JUM0JUIxbGwlQzQlQjFrJTIwZGVuZXlpbSUyMGlsZSUyMHByb2Zlc3lvbmVsbGVyaW4lMjB5YW4lQzQlQjFuZGF5JUM0JUIxei4lM0NiciUyMCUyRiUzRSUzQ2JyJTIwJTJGJTNFJTBBJTNDZGl2JTIwY2xhc3MlM0QlMjJ0aWNrcyUyMiUzRSUwQSUyMCUyMCUzQ2RpdiUyMGNsYXNzJTNEJTIydGlja3MtMSUyMiUzRSUzQ3NwYW4lMjBjbGFzcyUzRCUyMmhoaCUyMHZ2diUyMiUzRSUzQyUyRnNwYW4lM0VEZW5leWltJTIwdmUlMjB1em1hbmwlQzQlQjFrdGElMjAlM0NzdHJvbmclM0U2OCUyMHklQzQlQjFsJTIwJTNDJTJGc3Ryb25nJTNFJTNDJTJGZGl2JTNFJTBBJTIwJTIwJTNDZGl2JTIwY2xhc3MlM0QlMjJ0aWNrcy0xJTIyJTNFJTNDc3BhbiUyMGNsYXNzJTNEJTIyaGhoJTIwdnZ2JTIyJTNFJTNDJTJGc3BhbiUzRVQlQzMlQkNrZXRpY2l5ZSUyMGhpem1ldHRlJTIwJTNDc3Ryb25nJTNFNjglMjB5JUM0JUIxbCUyMCUzQyUyRnN0cm9uZyUzRSUzQyUyRmRpdiUzRSUwQSUyMCUyMCUzQ2RpdiUyMGNsYXNzJTNEJTIydGlja3MtMSUyMiUzRSUzQ3NwYW4lMjBjbGFzcyUzRCUyMmhoaCUyMHZ2diUyMiUzRSUzQyUyRnNwYW4lM0VBa2FyeWFrJUM0JUIxdCUyMGlub3Zhc3lvbnVuZGElMjAlM0NzdHJvbmclM0U2OCUyMHklQzQlQjFsJTIwJTNDJTJGc3Ryb25nJTNFJTNDJTJGZGl2JTNFJTBBJTIwJTIwJTNDZGl2JTIwY2xhc3MlM0QlMjJ0aWNrcy0xJTIyJTNFJTNDc3BhbiUyMGNsYXNzJTNEJTIyaGhoJTIwdnZ2JTIyJTNFJTNDJTJGc3BhbiUzRUVuJTIwaXlpJTIwa2FsaXRleWklMjBzYSVDNCU5RmxhbWFkYSUyMCUzQ3N0cm9uZyUzRTY4JTIweSVDNCVCMWwlMjAlM0MlMkZzdHJvbmclM0UlM0MlMkZkaXYlM0UlMEElMjAlMjAlM0NkaXYlMjBjbGFzcyUzRCUyMnRpY2tzLTElMjIlM0UlM0NzcGFuJTIwY2xhc3MlM0QlMjJoaGglMjB2dnYlMjIlM0UlM0MlMkZzcGFuJTNFSGVyJTIwbW90b3J1biUyMGJhayVDNCVCMW0lQzQlQjFuZGElMjAlM0NzdHJvbmclM0U2OCUyMHklQzQlQjFsJTIwJTNDJTJGc3Ryb25nJTNFJTNDJTJGZGl2JTNFJTBBJTNDJTJGZGl2JTNFJTBB[\/vc_raw_html][\/vc_column_inner][\/vc_row_inner][\/vc_column][\/vc_row][vc_row el_class=&#8221;row4&#8243;][vc_column width=&#8221;1\/4&#8243; el_class=&#8221;ff-left&#8221;][vc_column_text]<\/p>\n<div class=\"mini-title\">Kategori<\/div>\n<div class=\"big-title\">Se\u00e7in<\/div>\n<div class=\"hr\"><\/div>\n<p>[\/vc_column_text][\/vc_column][vc_column width=&#8221;3\/4&#8243; el_class=&#8221;ff-right&#8221;][vc_column_text el_class=&#8221;main-par&#8221;]Arac\u0131n\u0131z\u0131n kategorisi se\u00e7in ve tam bak\u0131m ve \u00fcst\u00fcn performans i\u00e7in eksiksiz \u00f6zel \u00fcr\u00fcn setine g\u00f6z at\u0131n.[\/vc_column_text][\/vc_column][\/vc_row][vc_row el_class=&#8221;row5&#8243; el_id=&#8221;prods&#8221;][vc_column width=&#8221;1\/3&#8243; el_class=&#8221;prod-bg&#8221;][vc_single_image image=&#8221;1202&#8243; img_size=&#8221;full&#8221; onclick=&#8221;custom_link&#8221; link=&#8221;https:\/\/samerkasenergy.gr\/tr\/lipantika\/lipantika-autokinitwn\/&#8221;][vc_raw_html]JTNDZGl2JTIwY2xhc3MlM0QlMjJwcm9kcyUyMiUzRSUwQSUyMCUyMCUzQ2RpdiUyMGNsYXNzJTNEJTIycHJvZHMtaGVhZCUyMiUzRU90b21vYmlsJTIwWWElQzQlOUZsYXIlQzQlQjElM0MlMkZkaXYlM0UlMEElMjAlMjAlM0NkaXYlMjBjbGFzcyUzRCUyMnByb2RzLXR4dCUyMiUzRU1vdG9ydW4lMjB5YW4lQzQlQjElMjBzJUM0JUIxcmElMjBhcmFjJUM0JUIxbiUyMGhlcmhhbmdpJTIwYmlyJTIwbWVrYW5payUyMHBhciVDMyVBN2FzJUM0JUIxbiVDNCVCMW4lMjBlbnRlZ3JlJTIwYmFrJUM0JUIxbSVDNCVCMSUyMHZlJTIwa29ydW1hcyVDNCVCMS4lM0MlMkZkaXYlM0UlMEElM0MlMkZkaXYlM0U=[\/vc_raw_html][vc_raw_html css=&#8221;.vc_custom_1538397511832{margin-top: 25px !important;}&#8221; el_class=&#8221;but-prod&#8221;]JTNDZGl2JTIwY2xhc3MlM0QlMjJidXQlMjIlM0UlMEElM0NhJTIwaHJlZiUzRCUyMmh0dHBzJTNBJTJGJTJGd3d3LnNhbWVya2FzZW5lcmd5LmdyJTJGdHIlMkZsaXBhbnRpa2ElMkZsaXBhbnRpa2EtYXV0b2tpbml0d24lMkYlMjIlM0UlMEElM0NkaXYlMjBjbGFzcyUzRCUyMmJ1dHRvbi1zbWFsbCUyMiUzRSUwQSUyMCUyMCUzQ2RpdiUyMGNsYXNzJTNEJTIyYnV0LXR4dC1zbSUyMiUzRURhaGElMjBmYXpsYSUzQyUyRmRpdiUzRSUwQSUyMCUyMCUzQ2RpdiUyMGNsYXNzJTNEJTIyYnV0LWFycm93LXNtJTIyJTNFJTNDaW1nJTIwc3JjJTNEJTIyaHR0cHMlM0ElMkYlMkZ3d3cuc2FtZXJrYXNlbmVyZ3kuZ3IlMkZ3cC1jb250ZW50JTJGdXBsb2FkcyUyRjIwMTglMkYwMiUyRmFycm93LTYxeDEyLnN2ZyUyMiUyMHdpZHRoJTNEJTIyNjFweCUyMiUyMGhlaWdodCUzRCUyMjEycHglMjIlM0UlMjAlM0MlMkZkaXYlM0UlMEElM0MlMkZkaXYlM0UlM0MlMkZhJTNFJTBBJTNDJTJGZGl2JTNF[\/vc_raw_html][\/vc_column][vc_column width=&#8221;1\/3&#8243; el_class=&#8221;prod-bg&#8221;][vc_single_image image=&#8221;1201&#8243; img_size=&#8221;full&#8221; onclick=&#8221;custom_link&#8221; link=&#8221;https:\/\/samerkasenergy.gr\/tr\/lipantika\/lipantika-motosikletas\/&#8221;][vc_raw_html]JTNDZGl2JTIwY2xhc3MlM0QlMjJwcm9kcyUyMiUzRSUwQSUyMCUyMCUzQ2RpdiUyMGNsYXNzJTNEJTIycHJvZHMtaGVhZCUyMiUzRSUyME1vdG9zaWtsZXQlMjB2ZSUyME1vcGVkJTIwJTNDJTJGZGl2JTNFJTBBJTIwJTIwJTNDZGl2JTIwY2xhc3MlM0QlMjJwcm9kcy10eHQlMjIlM0VNb3Rvc2lrbGV0JTIwYmFrJUM0JUIxbSVDNCVCMSUyMGRvJUM0JTlGcnUlMjB5YSVDNCU5RiUyMHNlJUMzJUE3aW1pbmRlbiUyMGdlJUMzJUE3ZXIuJTIwJUM0JUIwaHRpeWFjJUM0JUIxbiVDNCVCMXolMjBvbGFuJTIwaGVyJTIwJUM1JTlGZXklMjBidXJhZGEuJTNDJTJGZGl2JTNFJTBBJTNDJTJGZGl2JTNF[\/vc_raw_html][vc_raw_html css=&#8221;.vc_custom_1538397516142{margin-top: 25px !important;}&#8221; el_class=&#8221;but-prod&#8221;]JTNDZGl2JTIwY2xhc3MlM0QlMjJidXQlMjIlM0UlMEElM0NhJTIwaHJlZiUzRCUyMmh0dHBzJTNBJTJGJTJGd3d3LnNhbWVya2FzZW5lcmd5LmdyJTJGdHIlMkZsaXBhbnRpa2ElMkZsaXBhbnRpa2EtbW90b3Npa2xldGFzJTJGJTIyJTNFJTBBJTNDZGl2JTIwY2xhc3MlM0QlMjJidXR0b24tc21hbGwlMjIlM0UlMEElMjAlMjAlM0NkaXYlMjBjbGFzcyUzRCUyMmJ1dC10eHQtc20lMjIlM0VEYWhhJTIwZmF6bGElM0MlMkZkaXYlM0UlMEElMjAlMjAlM0NkaXYlMjBjbGFzcyUzRCUyMmJ1dC1hcnJvdy1zbSUyMiUzRSUzQ2ltZyUyMHNyYyUzRCUyMmh0dHBzJTNBJTJGJTJGd3d3LnNhbWVya2FzZW5lcmd5LmdyJTJGd3AtY29udGVudCUyRnVwbG9hZHMlMkYyMDE4JTJGMDIlMkZhcnJvdy02MXgxMi5zdmclMjIlMjB3aWR0aCUzRCUyMjYxcHglMjIlMjBoZWlnaHQlM0QlMjIxMnB4JTIyJTNFJTIwJTNDJTJGZGl2JTNFJTBBJTNDJTJGZGl2JTNFJTNDJTJGYSUzRSUwQSUzQyUyRmRpdiUzRQ==[\/vc_raw_html][\/vc_column][vc_column width=&#8221;1\/3&#8243; el_class=&#8221;prod-bg&#8221;][vc_single_image image=&#8221;1215&#8243; img_size=&#8221;full&#8221; onclick=&#8221;custom_link&#8221; link=&#8221;https:\/\/samerkasenergy.gr\/tr\/lipantika\/fortiga-leoforeia\/&#8221;][vc_raw_html]JTNDZGl2JTIwY2xhc3MlM0QlMjJwcm9kcyUyMiUzRSUwQSUyMCUyMCUzQ2RpdiUyMGNsYXNzJTNEJTIycHJvZHMtaGVhZCUyMiUzRUthbXlvbmxhciUyMHZlJTIwT3RvYiVDMyVCQ3NsZXIlMjAlM0MlMkZkaXYlM0UlMEElMjAlMjAlM0NkaXYlMjBjbGFzcyUzRCUyMnByb2RzLXR4dCUyMiUzRVByb2Zlc3lvbmVsJTIwcyVDNCVCMW4lQzQlQjFmdGFraSUyMGIlQzMlQkN5JUMzJUJDayUyMGFyYSVDMyVBN2xhciVDNCVCMW4lMjBkYWhhJTIwZmF6bGElMjAlQzMlQjZ6ZWwlMjBiYWslQzQlQjFtJTIwdmUlMjBrb3J1bWF5YSUyMGlodGl5YWMlQzQlQjElMjB2YXJkJUM0JUIxci4lM0MlMkZkaXYlM0UlMEElM0MlMkZkaXYlM0U=[\/vc_raw_html][vc_raw_html css=&#8221;.vc_custom_1538397519718{margin-top: 25px !important;}&#8221; el_class=&#8221;but-prod&#8221;]JTNDZGl2JTIwY2xhc3MlM0QlMjJidXQlMjIlM0UlMEElM0NhJTIwaHJlZiUzRCUyMmh0dHBzJTNBJTJGJTJGd3d3LnNhbWVya2FzZW5lcmd5LmdyJTJGdHIlMkZsaXBhbnRpa2ElMkZmb3J0aWdhLWxlb2ZvcmVpYSUyRiUyMiUzRSUwQSUzQ2RpdiUyMGNsYXNzJTNEJTIyYnV0dG9uLXNtYWxsJTIyJTNFJTBBJTIwJTIwJTNDZGl2JTIwY2xhc3MlM0QlMjJidXQtdHh0LXNtJTIyJTNFRGFoYSUyMGZhemxhJTNDJTJGZGl2JTNFJTBBJTIwJTIwJTNDZGl2JTIwY2xhc3MlM0QlMjJidXQtYXJyb3ctc20lMjIlM0UlM0NpbWclMjBzcmMlM0QlMjJodHRwcyUzQSUyRiUyRnd3dy5zYW1lcmthc2VuZXJneS5nciUyRndwLWNvbnRlbnQlMkZ1cGxvYWRzJTJGMjAxOCUyRjAyJTJGYXJyb3ctNjF4MTIuc3ZnJTIyJTIwd2lkdGglM0QlMjI2MXB4JTIyJTIwaGVpZ2h0JTNEJTIyMTJweCUyMiUzRSUyMCUzQyUyRmRpdiUzRSUwQSUzQyUyRmRpdiUzRSUzQyUyRmElM0UlMEElM0MlMkZkaXYlM0U=[\/vc_raw_html][\/vc_column][\/vc_row][vc_row el_class=&#8221;row6&#8243; el_id=&#8221;prods&#8221;][vc_column width=&#8221;1\/3&#8243; el_class=&#8221;prod-bg&#8221;][vc_single_image image=&#8221;1213&#8243; img_size=&#8221;full&#8221; onclick=&#8221;custom_link&#8221; link=&#8221;https:\/\/samerkasenergy.gr\/tr\/lipantika\/agrotika-oximata\/&#8221;][vc_raw_html]JTNDZGl2JTIwY2xhc3MlM0QlMjJwcm9kcyUyMiUzRSUwQSUyMCUyMCUzQ2RpdiUyMGNsYXNzJTNEJTIycHJvZHMtaGVhZCUyMiUzRSUyMFRhciVDNCVCMW1zYWwlMjBhcmElQzMlQTdsYXIlMjAlM0MlMkZkaXYlM0UlMEElMjAlMjAlM0NkaXYlMjBjbGFzcyUzRCUyMnByb2RzLXR4dCUyMiUzRVpvcmx1JTIwdmUlMjB6YWhtZXRsaSUyMGtvJUM1JTlGdWxsYXIlMjBkJUMzJUJDJUM1JTlGJUMzJUJDbiVDMyVCQ2xkJUMzJUJDJUM0JTlGJUMzJUJDbmRlJTJDJTIwYnVyYWRhJTIwJUMzJUJDc3QlQzMlQkNuJTIwdGVrbm9sb2ppJTIwdmUlMjBiaWxlJUM1JTlGaW1lJTIwc2FoaXAlMjBkbyVDNCU5RnJ1JTIwJUMzJUJDciVDMyVCQ25sZXIlMjBidWx1bm1ha3RhZCVDNCVCMXIuJTNDJTJGZGl2JTNFJTBBJTNDJTJGZGl2JTNF[\/vc_raw_html][vc_raw_html css=&#8221;.vc_custom_1538397522919{margin-top: 25px !important;}&#8221; el_class=&#8221;but-prod&#8221;]JTNDZGl2JTIwY2xhc3MlM0QlMjJidXQlMjIlM0UlMEElM0NhJTIwaHJlZiUzRCUyMmh0dHBzJTNBJTJGJTJGd3d3LnNhbWVya2FzZW5lcmd5LmdyJTJGdHIlMkZsaXBhbnRpa2ElMkZhZ3JvdGlrYS1veGltYXRhJTJGJTIyJTNFJTBBJTNDZGl2JTIwY2xhc3MlM0QlMjJidXR0b24tc21hbGwlMjIlM0UlMEElMjAlMjAlM0NkaXYlMjBjbGFzcyUzRCUyMmJ1dC10eHQtc20lMjIlM0VEYWhhJTIwZmF6bGElM0MlMkZkaXYlM0UlMEElMjAlMjAlM0NkaXYlMjBjbGFzcyUzRCUyMmJ1dC1hcnJvdy1zbSUyMiUzRSUzQ2ltZyUyMHNyYyUzRCUyMmh0dHBzJTNBJTJGJTJGd3d3LnNhbWVya2FzZW5lcmd5LmdyJTJGd3AtY29udGVudCUyRnVwbG9hZHMlMkYyMDE4JTJGMDIlMkZhcnJvdy02MXgxMi5zdmclMjIlMjB3aWR0aCUzRCUyMjYxcHglMjIlMjBoZWlnaHQlM0QlMjIxMnB4JTIyJTNFJTIwJTNDJTJGZGl2JTNFJTBBJTNDJTJGZGl2JTNFJTNDJTJGYSUzRSUwQSUzQyUyRmRpdiUzRQ==[\/vc_raw_html][\/vc_column][vc_column width=&#8221;1\/3&#8243; el_class=&#8221;prod-bg&#8221;][vc_single_image image=&#8221;1212&#8243; img_size=&#8221;full&#8221; onclick=&#8221;custom_link&#8221; link=&#8221;https:\/\/samerkasenergy.gr\/tr\/lipantika\/viomixanika-oximata\/&#8221;][vc_raw_html]JTNDZGl2JTIwY2xhc3MlM0QlMjJwcm9kcyUyMiUzRSUwQSUyMCUyMCUzQ2RpdiUyMGNsYXNzJTNEJTIycHJvZHMtaGVhZCUyMiUzRSUyMEVuZCVDMyVCQ3N0cml5ZWwlMjBhcmElQzMlQTdsYXIlMjAlM0MlMkZkaXYlM0UlMEElMjAlMjAlM0NkaXYlMjBjbGFzcyUzRCUyMnByb2RzLXR4dCUyMiUzRUdlcmVrc2luaW1sZXJpbiUyMGJpciUyMCVDMyVCQ3N0JTIwcyVDNCVCMW4lQzQlQjFyJUM0JUIxJTIwb2xzYXlkJUM0JUIxJTJDJTIwYnUlMjBrYXRlZ29yaSUyMGVuJTIwJUMzJUI2emVsJTIweWElQzQlOUZsYXJsYSUyMGVuJTIwaXlpJTIwJUMzJUI2cm5layUyMG9sdXJkdS4lM0MlMkZkaXYlM0UlMEElM0MlMkZkaXYlM0U=[\/vc_raw_html][vc_raw_html css=&#8221;.vc_custom_1538397526190{margin-top: 25px !important;}&#8221; el_class=&#8221;but-prod&#8221;]JTNDZGl2JTIwY2xhc3MlM0QlMjJidXQlMjIlM0UlMEElM0NhJTIwaHJlZiUzRCUyMmh0dHBzJTNBJTJGJTJGd3d3LnNhbWVya2FzZW5lcmd5LmdyJTJGdHIlMkZsaXBhbnRpa2ElMkZ2aW9taXhhbmlrYS1veGltYXRhJTJGJTIyJTNFJTBBJTNDZGl2JTIwY2xhc3MlM0QlMjJidXR0b24tc21hbGwlMjIlM0UlMEElMjAlMjAlM0NkaXYlMjBjbGFzcyUzRCUyMmJ1dC10eHQtc20lMjIlM0VEYWhhJTIwZmF6bGElM0MlMkZkaXYlM0UlMEElMjAlMjAlM0NkaXYlMjBjbGFzcyUzRCUyMmJ1dC1hcnJvdy1zbSUyMiUzRSUzQ2ltZyUyMHNyYyUzRCUyMmh0dHBzJTNBJTJGJTJGd3d3LnNhbWVya2FzZW5lcmd5LmdyJTJGd3AtY29udGVudCUyRnVwbG9hZHMlMkYyMDE4JTJGMDIlMkZhcnJvdy02MXgxMi5zdmclMjIlMjB3aWR0aCUzRCUyMjYxcHglMjIlMjBoZWlnaHQlM0QlMjIxMnB4JTIyJTNFJTIwJTNDJTJGZGl2JTNFJTBBJTNDJTJGZGl2JTNFJTNDJTJGYSUzRSUwQSUzQyUyRmRpdiUzRQ==[\/vc_raw_html][\/vc_column][vc_column width=&#8221;1\/3&#8243; el_class=&#8221;prod-bg&#8221;][vc_single_image image=&#8221;296&#8243; img_size=&#8221;full&#8221; onclick=&#8221;custom_link&#8221; link=&#8221;https:\/\/samerkasenergy.gr\/tr\/lipantika\/alla-proionta\/&#8221;][vc_raw_html]JTNDZGl2JTIwY2xhc3MlM0QlMjJwcm9kcyUyMiUzRSUwQSUyMCUyMCUzQ2RpdiUyMGNsYXNzJTNEJTIycHJvZHMtaGVhZCUyMiUzRSUyMERpJUM0JTlGZXIlMjAlQzMlQkNyJUMzJUJDbmxlciUyMCUzQyUyRmRpdiUzRSUwQSUyMCUyMCUzQ2RpdiUyMGNsYXNzJTNEJTIycHJvZHMtdHh0JTIyJTNFU2FtZXJrYXMlMjBTQSVFMiU4MCU5OWRhJTIwaGVyJTIwdCVDMyVCQ3JkZSUyMGFyYSVDMyVBNyUyMGklQzMlQTdpbiUyMGRvJUM0JTlGcnUlMjB5YSVDNCU5RmxhciVDNCVCMSUyMGJ1bGFiaWxpcnNpbml6LiUyMCVDMyU5Q3IlQzMlQkNubGVyZSUyMGJ1cmFkYW4lMjBnJUMzJUI2eiUyMGF0JUM0JUIxbi4lM0MlMkZkaXYlM0UlMjAlMEElM0MlMkZkaXYlM0U=[\/vc_raw_html][vc_raw_html css=&#8221;.vc_custom_1538397529886{margin-top: 25px !important;}&#8221; el_class=&#8221;but-prod&#8221;]JTNDZGl2JTIwY2xhc3MlM0QlMjJidXQlMjIlM0UlMEElM0NhJTIwaHJlZiUzRCUyMmh0dHBzJTNBJTJGJTJGd3d3LnNhbWVya2FzZW5lcmd5LmdyJTJGdHIlMkZsaXBhbnRpa2ElMkZhbGxhLXByb2lvbnRhJTJGJTIyJTNFJTBBJTNDZGl2JTIwY2xhc3MlM0QlMjJidXR0b24tc21hbGwlMjIlM0UlMEElMjAlMjAlM0NkaXYlMjBjbGFzcyUzRCUyMmJ1dC10eHQtc20lMjIlM0VEYWhhJTIwZmF6bGElM0MlMkZkaXYlM0UlMEElMjAlMjAlM0NkaXYlMjBjbGFzcyUzRCUyMmJ1dC1hcnJvdy1zbSUyMiUzRSUzQ2ltZyUyMHNyYyUzRCUyMmh0dHBzJTNBJTJGJTJGd3d3LnNhbWVya2FzZW5lcmd5LmdyJTJGd3AtY29udGVudCUyRnVwbG9hZHMlMkYyMDE4JTJGMDIlMkZhcnJvdy02MXgxMi5zdmclMjIlMjB3aWR0aCUzRCUyMjYxcHglMjIlMjBoZWlnaHQlM0QlMjIxMnB4JTIyJTNFJTIwJTNDJTJGZGl2JTNFJTBBJTNDJTJGZGl2JTNFJTNDJTJGYSUzRSUwQSUzQyUyRmRpdiUzRQ==[\/vc_raw_html][\/vc_column][\/vc_row][vc_row full_width=&#8221;stretch_row_content_no_spaces&#8221; el_class=&#8221;row9&#8243;][vc_column width=&#8221;1\/2&#8243; el_class=&#8221;gray-col1&#8243;][vc_column_text el_class=&#8221;kausimo-h&#8221;]<\/p>\n<div class=\"big-title\">Arac\u0131n\u0131za uygun en iyi ya\u011f\u0131 bulun!<\/div>\n<div class=\"hr-bg\"><\/div>\n<p>[\/vc_column_text][vc_column_text css=&#8221;.vc_custom_1538397329336{margin-top: 20px !important;margin-bottom: 25px !important;}&#8221; el_class=&#8221;kausimo-txt&#8221;]Samerkas SA\u2019n\u0131n deneyimli personeli, arac\u0131n \u00f6zelliklerine ve gereksinimlerine ve se\u00e7tikleri s\u00fcr\u00fc\u015f tarz\u0131na g\u00f6re en iyi \u00fcr\u00fcn\u00fc se\u00e7melerine yard\u0131mc\u0131 olmak i\u00e7in her zaman her s\u00fcr\u00fcc\u00fcn\u00fcn yan\u0131ndad\u0131r.[\/vc_column_text][vc_column_text]<\/p>\n<div class=\"ticks\">\n<div class=\"ticks-1\"><span class=\"hhh\">\uf00c<\/span>Deneyim ve uzmanl\u0131kta <strong>68 y\u0131l<\/strong><\/div>\n<div class=\"ticks-1\"><span class=\"hhh\">\uf00c<\/span>T\u00fcketiciye hizmette <strong>68 y\u0131l<\/strong><\/div>\n<div class=\"ticks-1\"><span class=\"hhh\">\uf00c<\/span>Akaryak\u0131t inovasyonunda <strong>68 y\u0131l<\/strong><\/div>\n<div class=\"ticks-1\"><span class=\"hhh\">\uf00c<\/span>En iyi kaliteyi sa\u011flamada <strong>68 y\u0131l<\/strong><\/div>\n<div class=\"ticks-1\"><span class=\"hhh\">\uf00c<\/span>Her motorun bak\u0131m\u0131nda <strong>68 y\u0131l<\/strong><\/div>\n<\/div>\n<p>[\/vc_column_text][vc_raw_html css=&#8221;.vc_custom_1538469038577{margin-top: 25px !important;}&#8221;]JTNDZGl2JTIwY2xhc3MlM0QlMjJidXQlMjIlM0UlMEElMjAlM0NhJTIwaHJlZiUzRCUyMmh0dHBzJTNBJTJGJTJGYXBwbGljYXRpb25zLmNhc3Ryb2wuY29tJTJGb2lsc2VsZWN0b3IlMkZ0cl90ciUyRmMlMkZzZWFyY2glMjIlMjB0YXJnZXQlM0QlMjJfYmxhbmslMjIlM0UlMEElMjAlM0NkaXYlMjBjbGFzcyUzRCUyMmJ1dHRvbi1zbWFsbCUyMiUyMHN0eWxlJTNEJTIyd2lkdGglM0EyNTBweCUyMiUzQiUzRSUwQSUyMCUyMCUzQ2RpdiUyMGNsYXNzJTNEJTIyYnV0LXR4dC1zbSUyMiUzRSVDNSU5RWltZGklM0NzcGFuJTIwc3R5bGUlM0QlMjJmb250LXdlaWdodCUzQTYwMCUzQiUyMiUzRSUyMGtlJUM1JTlGZmVkaW4lMjElM0MlMkZzcGFuJTNFJTNDJTJGZGl2JTNFJTBBJTIwJTIwJTNDZGl2JTIwY2xhc3MlM0QlMjJidXQtYXJyb3ctc20lMjIlM0UlM0NpbWclMjBzcmMlM0QlMjJodHRwcyUzQSUyRiUyRnd3dy5zYW1lcmthc2VuZXJneS5nciUyRndwLWNvbnRlbnQlMkZ1cGxvYWRzJTJGMjAxOCUyRjAyJTJGYXJyb3ctNjF4MTIuc3ZnJTIyJTIwd2lkdGglM0QlMjI2MXB4JTIyJTIwaGVpZ2h0JTNEJTIyMTJweCUyMiUzRSUyMCUzQyUyRmRpdiUzRSUwQSUyMCUyMCUzQyUyRmRpdiUzRSUwQSUyMCUzQyUyRmElM0UlMEElM0MlMkZkaXYlM0U=[\/vc_raw_html][\/vc_column][vc_column width=&#8221;1\/2&#8243; el_class=&#8221;car-col&#8221;][vc_single_image image=&#8221;833&#8243; img_size=&#8221;full&#8221; alignment=&#8221;right&#8221; el_class=&#8221;merc-img&#8221;][\/vc_column][\/vc_row]<\/p>\n","protected":false},"excerpt":{"rendered":"<p>[vc_row full_width=&#8221;stretch_row_content_no_spaces&#8221; el_class=&#8221;row1&#8243;][vc_column el_class=&#8221;colrow1&#8243;][vc_row_inner][vc_column_inner][\/vc_column_inner][\/vc_row_inner][vc_row_inner el_id=&#8221;main-bg&#8221; el_class=&#8221;main-bg&#8221;][vc_column_inner el_class=&#8221;bp-bg&#8221; width=&#8221;1\/2&#8243;][vc_single_image image=&#8221;659&#8243; img_size=&#8221;full&#8221; el_class=&#8221;bp-img&#8221;][\/vc_column_inner][vc_column_inner el_class=&#8221;merc-bg&#8221; width=&#8221;1\/2&#8243;][\/vc_column_inner][\/vc_row_inner][\/vc_column][\/vc_row][vc_row full_width=&#8221;stretch_row_content&#8221; el_class=&#8221;row-2&#8243;][vc_column][vc_row_inner][vc_column_inner el_class=&#8221;col1&#8243; width=&#8221;1\/3&#8243;][vc_column_text] CASTROL BP Ya\u011f \u00dcr\u00fcnleri [\/vc_column_text][vc_column_text el_class=&#8221;main-par&#8221;]Samerkas SA\u2019da her t\u00fcrde ara\u00e7 i\u00e7in geni\u015f yelpazede ya\u011flar bulunmaktad\u0131r. Motosiklet ve \u00f6zel arac\u0131n\u0131zdan ticari, profesyonel, end\u00fcstriyel ara\u00e7lara ve teknelere, motorunuzun bak\u0131m\u0131 ve t\u00fcm mekanik par\u00e7alar\u0131n uygun i\u015fleyi\u015fi i\u00e7in do\u011fru ya\u011f\u0131 bulabilirsiniz. BP [&hellip;]<\/p>\n","protected":false},"author":2,"featured_media":2037,"parent":0,"menu_order":0,"comment_status":"closed","ping_status":"closed","template":"","meta":{"_monsterinsights_skip_tracking":false,"_monsterinsights_sitenote_active":false,"_monsterinsights_sitenote_note":"","_monsterinsights_sitenote_category":0},"acf":[],"aioseo_notices":[],"_links":{"self":[{"href":"https:\/\/samerkasenergy.gr\/tr\/wp-json\/wp\/v2\/pages\/2035"}],"collection":[{"href":"https:\/\/samerkasenergy.gr\/tr\/wp-json\/wp\/v2\/pages"}],"about":[{"href":"https:\/\/samerkasenergy.gr\/tr\/wp-json\/wp\/v2\/types\/page"}],"author":[{"embeddable":true,"href":"https:\/\/samerkasenergy.gr\/tr\/wp-json\/wp\/v2\/users\/2"}],"replies":[{"embeddable":true,"href":"https:\/\/samerkasenergy.gr\/tr\/wp-json\/wp\/v2\/comments?post=2035"}],"version-history":[{"count":0,"href":"https:\/\/samerkasenergy.gr\/tr\/wp-json\/wp\/v2\/pages\/2035\/revisions"}],"wp:featuredmedia":[{"embeddable":true,"href":"https:\/\/samerkasenergy.gr\/tr\/wp-json\/wp\/v2\/media\/2037"}],"wp:attachment":[{"href":"https:\/\/samerkasenergy.gr\/tr\/wp-json\/wp\/v2\/media?parent=2035"}],"curies":[{"name":"wp","href":"https:\/\/api.w.org\/{rel}","templated":true}]}}