{"id":2157,"date":"2018-02-16T12:55:48","date_gmt":"2018-02-16T12:55:48","guid":{"rendered":"https:\/\/samerkasenergy.gr\/nea\/"},"modified":"2018-10-02T15:26:24","modified_gmt":"2018-10-02T12:26:24","slug":"nea","status":"publish","type":"page","link":"https:\/\/samerkasenergy.gr\/tr\/nea\/","title":{"rendered":"NEA"},"content":{"rendered":"<p>[vc_row equal_height=&#8221;yes&#8221; content_placement=&#8221;middle&#8221; el_class=&#8221;row10&#8243;][vc_column width=&#8221;1\/4&#8243; el_class=&#8221;blog-left&#8221;][vc_column_text]<\/p>\n<div class=\"mini-title\">\u015eirket<\/div>\n<div class=\"big-title\">\u0397aberleri<\/div>\n<div class=\"hr-blog\"><\/div>\n<p>[\/vc_column_text][\/vc_column][vc_column width=&#8221;3\/4&#8243; el_class=&#8221;blog-mid&#8221;][vc_column_text]Akaryak\u0131t ve petrol \u00fcr\u00fcnleri sekt\u00f6rlerinin yan\u0131 s\u0131ra Samerkas SA hakk\u0131ndaki son geli\u015fmelerin t\u00fcm\u00fcnden haberdar olun ve mevcut t\u00fcm yeni \u00fcr\u00fcnlerle tan\u0131\u015f\u0131n.[\/vc_column_text][\/vc_column][\/vc_row][vc_row el_class=&#8221;row-news&#8221;][vc_column][vc_basic_grid post_type=&#8221;post&#8221; max_items=&#8221;10&#8243; gap=&#8221;15&#8243; item=&#8221;2345&#8243; initial_loading_animation=&#8221;none&#8221; grid_id=&#8221;vc_gid:1538483168395-2ac54344-c743-2&#8243;][\/vc_column][\/vc_row]<\/p>\n","protected":false},"excerpt":{"rendered":"<p>[vc_row equal_height=&#8221;yes&#8221; content_placement=&#8221;middle&#8221; el_class=&#8221;row10&#8243;][vc_column width=&#8221;1\/4&#8243; el_class=&#8221;blog-left&#8221;][vc_column_text] \u015eirket \u0397aberleri [\/vc_column_text][\/vc_column][vc_column width=&#8221;3\/4&#8243; el_class=&#8221;blog-mid&#8221;][vc_column_text]Akaryak\u0131t ve petrol \u00fcr\u00fcnleri sekt\u00f6rlerinin yan\u0131 s\u0131ra Samerkas SA hakk\u0131ndaki son geli\u015fmelerin t\u00fcm\u00fcnden haberdar olun ve mevcut t\u00fcm yeni \u00fcr\u00fcnlerle tan\u0131\u015f\u0131n.[\/vc_column_text][\/vc_column][\/vc_row][vc_row el_class=&#8221;row-news&#8221;][vc_column][vc_basic_grid post_type=&#8221;post&#8221; max_items=&#8221;10&#8243; gap=&#8221;15&#8243; item=&#8221;2345&#8243; initial_loading_animation=&#8221;none&#8221; grid_id=&#8221;vc_gid:1538483168395-2ac54344-c743-2&#8243;][\/vc_column][\/vc_row]<\/p>\n","protected":false},"author":2,"featured_media":2158,"parent":0,"menu_order":0,"comment_status":"closed","ping_status":"closed","template":"","meta":{"_monsterinsights_skip_tracking":false,"_monsterinsights_sitenote_active":false,"_monsterinsights_sitenote_note":"","_monsterinsights_sitenote_category":0},"acf":[],"aioseo_notices":[],"_links":{"self":[{"href":"https:\/\/samerkasenergy.gr\/tr\/wp-json\/wp\/v2\/pages\/2157"}],"collection":[{"href":"https:\/\/samerkasenergy.gr\/tr\/wp-json\/wp\/v2\/pages"}],"about":[{"href":"https:\/\/samerkasenergy.gr\/tr\/wp-json\/wp\/v2\/types\/page"}],"author":[{"embeddable":true,"href":"https:\/\/samerkasenergy.gr\/tr\/wp-json\/wp\/v2\/users\/2"}],"replies":[{"embeddable":true,"href":"https:\/\/samerkasenergy.gr\/tr\/wp-json\/wp\/v2\/comments?post=2157"}],"version-history":[{"count":0,"href":"https:\/\/samerkasenergy.gr\/tr\/wp-json\/wp\/v2\/pages\/2157\/revisions"}],"wp:featuredmedia":[{"embeddable":true,"href":"https:\/\/samerkasenergy.gr\/tr\/wp-json\/wp\/v2\/media\/2158"}],"wp:attachment":[{"href":"https:\/\/samerkasenergy.gr\/tr\/wp-json\/wp\/v2\/media?parent=2157"}],"curies":[{"name":"wp","href":"https:\/\/api.w.org\/{rel}","templated":true}]}}