{"id":2201,"date":"2018-02-14T14:25:53","date_gmt":"2018-02-14T14:25:53","guid":{"rendered":"https:\/\/samerkasenergy.gr\/lipantika\/fortiga-leoforeia\/"},"modified":"2019-04-11T12:36:31","modified_gmt":"2019-04-11T09:36:31","slug":"fortiga-leoforeia","status":"publish","type":"page","link":"https:\/\/samerkasenergy.gr\/tr\/lipantika\/fortiga-leoforeia\/","title":{"rendered":"\u03a6\u039f\u03a1\u03a4\u0397\u0393\u0391 &#038; \u039b\u0395\u03a9\u03a6\u039f\u03a1\u0395\u0399\u0391"},"content":{"rendered":"<p>[vc_row full_width=&#8221;stretch_row_content_no_spaces&#8221; el_class=&#8221;row1&#8243;][vc_column el_class=&#8221;colrow1&#8243;][vc_row_inner][vc_column_inner][\/vc_column_inner][\/vc_row_inner][vc_row_inner el_class=&#8221;main-bg&#8221; el_id=&#8221;main-bg&#8221;][vc_column_inner el_class=&#8221;bp-bg&#8221; width=&#8221;1\/2&#8243;][vc_single_image image=&#8221;659&#8243; img_size=&#8221;full&#8221; el_class=&#8221;bp-img&#8221;][\/vc_column_inner][vc_column_inner el_class=&#8221;merc-bg&#8221; width=&#8221;1\/2&#8243;][\/vc_column_inner][\/vc_row_inner][\/vc_column][\/vc_row][vc_row el_class=&#8221;row-2&#8243;][vc_column width=&#8221;1\/3&#8243; el_class=&#8221;col1&#8243;][vc_column_text]<\/p>\n<div class=\"mini-title\"><a href=\"https:\/\/samerkasenergy.gr\/tr\/lipantika\/\">Kamyon <\/a><\/div>\n<div class=\"big-title\">ve Otob\u00fcs ya\u011flar\u0131<\/div>\n<div class=\"hr\"><\/div>\n<p>[\/vc_column_text][vc_column_text el_class=&#8221;main-par&#8221;]Kamyonlar ve otob\u00fcsler gibi b\u00fcy\u00fck ve bak\u0131m gerektiren ara\u00e7lar, zorlu yolculuklarla ve programlarla kar\u015f\u0131la\u015f\u0131rlar. Bunlar iki ana motor zorlama fakt\u00f6rleridir. Amac\u0131m\u0131z, zorlu i\u015flevlerle a\u015f\u0131nmas\u0131n\u0131 \u00f6nleyerek ve ticari ara\u00e7lar\u0131n engelsiz kullan\u0131m\u0131n\u0131n \u00f6nemini bilerek, motorun sorunsuz i\u015fleyi\u015fini s\u00fcrd\u00fcrmektir.<\/p>\n<p>Motor, motor par\u00e7alar\u0131 ve arac\u0131n\u0131z\u0131n gereksinimlerinin t\u00fcm\u00fcne uygun eksiksiz \u00f6zel \u00fcr\u00fcn yelpazesinden se\u00e7im yap\u0131n. Uzman ve deneyimli personelimiz eksiksiz kapsam ve destekle her zaman profesyonel s\u00fcr\u00fcc\u00fcn\u00fcn yan\u0131ndad\u0131r.[\/vc_column_text][\/vc_column][vc_column width=&#8221;1\/3&#8243; el_class=&#8221;col2&#8243;][\/vc_column][vc_column width=&#8221;1\/3&#8243; el_class=&#8221;col3&#8243;][\/vc_column][\/vc_row][vc_row el_class=&#8221;row4&#8243;][vc_column width=&#8221;1\/4&#8243;][vc_column_text]<\/p>\n<div class=\"mini-title\">Kategori<\/div>\n<div class=\"big-title\">se\u00e7in<\/div>\n<div class=\"hr\"><\/div>\n<p>[\/vc_column_text][\/vc_column][vc_column width=&#8221;3\/4&#8243;][vc_column_text el_class=&#8221;fas&#8221;]\u0130lginizi \u00e7eken kategoriyi se\u00e7in ve mevcut t\u00fcm \u00fcr\u00fcn t\u00fcrlerini ke\u015ffedin.[\/vc_column_text][\/vc_column][\/vc_row][vc_row el_class=&#8221;row5&#8243; el_id=&#8221;prods&#8221;][vc_column width=&#8221;1\/3&#8243; el_class=&#8221;prod-bg&#8221;][vc_single_image image=&#8221;964&#8243; img_size=&#8221;full&#8221;][vc_raw_html]JTNDZGl2JTIwY2xhc3MlM0QlMjJwcm9kcyUyMiUzRSUwQSUyMCUyMCUzQ2RpdiUyMGNsYXNzJTNEJTIycHJvZHMtaGVhZCUyMiUzRU1vdG9yJTIweWElQzQlOUZsYXIlQzQlQjElM0MlMkZkaXYlM0UlMjAlMjAlMEElM0MlMkZkaXYlM0U=[\/vc_raw_html][vc_raw_html el_class=&#8221;but-prod&#8221;]JTNDZGl2JTIwY2xhc3MlM0QlMjJidXQtY3MlMjIlM0UlMEElMjAlMjAlM0NhJTIwaHJlZiUzRCUyMmh0dHBzJTNBJTJGJTJGd3d3LmNhc3Ryb2wuY29tJTJGdHJfdHIlMkZ0dXJrZXklMkZwcm9kdWN0cyUyRnRydWNrLWFuZC1idXMlMkZlbmdpbmUtb2lsLmh0bWwlMjIlMjB0YXJnZXQlM0QlMjJfYmxhbmslMjIlM0UlMEElMjAlMjAlMjAlMjAlM0NpbWclMjBzcmMlM0QlMjJodHRwcyUzQSUyRiUyRnd3dy5zYW1lcmthc2VuZXJneS5nciUyRndwLWNvbnRlbnQlMkZ1cGxvYWRzJTJGMjAxOCUyRjEwJTJGYnV0dG9uLWNhc3Ryb2wtdHVyLnBuZyUyMiUyMHdpZHRoJTNEJTIyMjM1JTIyJTIwaGVpZ2h0JTNEJTIyMTA5JTIyJTIwc3Jjc2V0JTNEJTIyaHR0cHMlM0ElMkYlMkZ3d3cuc2FtZXJrYXNlbmVyZ3kuZ3IlMkZ3cC1jb250ZW50JTJGdXBsb2FkcyUyRjIwMTglMkYxMCUyRmJ1dHRvbi1jYXN0cm9sLXR1ci5wbmclMjAxeCUyQyUyMGh0dHBzJTNBJTJGJTJGd3d3LnNhbWVya2FzZW5lcmd5LmdyJTJGd3AtY29udGVudCUyRnVwbG9hZHMlMkYyMDE4JTJGMTAlMkZidXR0b24tY2FzdHJvbC10dXIlNDAyeC5wbmclMjAyeCUyMiUyMCUyRiUzRSUwQSUyMCUyMCUzQyUyRmElM0UlMEElM0MlMkZkaXYlM0U=[\/vc_raw_html][\/vc_column][vc_column width=&#8221;1\/3&#8243; el_class=&#8221;prod-bg&#8221;][vc_single_image image=&#8221;972&#8243; img_size=&#8221;full&#8221;][vc_raw_html]JTNDZGl2JTIwY2xhc3MlM0QlMjJwcm9kcyUyMiUzRSUwQSUyMCUyMCUzQ2RpdiUyMGNsYXNzJTNEJTIycHJvZHMtaGVhZCUyMiUzRU90b21hdGlrJTIwJUM1JTlGYW56JUM0JUIxbWFuJTIweWElQzQlOUYlQzQlQjElM0MlMkZkaXYlM0UlMjAlMjAlMEElM0MlMkZkaXYlM0U=[\/vc_raw_html][vc_raw_html el_class=&#8221;but-prod&#8221;]JTNDZGl2JTIwY2xhc3MlM0QlMjJidXQtY3MlMjIlM0UlMEElMjAlMjAlM0NhJTIwaHJlZiUzRCUyMmh0dHBzJTNBJTJGJTJGd3d3LmNhc3Ryb2wuY29tJTJGdHJfdHIlMkZ0dXJrZXklMkZwcm9kdWN0cyUyRnRydWNrLWFuZC1idXMlMkZhdXRvbWF0aWMtdHJhbnNtaXNzaW9uLWZsdWlkcy5odG1sJTIyJTIwdGFyZ2V0JTNEJTIyX2JsYW5rJTIyJTNFJTBBJTIwJTIwJTIwJTIwJTNDaW1nJTIwc3JjJTNEJTIyaHR0cHMlM0ElMkYlMkZ3d3cuc2FtZXJrYXNlbmVyZ3kuZ3IlMkZ3cC1jb250ZW50JTJGdXBsb2FkcyUyRjIwMTglMkYxMCUyRmJ1dHRvbi1jYXN0cm9sLXR1ci5wbmclMjIlMjB3aWR0aCUzRCUyMjIzNSUyMiUyMGhlaWdodCUzRCUyMjEwOSUyMiUyMHNyY3NldCUzRCUyMmh0dHBzJTNBJTJGJTJGd3d3LnNhbWVya2FzZW5lcmd5LmdyJTJGd3AtY29udGVudCUyRnVwbG9hZHMlMkYyMDE4JTJGMTAlMkZidXR0b24tY2FzdHJvbC10dXIucG5nJTIwMXglMkMlMjBodHRwcyUzQSUyRiUyRnd3dy5zYW1lcmthc2VuZXJneS5nciUyRndwLWNvbnRlbnQlMkZ1cGxvYWRzJTJGMjAxOCUyRjEwJTJGYnV0dG9uLWNhc3Ryb2wtdHVyJTQwMngucG5nJTIwMnglMjIlMjAlMkYlM0UlMEElMjAlMjAlM0MlMkZhJTNFJTBBJTNDJTJGZGl2JTNF[\/vc_raw_html][\/vc_column][vc_column width=&#8221;1\/3&#8243; el_class=&#8221;prod-bg&#8221;][vc_single_image image=&#8221;979&#8243; img_size=&#8221;full&#8221;][vc_raw_html]JTNDZGl2JTIwY2xhc3MlM0QlMjJwcm9kcyUyMiUzRSUwQSUyMCUyMCUzQ2RpdiUyMGNsYXNzJTNEJTIycHJvZHMtaGVhZCUyMiUzRU1hbnVlbCUyMCVDNSU5RmFueiVDNCVCMW1hbiUyMHlhJUM0JTlGJUM0JUIxJTNDJTJGZGl2JTNFJTIwJTIwJTBBJTNDJTJGZGl2JTNF[\/vc_raw_html][vc_raw_html el_class=&#8221;but-prod&#8221;]JTNDZGl2JTIwY2xhc3MlM0QlMjJidXQtY3MlMjIlM0UlMEElMjAlMjAlM0NhJTIwaHJlZiUzRCUyMmh0dHBzJTNBJTJGJTJGd3d3LmNhc3Ryb2wuY29tJTJGdHJfdHIlMkZ0dXJrZXklMkZwcm9kdWN0cyUyRnRydWNrLWFuZC1idXMlMkZtYW51YWwtdHJhbnNtaXNzaW9uLWZsdWlkcy5odG1sJTIyJTIwdGFyZ2V0JTNEJTIyX2JsYW5rJTIyJTNFJTBBJTIwJTIwJTIwJTIwJTNDaW1nJTIwc3JjJTNEJTIyaHR0cHMlM0ElMkYlMkZ3d3cuc2FtZXJrYXNlbmVyZ3kuZ3IlMkZ3cC1jb250ZW50JTJGdXBsb2FkcyUyRjIwMTglMkYxMCUyRmJ1dHRvbi1jYXN0cm9sLXR1ci5wbmclMjIlMjB3aWR0aCUzRCUyMjIzNSUyMiUyMGhlaWdodCUzRCUyMjEwOSUyMiUyMHNyY3NldCUzRCUyMmh0dHBzJTNBJTJGJTJGd3d3LnNhbWVya2FzZW5lcmd5LmdyJTJGd3AtY29udGVudCUyRnVwbG9hZHMlMkYyMDE4JTJGMTAlMkZidXR0b24tY2FzdHJvbC10dXIucG5nJTIwMXglMkMlMjBodHRwcyUzQSUyRiUyRnd3dy5zYW1lcmthc2VuZXJneS5nciUyRndwLWNvbnRlbnQlMkZ1cGxvYWRzJTJGMjAxOCUyRjEwJTJGYnV0dG9uLWNhc3Ryb2wtdHVyJTQwMngucG5nJTIwMnglMjIlMjAlMkYlM0UlMEElMjAlMjAlM0MlMkZhJTNFJTBBJTNDJTJGZGl2JTNF[\/vc_raw_html][\/vc_column][\/vc_row][vc_row full_width=&#8221;stretch_row_content_no_spaces&#8221; el_class=&#8221;row9&#8243;][vc_column width=&#8221;1\/2&#8243; el_class=&#8221;gray-col1&#8243;][vc_column_text el_class=&#8221;kausimo-h&#8221;]<\/p>\n<div class=\"big-title-bg\">\n<p>Arac\u0131n\u0131za uygun en iyi ya\u011f\u0131 bulun!<\/p>\n<\/div>\n<p>[\/vc_column_text][vc_column_text css=&#8221;.vc_custom_1538461827157{margin-top: 20px !important;margin-bottom: 25px !important;}&#8221; el_class=&#8221;kausimo-txt&#8221;]Samerkas SA\u2019n\u0131n deneyimli personeli, arac\u0131n \u00f6zelliklerine ve gereksinimlerine ve se\u00e7tikleri s\u00fcr\u00fc\u015f tarz\u0131na g\u00f6re en iyi \u00fcr\u00fcn\u00fc se\u00e7melerine yard\u0131mc\u0131 olmak i\u00e7in her zaman her s\u00fcr\u00fcc\u00fcn\u00fcn yan\u0131ndad\u0131r.[\/vc_column_text][vc_column_text]<\/p>\n<div class=\"ticks\">\n<div class=\"ticks-1\"><span class=\"hhh\">\uf00c<\/span>Deneyim ve uzmanl\u0131kta <strong>68 y\u0131l<\/strong><\/div>\n<div class=\"ticks-1\"><span class=\"hhh\">\uf00c<\/span>T\u00fcketiciye hizmette <strong>68 y\u0131l<\/strong><\/div>\n<div class=\"ticks-1\"><span class=\"hhh\">\uf00c<\/span>Akaryak\u0131t inovasyonunda <strong>68 y\u0131l<\/strong><\/div>\n<div class=\"ticks-1\"><span class=\"hhh\">\uf00c<\/span>En iyi kaliteyi sa\u011flamada <strong>68 y\u0131l<\/strong><\/div>\n<div class=\"ticks-1\"><span class=\"hhh\">\uf00c<\/span>Her motorun bak\u0131m\u0131nda <strong>68 y\u0131l<\/strong><\/div>\n<\/div>\n<p>[\/vc_column_text][vc_raw_html css=&#8221;.vc_custom_1538475858997{margin-top: 25px !important;}&#8221;]JTNDZGl2JTIwY2xhc3MlM0QlMjJidXQlMjIlM0UlMEElMjAlM0NhJTIwaHJlZiUzRCUyMmh0dHBzJTNBJTJGJTJGYXBwbGljYXRpb25zLmNhc3Ryb2wuY29tJTJGb2lsc2VsZWN0b3IlMkZ0cl90ciUyRmMlMkZzZWFyY2glM0Z2ZWhpY2xlVHlwZSUzRGElMjVDNCUyNTlGJTI1QzQlMjVCMXItdGljYXJpLWFyYSUyNUMzJTI1QTdsYXItdmUtb3RvYiUyNUMzJTI1QkNzLSUyOC03LTV0JTI5JTIyJTIwdGFyZ2V0JTNEJTIyX2JsYW5rJTIyJTNFJTBBJTIwJTNDZGl2JTIwY2xhc3MlM0QlMjJidXR0b24tc21hbGwlMjIlMjBzdHlsZSUzRCUyMndpZHRoJTNBMjUwcHglMjIlM0IlM0UlMEElMjAlMjAlM0NkaXYlMjBjbGFzcyUzRCUyMmJ1dC10eHQtc20lMjIlM0UlQzUlOUVpbWRpJTIwJTNDc3BhbiUyMHN0eWxlJTNEJTIyZm9udC13ZWlnaHQlM0E2MDAlM0IlMjIlM0UlMjBrZSVDNSU5RmZlZGluJTIxJTNDJTJGc3BhbiUzRSUzQyUyRmRpdiUzRSUwQSUyMCUyMCUzQ2RpdiUyMGNsYXNzJTNEJTIyYnV0LWFycm93LXNtJTIyJTNFJTNDaW1nJTIwc3JjJTNEJTIyaHR0cHMlM0ElMkYlMkZ3d3cuc2FtZXJrYXNlbmVyZ3kuZ3IlMkZ3cC1jb250ZW50JTJGdXBsb2FkcyUyRjIwMTglMkYwMiUyRmFycm93LTYxeDEyLnN2ZyUyMiUyMHdpZHRoJTNEJTIyNjFweCUyMiUyMGhlaWdodCUzRCUyMjEycHglMjIlM0UlMjAlM0MlMkZkaXYlM0UlMEElMjAlMjAlM0MlMkZkaXYlM0UlMEElMjAlM0MlMkZhJTNFJTBBJTNDJTJGZGl2JTNF[\/vc_raw_html][\/vc_column][vc_column width=&#8221;1\/2&#8243; el_class=&#8221;car-col&#8221;][vc_single_image image=&#8221;845&#8243; img_size=&#8221;full&#8221; alignment=&#8221;right&#8221; el_class=&#8221;merc-img&#8221;][\/vc_column][\/vc_row]<\/p>\n","protected":false},"excerpt":{"rendered":"<p>[vc_row full_width=&#8221;stretch_row_content_no_spaces&#8221; el_class=&#8221;row1&#8243;][vc_column el_class=&#8221;colrow1&#8243;][vc_row_inner][vc_column_inner][\/vc_column_inner][\/vc_row_inner][vc_row_inner el_class=&#8221;main-bg&#8221; el_id=&#8221;main-bg&#8221;][vc_column_inner el_class=&#8221;bp-bg&#8221; width=&#8221;1\/2&#8243;][vc_single_image image=&#8221;659&#8243; img_size=&#8221;full&#8221; el_class=&#8221;bp-img&#8221;][\/vc_column_inner][vc_column_inner el_class=&#8221;merc-bg&#8221; width=&#8221;1\/2&#8243;][\/vc_column_inner][\/vc_row_inner][\/vc_column][\/vc_row][vc_row el_class=&#8221;row-2&#8243;][vc_column width=&#8221;1\/3&#8243; el_class=&#8221;col1&#8243;][vc_column_text] Kamyon ve Otob\u00fcs ya\u011flar\u0131 [\/vc_column_text][vc_column_text el_class=&#8221;main-par&#8221;]Kamyonlar ve otob\u00fcsler gibi b\u00fcy\u00fck ve bak\u0131m gerektiren ara\u00e7lar, zorlu yolculuklarla ve programlarla kar\u015f\u0131la\u015f\u0131rlar. Bunlar iki ana motor zorlama fakt\u00f6rleridir. Amac\u0131m\u0131z, zorlu i\u015flevlerle a\u015f\u0131nmas\u0131n\u0131 \u00f6nleyerek ve ticari ara\u00e7lar\u0131n engelsiz kullan\u0131m\u0131n\u0131n \u00f6nemini bilerek, motorun sorunsuz [&hellip;]<\/p>\n","protected":false},"author":2,"featured_media":2052,"parent":2035,"menu_order":0,"comment_status":"closed","ping_status":"closed","template":"","meta":{"_monsterinsights_skip_tracking":false,"_monsterinsights_sitenote_active":false,"_monsterinsights_sitenote_note":"","_monsterinsights_sitenote_category":0},"acf":[],"aioseo_notices":[],"_links":{"self":[{"href":"https:\/\/samerkasenergy.gr\/tr\/wp-json\/wp\/v2\/pages\/2201"}],"collection":[{"href":"https:\/\/samerkasenergy.gr\/tr\/wp-json\/wp\/v2\/pages"}],"about":[{"href":"https:\/\/samerkasenergy.gr\/tr\/wp-json\/wp\/v2\/types\/page"}],"author":[{"embeddable":true,"href":"https:\/\/samerkasenergy.gr\/tr\/wp-json\/wp\/v2\/users\/2"}],"replies":[{"embeddable":true,"href":"https:\/\/samerkasenergy.gr\/tr\/wp-json\/wp\/v2\/comments?post=2201"}],"version-history":[{"count":0,"href":"https:\/\/samerkasenergy.gr\/tr\/wp-json\/wp\/v2\/pages\/2201\/revisions"}],"up":[{"embeddable":true,"href":"https:\/\/samerkasenergy.gr\/tr\/wp-json\/wp\/v2\/pages\/2035"}],"wp:featuredmedia":[{"embeddable":true,"href":"https:\/\/samerkasenergy.gr\/tr\/wp-json\/wp\/v2\/media\/2052"}],"wp:attachment":[{"href":"https:\/\/samerkasenergy.gr\/tr\/wp-json\/wp\/v2\/media?parent=2201"}],"curies":[{"name":"wp","href":"https:\/\/api.w.org\/{rel}","templated":true}]}}