{"id":2207,"date":"2018-02-14T14:29:38","date_gmt":"2018-02-14T12:29:38","guid":{"rendered":"https:\/\/samerkasenergy.gr\/lipantika\/agrotika-oximata\/"},"modified":"2019-04-11T11:45:30","modified_gmt":"2019-04-11T08:45:30","slug":"agrotika-oximata","status":"publish","type":"page","link":"https:\/\/samerkasenergy.gr\/tr\/lipantika\/agrotika-oximata\/","title":{"rendered":"\u0391\u0393\u03a1\u039f\u03a4\u0399\u039a\u0391 \u039f\u03a7\u0397\u039c\u0391\u03a4\u0391"},"content":{"rendered":"<p>[vc_row full_width=&#8221;stretch_row_content_no_spaces&#8221; el_class=&#8221;row1&#8243;][vc_column el_class=&#8221;colrow1&#8243;][vc_row_inner][vc_column_inner][\/vc_column_inner][\/vc_row_inner][vc_row_inner el_class=&#8221;main-bg&#8221; el_id=&#8221;main-bg&#8221;][vc_column_inner el_class=&#8221;bp-bg&#8221; width=&#8221;1\/2&#8243;][vc_single_image image=&#8221;659&#8243; img_size=&#8221;full&#8221; el_class=&#8221;bp-img&#8221;][\/vc_column_inner][vc_column_inner el_class=&#8221;merc-bg&#8221; width=&#8221;1\/2&#8243;][\/vc_column_inner][\/vc_row_inner][\/vc_column][\/vc_row][vc_row el_class=&#8221;row-2&#8243;][vc_column width=&#8221;1\/3&#8243; el_class=&#8221;col1&#8243;][vc_column_text]<\/p>\n<div class=\"mini-title\"><a href=\"https:\/\/samerkasenergy.gr\/tr\/lipantika\/\">Tar\u0131msal <\/a><\/div>\n<div class=\"big-title\">Ara\u00e7 Ya\u011flar\u0131<\/div>\n<div class=\"hr\"><\/div>\n<p>[\/vc_column_text][vc_column_text el_class=&#8221;main-par&#8221;]Tar\u0131msal ara\u00e7lar ve tar\u0131msal makineler, daha fazla ancak ayn\u0131 zamanda farkl\u0131 gereksinimlerle kendi i\u00e7inde ayr\u0131 bir kategoridir. Motorun uygun i\u015fleyi\u015finden hareketli mekanik par\u00e7alara, tar\u0131msal ara\u00e7lar\u0131n ve tar\u0131msal makinelerin ya\u011flanmas\u0131 bir zorluktur. Arac\u0131 i\u015flevsel a\u015f\u0131nman\u0131n yan\u0131 s\u0131ra i\u015f yeri ko\u015fullar\u0131 ve do\u011fal kirletici maddeler gibi harici fakt\u00f6rlerden de korurken, arac\u0131n zorlu ko\u015fullara m\u00fckemmel tepki vermesinin her \u015fekilde sa\u011flanmas\u0131 a\u015f\u0131r\u0131 derecede \u00f6nemlidir.[\/vc_column_text][\/vc_column][vc_column width=&#8221;1\/3&#8243; el_class=&#8221;col2&#8243;][vc_column_text]Samerkas SA, g\u00fcvenilirlik ve performansa odaklanarak, a\u011f\u0131r i\u015f tar\u0131msal ara\u00e7lar\u0131n\u0131n bile kapsaml\u0131 bak\u0131m\u0131n\u0131 ve ihtiya\u00e7lar\u0131n\u0131n kar\u015f\u0131lanmas\u0131n\u0131 sa\u011fmak \u00fczere sizin yan\u0131n\u0131zdad\u0131r.[\/vc_column_text][\/vc_column][vc_column width=&#8221;1\/3&#8243; el_class=&#8221;col3&#8243;][\/vc_column][\/vc_row][vc_row el_class=&#8221;row4&#8243;][vc_column width=&#8221;1\/4&#8243;][vc_column_text]<\/p>\n<div class=\"mini-title\">Kategori<\/div>\n<div class=\"big-title\">se\u00e7in<\/div>\n<div class=\"hr\"><\/div>\n<p>[\/vc_column_text][\/vc_column][vc_column width=&#8221;3\/4&#8243;][vc_column_text el_class=&#8221;fas&#8221;]\u0130lginizi \u00e7eken kategoriyi se\u00e7in ve mevcut t\u00fcm \u00fcr\u00fcn t\u00fcrlerini ke\u015ffedin.[\/vc_column_text][\/vc_column][\/vc_row][vc_row el_class=&#8221;row5&#8243; el_id=&#8221;prods&#8221;][vc_column width=&#8221;1\/3&#8243; el_class=&#8221;prod-bg&#8221;][vc_single_image image=&#8221;964&#8243; img_size=&#8221;full&#8221;][vc_raw_html]JTNDZGl2JTIwY2xhc3MlM0QlMjJwcm9kcyUyMiUzRSUwQSUyMCUyMCUzQ2RpdiUyMGNsYXNzJTNEJTIycHJvZHMtaGVhZCUyMiUzRU1vdG9yJTIweWElQzQlOUZsYXIlQzQlQjElM0MlMkZkaXYlM0UlMjAlMjAlMEElM0MlMkZkaXYlM0U=[\/vc_raw_html][vc_raw_html el_class=&#8221;but-prod&#8221;]JTNDZGl2JTIwY2xhc3MlM0QlMjJidXQtY3MlMjIlM0UlMEElMjAlMjAlM0NhJTIwaHJlZiUzRCUyMmh0dHBzJTNBJTJGJTJGd3d3LmNhc3Ryb2wuY29tJTJGdHJfdHIlMkZ0dXJrZXklMkZwcm9kdWN0cyUyRm9mZi1yb2FkJTJGZW5naW5lLW9pbHMuaHRtbCUyMiUyMHRhcmdldCUzRCUyMl9ibGFuayUyMiUzRSUwQSUyMCUyMCUyMCUyMCUzQ2ltZyUyMHNyYyUzRCUyMmh0dHBzJTNBJTJGJTJGd3d3LnNhbWVya2FzZW5lcmd5LmdyJTJGd3AtY29udGVudCUyRnVwbG9hZHMlMkYyMDE4JTJGMTAlMkZidXR0b24tY2FzdHJvbC10dXIucG5nJTIyJTIwd2lkdGglM0QlMjIyMzUlMjIlMjBoZWlnaHQlM0QlMjIxMDklMjIlMjBzcmNzZXQlM0QlMjJodHRwcyUzQSUyRiUyRnd3dy5zYW1lcmthc2VuZXJneS5nciUyRndwLWNvbnRlbnQlMkZ1cGxvYWRzJTJGMjAxOCUyRjEwJTJGYnV0dG9uLWNhc3Ryb2wtdHVyLnBuZyUyMDF4JTJDJTIwaHR0cHMlM0ElMkYlMkZ3d3cuc2FtZXJrYXNlbmVyZ3kuZ3IlMkZ3cC1jb250ZW50JTJGdXBsb2FkcyUyRjIwMTglMkYxMCUyRmJ1dHRvbi1jYXN0cm9sLXR1ciU0MDJ4LnBuZyUyMDJ4JTIyJTIwJTJGJTNFJTBBJTIwJTIwJTNDJTJGYSUzRSUwQSUzQyUyRmRpdiUzRSUwQSUwQSUzQ2RpdiUyMGNsYXNzJTNEJTIyYnV0LWJwJTIyJTNFJTBBJTIwJTIwJTNDYSUyMGhyZWYlM0QlMjJodHRwcyUzQSUyRiUyRnd3dy5icC5jb20lMkZ0cl90ciUyRmx1YnJpY2FudHMlMkZ0dXJrZXklMkZiaW5lay1hcmFjbGFyLWljaW4tbW90b3IteWFnaS5odG1sJTIyJTIwdGFyZ2V0JTNEJTIyX2JsYW5rJTIyJTNFJTBBJTIwJTIwJTIwJTIwJTNDaW1nJTIwc3JjJTNEJTIyaHR0cHMlM0ElMkYlMkZ3d3cuc2FtZXJrYXNlbmVyZ3kuZ3IlMkZ3cC1jb250ZW50JTJGdXBsb2FkcyUyRjIwMTglMkYxMCUyRmJ1dHRvbi1icC10dXIucG5nJTIyJTIwd2lkdGglM0QlMjIyMzUlMjIlMjBoZWlnaHQlM0QlMjIxMDklMjIlMjBzcmNzZXQlM0QlMjJodHRwcyUzQSUyRiUyRnd3dy5zYW1lcmthc2VuZXJneS5nciUyRndwLWNvbnRlbnQlMkZ1cGxvYWRzJTJGMjAxOCUyRjEwJTJGYnV0dG9uLWJwLXR1ci5wbmclMjAxeCUyQyUyMGh0dHBzJTNBJTJGJTJGd3d3LnNhbWVya2FzZW5lcmd5LmdyJTJGd3AtY29udGVudCUyRnVwbG9hZHMlMkYyMDE4JTJGMTAlMkZidXR0b24tYnAtdHVyJTQwMngucG5nJTIwMnglMjIlMjAlMkYlM0UlMEElMjAlMjAlM0MlMkZhJTNFJTBBJTNDJTJGZGl2JTNF[\/vc_raw_html][\/vc_column][vc_column width=&#8221;1\/3&#8243; el_class=&#8221;prod-bg&#8221;][vc_single_image image=&#8221;965&#8243; img_size=&#8221;full&#8221;][vc_raw_html]JTNDZGl2JTIwY2xhc3MlM0QlMjJwcm9kcyUyMiUzRSUwQSUyMCUyMCUzQ2RpdiUyMGNsYXNzJTNEJTIycHJvZHMtaGVhZCUyMiUzRSVDNSU5RWFueiVDNCVCMW1hbiUyMHlhJUM0JTlGJUM0JUIxJTNDJTJGZGl2JTNFJTIwJTIwJTBBJTNDJTJGZGl2JTNF[\/vc_raw_html][vc_raw_html el_class=&#8221;but-prod&#8221;]JTNDZGl2JTIwY2xhc3MlM0QlMjJidXQtY3MlMjIlM0UlMEElMjAlMjAlM0NhJTIwaHJlZiUzRCUyMmh0dHBzJTNBJTJGJTJGd3d3LmNhc3Ryb2wuY29tJTJGdHJfdHIlMkZ0dXJrZXklMkZwcm9kdWN0cyUyRm9mZi1yb2FkJTJGZHJpdmVsaW5lLWZsdWlkcy5odG1sJTIyJTIwdGFyZ2V0JTNEJTIyX2JsYW5rJTIyJTNFJTBBJTIwJTIwJTIwJTIwJTIwJTNDaW1nJTIwc3JjJTNEJTIyaHR0cHMlM0ElMkYlMkZ3d3cuc2FtZXJrYXNlbmVyZ3kuZ3IlMkZ3cC1jb250ZW50JTJGdXBsb2FkcyUyRjIwMTglMkYxMCUyRmJ1dHRvbi1jYXN0cm9sLXR1ci5wbmclMjIlMjB3aWR0aCUzRCUyMjIzNSUyMiUyMGhlaWdodCUzRCUyMjEwOSUyMiUyMHNyY3NldCUzRCUyMmh0dHBzJTNBJTJGJTJGd3d3LnNhbWVya2FzZW5lcmd5LmdyJTJGd3AtY29udGVudCUyRnVwbG9hZHMlMkYyMDE4JTJGMTAlMkZidXR0b24tY2FzdHJvbC10dXIucG5nJTIwMXglMkMlMjBodHRwcyUzQSUyRiUyRnd3dy5zYW1lcmthc2VuZXJneS5nciUyRndwLWNvbnRlbnQlMkZ1cGxvYWRzJTJGMjAxOCUyRjEwJTJGYnV0dG9uLWNhc3Ryb2wtdHVyJTQwMngucG5nJTIwMnglMjIlMjAlMkYlM0UlMEElMjAlMjAlM0MlMkZhJTNFJTBBJTNDJTJGZGl2JTNF[\/vc_raw_html][\/vc_column][vc_column width=&#8221;1\/3&#8243; el_class=&#8221;prod-bg&#8221;][vc_single_image image=&#8221;966&#8243; img_size=&#8221;full&#8221;][vc_raw_html]JTNDZGl2JTIwY2xhc3MlM0QlMjJwcm9kcyUyMiUzRSUwQSUyMCUyMCUzQ2RpdiUyMGNsYXNzJTNEJTIycHJvZHMtaGVhZCUyMiUzRUdyZXNsZXIlM0MlMkZkaXYlM0UlMjAlMjAlMEElM0MlMkZkaXYlM0U=[\/vc_raw_html][vc_raw_html el_class=&#8221;but-prod&#8221;]JTNDZGl2JTIwY2xhc3MlM0QlMjJidXQtY3MlMjIlM0UlMEElMjAlMjAlM0NhJTIwaHJlZiUzRCUyMmh0dHBzJTNBJTJGJTJGd3d3LmNhc3Ryb2wuY29tJTJGdHJfdHIlMkZ0dXJrZXklMkZwcm9kdWN0cyUyRm9mZi1yb2FkJTJGZ3JlYXNlcy5odG1sJTIyJTIwdGFyZ2V0JTNEJTIyX2JsYW5rJTIyJTNFJTBBJTIwJTIwJTIwJTIwJTIwJTNDaW1nJTIwc3JjJTNEJTIyaHR0cHMlM0ElMkYlMkZ3d3cuc2FtZXJrYXNlbmVyZ3kuZ3IlMkZ3cC1jb250ZW50JTJGdXBsb2FkcyUyRjIwMTglMkYxMCUyRmJ1dHRvbi1jYXN0cm9sLXR1ci5wbmclMjIlMjB3aWR0aCUzRCUyMjIzNSUyMiUyMGhlaWdodCUzRCUyMjEwOSUyMiUyMHNyY3NldCUzRCUyMmh0dHBzJTNBJTJGJTJGd3d3LnNhbWVya2FzZW5lcmd5LmdyJTJGd3AtY29udGVudCUyRnVwbG9hZHMlMkYyMDE4JTJGMTAlMkZidXR0b24tY2FzdHJvbC10dXIucG5nJTIwMXglMkMlMjBodHRwcyUzQSUyRiUyRnd3dy5zYW1lcmthc2VuZXJneS5nciUyRndwLWNvbnRlbnQlMkZ1cGxvYWRzJTJGMjAxOCUyRjEwJTJGYnV0dG9uLWNhc3Ryb2wtdHVyJTQwMngucG5nJTIwMnglMjIlMjAlMkYlM0UlMEElMjAlMjAlM0MlMkZhJTNFJTBBJTNDJTJGZGl2JTNF[\/vc_raw_html][\/vc_column][vc_column width=&#8221;1\/3&#8243; el_class=&#8221;prod-bg&#8221;][vc_single_image image=&#8221;967&#8243; img_size=&#8221;full&#8221;][vc_raw_html]JTNDZGl2JTIwY2xhc3MlM0QlMjJwcm9kcyUyMiUzRSUwQSUyMCUyMCUzQ2RpdiUyMGNsYXNzJTNEJTIycHJvZHMtaGVhZCUyMiUzRURpJUM0JTlGZXIlMjAlQzMlQjZ6ZWwlMjAlQzMlQkNyJUMzJUJDbmxlciUzQyUyRmRpdiUzRSUyMCUyMCUwQSUzQyUyRmRpdiUzRQ==[\/vc_raw_html][vc_raw_html el_class=&#8221;but-prod&#8221;]JTNDZGl2JTIwY2xhc3MlM0QlMjJidXQtY3MlMjIlM0UlMEElMjAlMjAlM0NhJTIwaHJlZiUzRCUyMmh0dHBzJTNBJTJGJTJGd3d3LmNhc3Ryb2wuY29tJTJGdHJfdHIlMkZ0dXJrZXklMkZwcm9kdWN0cyUyRm9mZi1yb2FkJTJGb3RoZXItcHJvZHVjdHMuaHRtbCUyMiUyMHRhcmdldCUzRCUyMl9ibGFuayUyMiUzRSUwQSUyMCUyMCUyMCUyMCUyMCUzQ2ltZyUyMHNyYyUzRCUyMmh0dHBzJTNBJTJGJTJGd3d3LnNhbWVya2FzZW5lcmd5LmdyJTJGd3AtY29udGVudCUyRnVwbG9hZHMlMkYyMDE4JTJGMTAlMkZidXR0b24tY2FzdHJvbC10dXIucG5nJTIyJTIwd2lkdGglM0QlMjIyMzUlMjIlMjBoZWlnaHQlM0QlMjIxMDklMjIlMjBzcmNzZXQlM0QlMjJodHRwcyUzQSUyRiUyRnd3dy5zYW1lcmthc2VuZXJneS5nciUyRndwLWNvbnRlbnQlMkZ1cGxvYWRzJTJGMjAxOCUyRjEwJTJGYnV0dG9uLWNhc3Ryb2wtdHVyLnBuZyUyMDF4JTJDJTIwaHR0cHMlM0ElMkYlMkZ3d3cuc2FtZXJrYXNlbmVyZ3kuZ3IlMkZ3cC1jb250ZW50JTJGdXBsb2FkcyUyRjIwMTglMkYxMCUyRmJ1dHRvbi1jYXN0cm9sLXR1ciU0MDJ4LnBuZyUyMDJ4JTIyJTIwJTJGJTNFJTBBJTIwJTIwJTNDJTJGYSUzRSUwQSUzQyUyRmRpdiUzRQ==[\/vc_raw_html][\/vc_column][vc_column width=&#8221;1\/3&#8243;][\/vc_column][vc_column width=&#8221;1\/3&#8243;][\/vc_column][\/vc_row][vc_row full_width=&#8221;stretch_row_content_no_spaces&#8221; el_class=&#8221;row9&#8243;][vc_column width=&#8221;1\/2&#8243; el_class=&#8221;gray-col1&#8243;][vc_column_text el_class=&#8221;kausimo-h&#8221;]<\/p>\n<div class=\"big-title-bg\">Arac\u0131n\u0131za uygun en iyi ya\u011f\u0131 bulun!<\/div>\n<div class=\"hr-bg\"><\/div>\n<p>[\/vc_column_text][vc_column_text css=&#8221;.vc_custom_1538462157414{margin-top: 20px !important;margin-bottom: 25px !important;}&#8221; el_class=&#8221;kausimo-txt&#8221;]Samerkas SA\u2019n\u0131n deneyimli personeli, arac\u0131n \u00f6zelliklerine ve gereksinimlerine ve se\u00e7tikleri s\u00fcr\u00fc\u015f tarz\u0131na g\u00f6re en iyi \u00fcr\u00fcn\u00fc se\u00e7melerine yard\u0131mc\u0131 olmak i\u00e7in her zaman her s\u00fcr\u00fcc\u00fcn\u00fcn yan\u0131ndad\u0131r.[\/vc_column_text][vc_column_text]<\/p>\n<div class=\"ticks\">\n<div class=\"ticks-1\"><span class=\"hhh\">\uf00c<\/span>Deneyim ve uzmanl\u0131kta <strong> 68 y\u0131l<\/strong><\/div>\n<div class=\"ticks-1\"><span class=\"hhh\">\uf00c<\/span>T\u00fcketiciye hizmett <strong> 68 y\u0131l<\/strong><\/div>\n<div class=\"ticks-1\"><span class=\"hhh\">\uf00c<\/span>Akaryak\u0131t inovasyonunda <strong> 68 y\u0131l<\/strong><\/div>\n<div class=\"ticks-1\"><span class=\"hhh\">\uf00c<\/span>En iyi kaliteyi sa\u011flamada <strong> 68 y\u0131l<\/strong><\/div>\n<div class=\"ticks-1\"><span class=\"hhh\">\uf00c<\/span>Her motorun bak\u0131m\u0131nda <strong> 68 y\u0131l<\/strong><\/div>\n<\/div>\n<p>[\/vc_column_text][vc_raw_html css=&#8221;.vc_custom_1538475892859{margin-top: 25px !important;}&#8221;]JTNDZGl2JTIwY2xhc3MlM0QlMjJidXQlMjIlM0UlMEElMjAlM0NhJTIwaHJlZiUzRCUyMmh0dHBzJTNBJTJGJTJGYXBwbGljYXRpb25zLmNhc3Ryb2wuY29tJTJGb2lsc2VsZWN0b3IlMkZ0cl90ciUyRmMlMkZzZWFyY2glM0Z2ZWhpY2xlVHlwZSUzRGhhZmlmLXRpY2FyaS1hcmElMjVDMyUyNUE3bGFyLSUyOC03LTV0JTI5JTIyJTIwdGFyZ2V0JTNEJTIyX2JsYW5rJTIyJTNFJTBBJTIwJTNDZGl2JTIwY2xhc3MlM0QlMjJidXR0b24tc21hbGwlMjIlMjBzdHlsZSUzRCUyMndpZHRoJTNBMjUwcHglMjIlM0IlM0UlMEElMjAlMjAlM0NkaXYlMjBjbGFzcyUzRCUyMmJ1dC10eHQtc20lMjIlM0UlQzUlOUVpbWRpJTIwJTNDc3BhbiUyMHN0eWxlJTNEJTIyZm9udC13ZWlnaHQlM0E2MDAlM0IlMjIlM0UlMjBrZSVDNSU5RmZlZGluJTIxJTNDJTJGc3BhbiUzRSUzQyUyRmRpdiUzRSUwQSUyMCUyMCUzQ2RpdiUyMGNsYXNzJTNEJTIyYnV0LWFycm93LXNtJTIyJTNFJTNDaW1nJTIwc3JjJTNEJTIyaHR0cHMlM0ElMkYlMkZ3d3cuc2FtZXJrYXNlbmVyZ3kuZ3IlMkZ3cC1jb250ZW50JTJGdXBsb2FkcyUyRjIwMTglMkYwMiUyRmFycm93LTYxeDEyLnN2ZyUyMiUyMHdpZHRoJTNEJTIyNjFweCUyMiUyMGhlaWdodCUzRCUyMjEycHglMjIlM0UlMjAlM0MlMkZkaXYlM0UlMEElMjAlMjAlM0MlMkZkaXYlM0UlMEElMjAlM0MlMkZhJTNFJTBBJTNDJTJGZGl2JTNF[\/vc_raw_html][\/vc_column][vc_column width=&#8221;1\/2&#8243; el_class=&#8221;car-col&#8221;][vc_single_image image=&#8221;858&#8243; img_size=&#8221;full&#8221; alignment=&#8221;right&#8221; el_class=&#8221;merc-img&#8221;][\/vc_column][\/vc_row]<\/p>\n","protected":false},"excerpt":{"rendered":"<p>[vc_row full_width=&#8221;stretch_row_content_no_spaces&#8221; el_class=&#8221;row1&#8243;][vc_column el_class=&#8221;colrow1&#8243;][vc_row_inner][vc_column_inner][\/vc_column_inner][\/vc_row_inner][vc_row_inner el_class=&#8221;main-bg&#8221; el_id=&#8221;main-bg&#8221;][vc_column_inner el_class=&#8221;bp-bg&#8221; width=&#8221;1\/2&#8243;][vc_single_image image=&#8221;659&#8243; img_size=&#8221;full&#8221; el_class=&#8221;bp-img&#8221;][\/vc_column_inner][vc_column_inner el_class=&#8221;merc-bg&#8221; width=&#8221;1\/2&#8243;][\/vc_column_inner][\/vc_row_inner][\/vc_column][\/vc_row][vc_row el_class=&#8221;row-2&#8243;][vc_column width=&#8221;1\/3&#8243; el_class=&#8221;col1&#8243;][vc_column_text] Tar\u0131msal Ara\u00e7 Ya\u011flar\u0131 [\/vc_column_text][vc_column_text el_class=&#8221;main-par&#8221;]Tar\u0131msal ara\u00e7lar ve tar\u0131msal makineler, daha fazla ancak ayn\u0131 zamanda farkl\u0131 gereksinimlerle kendi i\u00e7inde ayr\u0131 bir kategoridir. Motorun uygun i\u015fleyi\u015finden hareketli mekanik par\u00e7alara, tar\u0131msal ara\u00e7lar\u0131n ve tar\u0131msal makinelerin ya\u011flanmas\u0131 bir zorluktur. Arac\u0131 i\u015flevsel a\u015f\u0131nman\u0131n yan\u0131 [&hellip;]<\/p>\n","protected":false},"author":2,"featured_media":2051,"parent":2035,"menu_order":0,"comment_status":"closed","ping_status":"closed","template":"","meta":{"_monsterinsights_skip_tracking":false,"_monsterinsights_sitenote_active":false,"_monsterinsights_sitenote_note":"","_monsterinsights_sitenote_category":0},"acf":[],"aioseo_notices":[],"_links":{"self":[{"href":"https:\/\/samerkasenergy.gr\/tr\/wp-json\/wp\/v2\/pages\/2207"}],"collection":[{"href":"https:\/\/samerkasenergy.gr\/tr\/wp-json\/wp\/v2\/pages"}],"about":[{"href":"https:\/\/samerkasenergy.gr\/tr\/wp-json\/wp\/v2\/types\/page"}],"author":[{"embeddable":true,"href":"https:\/\/samerkasenergy.gr\/tr\/wp-json\/wp\/v2\/users\/2"}],"replies":[{"embeddable":true,"href":"https:\/\/samerkasenergy.gr\/tr\/wp-json\/wp\/v2\/comments?post=2207"}],"version-history":[{"count":0,"href":"https:\/\/samerkasenergy.gr\/tr\/wp-json\/wp\/v2\/pages\/2207\/revisions"}],"up":[{"embeddable":true,"href":"https:\/\/samerkasenergy.gr\/tr\/wp-json\/wp\/v2\/pages\/2035"}],"wp:featuredmedia":[{"embeddable":true,"href":"https:\/\/samerkasenergy.gr\/tr\/wp-json\/wp\/v2\/media\/2051"}],"wp:attachment":[{"href":"https:\/\/samerkasenergy.gr\/tr\/wp-json\/wp\/v2\/media?parent=2207"}],"curies":[{"name":"wp","href":"https:\/\/api.w.org\/{rel}","templated":true}]}}