{"id":2216,"date":"2018-03-08T09:30:29","date_gmt":"2018-03-08T07:30:29","guid":{"rendered":"https:\/\/samerkasenergy.gr\/lipantika\/viomixanika-oximata\/"},"modified":"2019-04-11T11:47:59","modified_gmt":"2019-04-11T08:47:59","slug":"viomixanika-oximata","status":"publish","type":"page","link":"https:\/\/samerkasenergy.gr\/tr\/lipantika\/viomixanika-oximata\/","title":{"rendered":"\u0392\u0399\u039f\u039c\u0397\u03a7\u0391\u039d\u0399\u039a\u0391 \u039f\u03a7\u0397\u039c\u0391\u03a4\u0391"},"content":{"rendered":"<p>[vc_row full_width=&#8221;stretch_row_content_no_spaces&#8221; el_class=&#8221;row1&#8243;][vc_column el_class=&#8221;colrow1&#8243;][vc_row_inner][vc_column_inner][\/vc_column_inner][\/vc_row_inner][vc_row_inner el_class=&#8221;main-bg&#8221; el_id=&#8221;main-bg&#8221;][vc_column_inner el_class=&#8221;bp-bg&#8221; width=&#8221;1\/2&#8243;][vc_single_image image=&#8221;659&#8243; img_size=&#8221;full&#8221; el_class=&#8221;bp-img&#8221;][\/vc_column_inner][vc_column_inner el_class=&#8221;merc-bg&#8221; width=&#8221;1\/2&#8243;][\/vc_column_inner][\/vc_row_inner][\/vc_column][\/vc_row][vc_row el_class=&#8221;row-2&#8243;][vc_column width=&#8221;1\/3&#8243; el_class=&#8221;col1&#8243;][vc_column_text]<\/p>\n<div class=\"mini-title\"><a href=\"https:\/\/samerkasenergy.gr\/tr\/lipantika\/\">Ya\u011flar <\/a><\/div>\n<div class=\"big-title\">End\u00fcstriyel Ara\u00e7lar i\u00e7in<\/div>\n<div class=\"hr\"><\/div>\n<p>[\/vc_column_text][vc_column_text el_class=&#8221;main-par&#8221;]Hem motorun hem de di\u011fer t\u00fcm par\u00e7alar\u0131n bak\u0131m\u0131nda ve korunmas\u0131nda en zorlu kategori herhalde End\u00fcstriyel Ara\u00e7lard\u0131r. Geni\u015f yelpazede \u00f6zel form\u00fcll\u00fc ya\u011flar ve \u00f6zel \u00fcr\u00fcnlerle, a\u011f\u0131r y\u00fcklemeden uzun yolculuklara en y\u00fcksek ihtiya\u00e7lar kar\u015f\u0131lanabilir, motorun ve arac\u0131n kalan mekanik par\u00e7alar\u0131n\u0131n performans\u0131 korunur ve optimize edilir.[\/vc_column_text][\/vc_column][vc_column width=&#8221;1\/3&#8243; el_class=&#8221;col2&#8243;][vc_column_text]Samerkas SA, g\u00fcvenilirlik ve performansa odaklanarak, a\u011f\u0131r i\u015f end\u00fcstriyel ara\u00e7lar\u0131n\u0131n bile kapsaml\u0131 bak\u0131m\u0131n\u0131 ve ihtiya\u00e7lar\u0131n\u0131n kar\u015f\u0131lanmas\u0131n\u0131 sa\u011fmak \u00fczere sizin yan\u0131n\u0131zdad\u0131r.[\/vc_column_text][\/vc_column][vc_column width=&#8221;1\/3&#8243; el_class=&#8221;col3&#8243;][\/vc_column][\/vc_row][vc_row el_class=&#8221;row4&#8243;][vc_column width=&#8221;1\/4&#8243;][vc_column_text]<\/p>\n<div class=\"mini-title\">Kategori<\/div>\n<div class=\"big-title\">Se\u00e7in<\/div>\n<div class=\"hr\"><\/div>\n<p>[\/vc_column_text][\/vc_column][vc_column width=&#8221;3\/4&#8243;][vc_column_text el_class=&#8221;fas&#8221;]\u0130lginizi \u00e7eken kategoriyi se\u00e7in ve mevcut t\u00fcm \u00fcr\u00fcn t\u00fcrlerini ke\u015ffedin.[\/vc_column_text][\/vc_column][\/vc_row][vc_row el_class=&#8221;row5&#8243; el_id=&#8221;prods&#8221;][vc_column width=&#8221;1\/3&#8243; el_class=&#8221;prod-bg&#8221;][vc_single_image image=&#8221;964&#8243; img_size=&#8221;full&#8221;][vc_raw_html]JTNDZGl2JTIwY2xhc3MlM0QlMjJwcm9kcyUyMiUzRSUwQSUyMCUyMCUzQ2RpdiUyMGNsYXNzJTNEJTIycHJvZHMtaGVhZCUyMiUzRU1vdG9yJTIweWElQzQlOUZsYXIlQzQlQjElM0MlMkZkaXYlM0UlMjAlMjAlMEElM0MlMkZkaXYlM0U=[\/vc_raw_html][vc_raw_html el_class=&#8221;but-prod&#8221;]JTNDZGl2JTIwY2xhc3MlM0QlMjJidXQtY3MlMjIlM0UlMEElMjAlMjAlM0NhJTIwaHJlZiUzRCUyMmh0dHBzJTNBJTJGJTJGd3d3LmNhc3Ryb2wuY29tJTJGdHJfdHIlMkZ0dXJrZXklMkZwcm9kdWN0cyUyRm9mZi1yb2FkLmh0bWwlMjIlMjB0YXJnZXQlM0QlMjJfYmxhbmslMjIlM0UlMEElMjAlMjAlMjAlMjAlM0NpbWclMjBzcmMlM0QlMjJodHRwcyUzQSUyRiUyRnd3dy5zYW1lcmthc2VuZXJneS5nciUyRndwLWNvbnRlbnQlMkZ1cGxvYWRzJTJGMjAxOCUyRjEwJTJGYnV0dG9uLWNhc3Ryb2wtdHVyLnBuZyUyMiUyMHdpZHRoJTNEJTIyMjM1JTIyJTIwaGVpZ2h0JTNEJTIyMTA5JTIyJTIwc3Jjc2V0JTNEJTIyaHR0cHMlM0ElMkYlMkZ3d3cuc2FtZXJrYXNlbmVyZ3kuZ3IlMkZ3cC1jb250ZW50JTJGdXBsb2FkcyUyRjIwMTglMkYxMCUyRmJ1dHRvbi1jYXN0cm9sLXR1ci5wbmclMjAxeCUyQyUyMGh0dHBzJTNBJTJGJTJGd3d3LnNhbWVya2FzZW5lcmd5LmdyJTJGd3AtY29udGVudCUyRnVwbG9hZHMlMkYyMDE4JTJGMTAlMkZidXR0b24tY2FzdHJvbC10dXIlNDAyeC5wbmclMjAyeCUyMiUyMCUyRiUzRSUwQSUyMCUyMCUzQyUyRmElM0UlMEElM0MlMkZkaXYlM0UlMEElMEElM0NkaXYlMjBjbGFzcyUzRCUyMmJ1dC1icCUyMiUzRSUwQSUyMCUyMCUzQ2ElMjBocmVmJTNEJTIyaHR0cHMlM0ElMkYlMkZ3d3cuYnAuY29tJTJGdHJfdHIlMkZsdWJyaWNhbnRzJTJGdHVya2V5JTJGYmluZWstYXJhY2xhci1pY2luLW1vdG9yLXlhZ2kuaHRtbCUyMiUyMHRhcmdldCUzRCUyMl9ibGFuayUyMiUzRSUwQSUyMCUyMCUyMCUyMCUzQ2ltZyUyMHNyYyUzRCUyMmh0dHBzJTNBJTJGJTJGd3d3LnNhbWVya2FzZW5lcmd5LmdyJTJGd3AtY29udGVudCUyRnVwbG9hZHMlMkYyMDE4JTJGMTAlMkZidXR0b24tYnAtdHVyLnBuZyUyMiUyMHdpZHRoJTNEJTIyMjM1JTIyJTIwaGVpZ2h0JTNEJTIyMTA5JTIyJTIwc3Jjc2V0JTNEJTIyaHR0cHMlM0ElMkYlMkZ3d3cuc2FtZXJrYXNlbmVyZ3kuZ3IlMkZ3cC1jb250ZW50JTJGdXBsb2FkcyUyRjIwMTglMkYxMCUyRmJ1dHRvbi1icC10dXIucG5nJTIwMXglMkMlMjBodHRwcyUzQSUyRiUyRnd3dy5zYW1lcmthc2VuZXJneS5nciUyRndwLWNvbnRlbnQlMkZ1cGxvYWRzJTJGMjAxOCUyRjEwJTJGYnV0dG9uLWJwLXR1ciU0MDJ4LnBuZyUyMDJ4JTIyJTIwJTJGJTNFJTBBJTIwJTIwJTNDJTJGYSUzRSUwQSUzQyUyRmRpdiUzRQ==[\/vc_raw_html][\/vc_column][vc_column width=&#8221;1\/3&#8243; el_class=&#8221;prod-bg&#8221;][vc_single_image image=&#8221;965&#8243; img_size=&#8221;full&#8221;][vc_raw_html]JTNDZGl2JTIwY2xhc3MlM0QlMjJwcm9kcyUyMiUzRSUwQSUyMCUyMCUzQ2RpdiUyMGNsYXNzJTNEJTIycHJvZHMtaGVhZCUyMiUzRSVDNSU5RWFueiVDNCVCMW1hbiUyMHlhJUM0JTlGJUM0JUIxJTNDJTJGZGl2JTNFJTIwJTIwJTBBJTNDJTJGZGl2JTNF[\/vc_raw_html][vc_raw_html el_class=&#8221;but-prod&#8221;]JTNDZGl2JTIwY2xhc3MlM0QlMjJidXQtY3MlMjIlM0UlMEElMjAlMjAlM0NhJTIwaHJlZiUzRCUyMmh0dHBzJTNBJTJGJTJGd3d3LmNhc3Ryb2wuY29tJTJGdHJfdHIlMkZ0dXJrZXklMkZwcm9kdWN0cyUyRm9mZi1yb2FkLmh0bWwlMjIlMjB0YXJnZXQlM0QlMjJfYmxhbmslMjIlM0UlMEElMjAlMjAlMjAlMjAlM0NpbWclMjBzcmMlM0QlMjJodHRwcyUzQSUyRiUyRnd3dy5zYW1lcmthc2VuZXJneS5nciUyRndwLWNvbnRlbnQlMkZ1cGxvYWRzJTJGMjAxOCUyRjEwJTJGYnV0dG9uLWNhc3Ryb2wtdHVyLnBuZyUyMiUyMHdpZHRoJTNEJTIyMjM1JTIyJTIwaGVpZ2h0JTNEJTIyMTA5JTIyJTIwc3Jjc2V0JTNEJTIyaHR0cHMlM0ElMkYlMkZ3d3cuc2FtZXJrYXNlbmVyZ3kuZ3IlMkZ3cC1jb250ZW50JTJGdXBsb2FkcyUyRjIwMTglMkYxMCUyRmJ1dHRvbi1jYXN0cm9sLXR1ci5wbmclMjAxeCUyQyUyMGh0dHBzJTNBJTJGJTJGd3d3LnNhbWVya2FzZW5lcmd5LmdyJTJGd3AtY29udGVudCUyRnVwbG9hZHMlMkYyMDE4JTJGMTAlMkZidXR0b24tY2FzdHJvbC10dXIlNDAyeC5wbmclMjAyeCUyMiUyMCUyRiUzRSUwQSUyMCUyMCUzQyUyRmElM0UlMEElM0MlMkZkaXYlM0U=[\/vc_raw_html][\/vc_column][vc_column width=&#8221;1\/3&#8243; el_class=&#8221;prod-bg&#8221;][vc_single_image image=&#8221;966&#8243; img_size=&#8221;full&#8221;][vc_raw_html]JTNDZGl2JTIwY2xhc3MlM0QlMjJwcm9kcyUyMiUzRSUwQSUyMCUyMCUzQ2RpdiUyMGNsYXNzJTNEJTIycHJvZHMtaGVhZCUyMiUzRUdyZXNsZXIlM0MlMkZkaXYlM0UlMjAlMjAlMEElM0MlMkZkaXYlM0U=[\/vc_raw_html][vc_raw_html el_class=&#8221;but-prod&#8221;]JTNDZGl2JTIwY2xhc3MlM0QlMjJidXQtY3MlMjIlM0UlMEElMjAlMjAlM0NhJTIwaHJlZiUzRCUyMmh0dHBzJTNBJTJGJTJGd3d3LmNhc3Ryb2wuY29tJTJGdHJfdHIlMkZ0dXJrZXklMkZwcm9kdWN0cyUyRm9mZi1yb2FkLmh0bWwlMjIlMjB0YXJnZXQlM0QlMjJfYmxhbmslMjIlM0UlMEElMjAlMjAlMjAlMjAlM0NpbWclMjBzcmMlM0QlMjJodHRwcyUzQSUyRiUyRnd3dy5zYW1lcmthc2VuZXJneS5nciUyRndwLWNvbnRlbnQlMkZ1cGxvYWRzJTJGMjAxOCUyRjEwJTJGYnV0dG9uLWNhc3Ryb2wtdHVyLnBuZyUyMiUyMHdpZHRoJTNEJTIyMjM1JTIyJTIwaGVpZ2h0JTNEJTIyMTA5JTIyJTIwc3Jjc2V0JTNEJTIyaHR0cHMlM0ElMkYlMkZ3d3cuc2FtZXJrYXNlbmVyZ3kuZ3IlMkZ3cC1jb250ZW50JTJGdXBsb2FkcyUyRjIwMTglMkYxMCUyRmJ1dHRvbi1jYXN0cm9sLXR1ci5wbmclMjAxeCUyQyUyMGh0dHBzJTNBJTJGJTJGd3d3LnNhbWVya2FzZW5lcmd5LmdyJTJGd3AtY29udGVudCUyRnVwbG9hZHMlMkYyMDE4JTJGMTAlMkZidXR0b24tY2FzdHJvbC10dXIlNDAyeC5wbmclMjAyeCUyMiUyMCUyRiUzRSUwQSUyMCUyMCUzQyUyRmElM0UlMEElM0MlMkZkaXYlM0U=[\/vc_raw_html][\/vc_column][vc_column width=&#8221;1\/3&#8243; el_class=&#8221;prod-bg&#8221;][vc_single_image image=&#8221;967&#8243; img_size=&#8221;full&#8221;][vc_raw_html]JTNDZGl2JTIwY2xhc3MlM0QlMjJwcm9kcyUyMiUzRSUwQSUyMCUyMCUzQ2RpdiUyMGNsYXNzJTNEJTIycHJvZHMtaGVhZCUyMiUzRURpJUM0JTlGZXIlMjAlQzMlQjZ6ZWwlMjAlQzMlQkNyJUMzJUJDbmxlciUzQyUyRmRpdiUzRSUyMCUyMCUwQSUzQyUyRmRpdiUzRQ==[\/vc_raw_html][vc_raw_html el_class=&#8221;but-prod&#8221;]JTNDZGl2JTIwY2xhc3MlM0QlMjJidXQtY3MlMjIlM0UlMEElMjAlMjAlM0NhJTIwaHJlZiUzRCUyMmh0dHBzJTNBJTJGJTJGd3d3LmNhc3Ryb2wuY29tJTJGdHJfdHIlMkZ0dXJrZXklMkZwcm9kdWN0cyUyRm9mZi1yb2FkLmh0bWwlMjIlMjB0YXJnZXQlM0QlMjJfYmxhbmslMjIlM0UlMEElMjAlMjAlMjAlMjAlM0NpbWclMjBzcmMlM0QlMjJodHRwcyUzQSUyRiUyRnd3dy5zYW1lcmthc2VuZXJneS5nciUyRndwLWNvbnRlbnQlMkZ1cGxvYWRzJTJGMjAxOCUyRjEwJTJGYnV0dG9uLWNhc3Ryb2wtdHVyLnBuZyUyMiUyMHdpZHRoJTNEJTIyMjM1JTIyJTIwaGVpZ2h0JTNEJTIyMTA5JTIyJTIwc3Jjc2V0JTNEJTIyaHR0cHMlM0ElMkYlMkZ3d3cuc2FtZXJrYXNlbmVyZ3kuZ3IlMkZ3cC1jb250ZW50JTJGdXBsb2FkcyUyRjIwMTglMkYxMCUyRmJ1dHRvbi1jYXN0cm9sLXR1ci5wbmclMjAxeCUyQyUyMGh0dHBzJTNBJTJGJTJGd3d3LnNhbWVya2FzZW5lcmd5LmdyJTJGd3AtY29udGVudCUyRnVwbG9hZHMlMkYyMDE4JTJGMTAlMkZidXR0b24tY2FzdHJvbC10dXIlNDAyeC5wbmclMjAyeCUyMiUyMCUyRiUzRSUwQSUyMCUyMCUzQyUyRmElM0UlMEElM0MlMkZkaXYlM0U=[\/vc_raw_html][\/vc_column][vc_column width=&#8221;1\/3&#8243;][\/vc_column][vc_column width=&#8221;1\/3&#8243;][\/vc_column][\/vc_row][vc_row full_width=&#8221;stretch_row_content_no_spaces&#8221; el_class=&#8221;row9&#8243;][vc_column width=&#8221;1\/2&#8243; el_class=&#8221;gray-col1&#8243;][vc_column_text el_class=&#8221;kausimo-h&#8221;]<\/p>\n<div class=\"big-title-bg\">Arac\u0131n\u0131za uygun en iyi ya\u011f\u0131 bulun!<\/div>\n<div class=\"hr-bg\"><\/div>\n<p>[\/vc_column_text][vc_column_text css=&#8221;.vc_custom_1538462585720{margin-top: 20px !important;margin-bottom: 25px !important;}&#8221; el_class=&#8221;kausimo-txt&#8221;]Samerkas SA\u2019n\u0131n deneyimli personeli, arac\u0131n \u00f6zelliklerine ve gereksinimlerine ve se\u00e7tikleri s\u00fcr\u00fc\u015f tarz\u0131na g\u00f6re en iyi \u00fcr\u00fcn\u00fc se\u00e7melerine yard\u0131mc\u0131 olmak i\u00e7in her zaman her s\u00fcr\u00fcc\u00fcn\u00fcn yan\u0131ndad\u0131r.[\/vc_column_text][vc_column_text]<\/p>\n<div class=\"ticks\">\n<div class=\"ticks-1\"><span class=\"hhh\">\uf00c<\/span>Deneyim ve uzmanl\u0131kta <strong>68 y\u0131l<\/strong><\/div>\n<div class=\"ticks-1\"><span class=\"hhh\">\uf00c<\/span>T\u00fcketiciye hizmette <strong>68 y\u0131l<\/strong><\/div>\n<div class=\"ticks-1\"><span class=\"hhh\">\uf00c<\/span>Akaryak\u0131t inovasyonunda <strong>68 y\u0131l<\/strong><\/div>\n<div class=\"ticks-1\"><span class=\"hhh\">\uf00c<\/span>En iyi kaliteyi sa\u011flamada <strong>68 y\u0131l<\/strong><\/div>\n<div class=\"ticks-1\"><span class=\"hhh\">\uf00c<\/span>Her motorun bak\u0131m\u0131nda <strong>68 y\u0131l<\/strong><\/div>\n<\/div>\n<p>[\/vc_column_text][vc_raw_html css=&#8221;.vc_custom_1538475924338{margin-top: 25px !important;}&#8221;]JTNDZGl2JTIwY2xhc3MlM0QlMjJidXQlMjIlM0UlMEElMjAlM0NhJTIwaHJlZiUzRCUyMmh0dHBzJTNBJTJGJTJGYXBwbGljYXRpb25zLmNhc3Ryb2wuY29tJTJGb2lsc2VsZWN0b3IlMkZ0cl90ciUyRmMlMkZzZWFyY2glMjIlMjB0YXJnZXQlM0QlMjJfYmxhbmslMjIlM0UlMEElMjAlM0NkaXYlMjBjbGFzcyUzRCUyMmJ1dHRvbi1zbWFsbCUyMiUyMHN0eWxlJTNEJTIyd2lkdGglM0EyNTBweCUyMiUzQiUzRSUwQSUyMCUyMCUzQ2RpdiUyMGNsYXNzJTNEJTIyYnV0LXR4dC1zbSUyMiUzRSVDNSU5RWltZGklMjAlM0NzcGFuJTIwc3R5bGUlM0QlMjJmb250LXdlaWdodCUzQTYwMCUzQiUyMiUzRSUyMGtlJUM1JTlGZmVkaW4lMjElM0MlMkZzcGFuJTNFJTNDJTJGZGl2JTNFJTBBJTIwJTIwJTNDZGl2JTIwY2xhc3MlM0QlMjJidXQtYXJyb3ctc20lMjIlM0UlM0NpbWclMjBzcmMlM0QlMjJodHRwcyUzQSUyRiUyRnd3dy5zYW1lcmthc2VuZXJneS5nciUyRndwLWNvbnRlbnQlMkZ1cGxvYWRzJTJGMjAxOCUyRjAyJTJGYXJyb3ctNjF4MTIuc3ZnJTIyJTIwd2lkdGglM0QlMjI2MXB4JTIyJTIwaGVpZ2h0JTNEJTIyMTJweCUyMiUzRSUyMCUzQyUyRmRpdiUzRSUwQSUyMCUyMCUzQyUyRmRpdiUzRSUwQSUyMCUzQyUyRmElM0UlMEElM0MlMkZkaXYlM0U=[\/vc_raw_html][\/vc_column][vc_column width=&#8221;1\/2&#8243; el_class=&#8221;car-col&#8221;][vc_single_image image=&#8221;858&#8243; img_size=&#8221;full&#8221; alignment=&#8221;right&#8221; el_class=&#8221;merc-img&#8221;][\/vc_column][\/vc_row]<\/p>\n","protected":false},"excerpt":{"rendered":"<p>[vc_row full_width=&#8221;stretch_row_content_no_spaces&#8221; el_class=&#8221;row1&#8243;][vc_column el_class=&#8221;colrow1&#8243;][vc_row_inner][vc_column_inner][\/vc_column_inner][\/vc_row_inner][vc_row_inner el_class=&#8221;main-bg&#8221; el_id=&#8221;main-bg&#8221;][vc_column_inner el_class=&#8221;bp-bg&#8221; width=&#8221;1\/2&#8243;][vc_single_image image=&#8221;659&#8243; img_size=&#8221;full&#8221; el_class=&#8221;bp-img&#8221;][\/vc_column_inner][vc_column_inner el_class=&#8221;merc-bg&#8221; width=&#8221;1\/2&#8243;][\/vc_column_inner][\/vc_row_inner][\/vc_column][\/vc_row][vc_row el_class=&#8221;row-2&#8243;][vc_column width=&#8221;1\/3&#8243; el_class=&#8221;col1&#8243;][vc_column_text] Ya\u011flar End\u00fcstriyel Ara\u00e7lar i\u00e7in [\/vc_column_text][vc_column_text el_class=&#8221;main-par&#8221;]Hem motorun hem de di\u011fer t\u00fcm par\u00e7alar\u0131n bak\u0131m\u0131nda ve korunmas\u0131nda en zorlu kategori herhalde End\u00fcstriyel Ara\u00e7lard\u0131r. Geni\u015f yelpazede \u00f6zel form\u00fcll\u00fc ya\u011flar ve \u00f6zel \u00fcr\u00fcnlerle, a\u011f\u0131r y\u00fcklemeden uzun yolculuklara en y\u00fcksek ihtiya\u00e7lar kar\u015f\u0131lanabilir, motorun ve [&hellip;]<\/p>\n","protected":false},"author":2,"featured_media":2050,"parent":2035,"menu_order":0,"comment_status":"closed","ping_status":"closed","template":"","meta":{"_monsterinsights_skip_tracking":false,"_monsterinsights_sitenote_active":false,"_monsterinsights_sitenote_note":"","_monsterinsights_sitenote_category":0},"acf":[],"aioseo_notices":[],"_links":{"self":[{"href":"https:\/\/samerkasenergy.gr\/tr\/wp-json\/wp\/v2\/pages\/2216"}],"collection":[{"href":"https:\/\/samerkasenergy.gr\/tr\/wp-json\/wp\/v2\/pages"}],"about":[{"href":"https:\/\/samerkasenergy.gr\/tr\/wp-json\/wp\/v2\/types\/page"}],"author":[{"embeddable":true,"href":"https:\/\/samerkasenergy.gr\/tr\/wp-json\/wp\/v2\/users\/2"}],"replies":[{"embeddable":true,"href":"https:\/\/samerkasenergy.gr\/tr\/wp-json\/wp\/v2\/comments?post=2216"}],"version-history":[{"count":0,"href":"https:\/\/samerkasenergy.gr\/tr\/wp-json\/wp\/v2\/pages\/2216\/revisions"}],"up":[{"embeddable":true,"href":"https:\/\/samerkasenergy.gr\/tr\/wp-json\/wp\/v2\/pages\/2035"}],"wp:featuredmedia":[{"embeddable":true,"href":"https:\/\/samerkasenergy.gr\/tr\/wp-json\/wp\/v2\/media\/2050"}],"wp:attachment":[{"href":"https:\/\/samerkasenergy.gr\/tr\/wp-json\/wp\/v2\/media?parent=2216"}],"curies":[{"name":"wp","href":"https:\/\/api.w.org\/{rel}","templated":true}]}}