{"id":2219,"date":"2018-02-14T14:59:08","date_gmt":"2018-02-14T14:59:08","guid":{"rendered":"https:\/\/samerkasenergy.gr\/lipantika\/alla-proionta\/"},"modified":"2018-10-02T14:42:18","modified_gmt":"2018-10-02T11:42:18","slug":"alla-proionta","status":"publish","type":"page","link":"https:\/\/samerkasenergy.gr\/tr\/lipantika\/alla-proionta\/","title":{"rendered":"\u0391\u039b\u039b\u0391 \u03a0\u03a1\u039f\u03aa\u039f\u039d\u03a4\u0391"},"content":{"rendered":"<p>[vc_row full_width=&#8221;stretch_row_content_no_spaces&#8221; el_class=&#8221;row1&#8243;][vc_column el_class=&#8221;colrow1&#8243;][vc_row_inner][vc_column_inner][\/vc_column_inner][\/vc_row_inner][vc_row_inner el_class=&#8221;main-bg&#8221; el_id=&#8221;main-bg&#8221;][vc_column_inner el_class=&#8221;bp-bg&#8221; width=&#8221;1\/2&#8243;][vc_single_image image=&#8221;659&#8243; img_size=&#8221;full&#8221; el_class=&#8221;bp-img&#8221;][\/vc_column_inner][vc_column_inner el_class=&#8221;merc-bg&#8221; width=&#8221;1\/2&#8243;][\/vc_column_inner][\/vc_row_inner][\/vc_column][\/vc_row][vc_row el_class=&#8221;row-2&#8243;][vc_column width=&#8221;1\/3&#8243; el_class=&#8221;col1&#8243;][vc_column_text]<\/p>\n<div class=\"mini-title\"><a href=\"https:\/\/samerkasenergy.gr\/tr\/lipantika\/\">Ya\u011flar<\/a><\/div>\n<div class=\"big-title\">Di\u011fer \u00dcr\u00fcnler<\/div>\n<div class=\"hr\"><\/div>\n<p>[\/vc_column_text][vc_column_text el_class=&#8221;main-par&#8221;]Samerkas SA olas\u0131 her kategori i\u00e7in \u00f6zel \u00fcr\u00fcnleri sizin i\u00e7in bir araya getirir. Amac\u0131m\u0131z, en zorlu ko\u015fullar alt\u0131nda bile uygun i\u015flevle kaliteyi sa\u011flayarak her t\u00fcrde motoru kapsamakt\u0131r.<\/p>\n<p>Bu kategoride, takma motor gibi di\u011fer t\u00fcrdeki ara\u00e7lar ve motorlar i\u00e7in ya\u011flar\u0131 ve di\u011fer \u00f6zel \u00fcr\u00fcnleri bulabilirsiniz. Do\u011fru \u00fcr\u00fcn\u00fc se\u00e7mek i\u00e7in tamamen e\u011fitimli personelimizin yan\u0131 s\u0131ra web sitemizdeki uygulamalara dan\u0131\u015f\u0131n.<br \/>\n[\/vc_column_text][\/vc_column][vc_column width=&#8221;1\/3&#8243; el_class=&#8221;col2&#8243;][\/vc_column][vc_column width=&#8221;1\/3&#8243; el_class=&#8221;col3&#8243;][\/vc_column][\/vc_row][vc_row el_class=&#8221;row4&#8243;][vc_column width=&#8221;1\/4&#8243;][vc_column_text]<\/p>\n<div class=\"mini-title\">Kategori<\/div>\n<div class=\"big-title\">Se\u00e7in<\/div>\n<div class=\"hr\"><\/div>\n<p>[\/vc_column_text][\/vc_column][vc_column width=&#8221;3\/4&#8243;][vc_column_text el_class=&#8221;fas&#8221;]\u0130lginizi \u00e7eken kategoriyi se\u00e7in ve mevcut t\u00fcm \u00fcr\u00fcn t\u00fcrlerini ke\u015ffedin.[\/vc_column_text][\/vc_column][\/vc_row][vc_row el_class=&#8221;row5&#8243; el_id=&#8221;prods&#8221;][vc_column width=&#8221;1\/3&#8243; el_class=&#8221;prod-bg&#8221;][vc_single_image image=&#8221;967&#8243; img_size=&#8221;full&#8221;][vc_raw_html]JTNDZGl2JTIwY2xhc3MlM0QlMjJwcm9kcyUyMiUzRSUwQSUyMCUyMCUzQ2RpdiUyMGNsYXNzJTNEJTIycHJvZHMtaGVhZCUyMiUzRVRla25lJTNDJTJGZGl2JTNFJTIwJTIwJTBBJTNDJTJGZGl2JTNF[\/vc_raw_html][vc_raw_html el_class=&#8221;but-prod&#8221;]JTNDZGl2JTIwY2xhc3MlM0QlMjJidXQtY3MlMjIlM0UlMEElMjAlMjAlM0NhJTIwaHJlZiUzRCUyMmh0dHBzJTNBJTJGJTJGd3d3LmNhc3Ryb2wuY29tJTJGZW5fZ2IlMkZ1bml0ZWQta2luZ2RvbSUyRnByb2R1Y3RzJTJGb3RoZXItcHJvZHVjdHMlMkZib2F0Lmh0bWwlMjIlMjB0YXJnZXQlM0QlMjJfYmxhbmslMjIlM0UlMEElMjAlMjAlMjAlMjAlM0NpbWclMjBzcmMlM0QlMjJodHRwcyUzQSUyRiUyRnd3dy5zYW1lcmthc2VuZXJneS5nciUyRndwLWNvbnRlbnQlMkZ1cGxvYWRzJTJGMjAxOCUyRjEwJTJGYnV0dG9uLWNhc3Ryb2wtdHVyLnBuZyUyMiUyMHdpZHRoJTNEJTIyMjM1JTIyJTIwaGVpZ2h0JTNEJTIyMTA5JTIyJTIwc3Jjc2V0JTNEJTIyaHR0cHMlM0ElMkYlMkZ3d3cuc2FtZXJrYXNlbmVyZ3kuZ3IlMkZ3cC1jb250ZW50JTJGdXBsb2FkcyUyRjIwMTglMkYxMCUyRmJ1dHRvbi1jYXN0cm9sLXR1ci5wbmclMjAxeCUyQyUyMGh0dHBzJTNBJTJGJTJGd3d3LnNhbWVya2FzZW5lcmd5LmdyJTJGd3AtY29udGVudCUyRnVwbG9hZHMlMkYyMDE4JTJGMTAlMkZidXR0b24tY2FzdHJvbC10dXIlNDAyeC5wbmclMjAyeCUyMiUyMCUyRiUzRSUwQSUyMCUyMCUzQyUyRmElM0UlMEElM0MlMkZkaXYlM0U=[\/vc_raw_html][\/vc_column][vc_column width=&#8221;1\/3&#8243;][\/vc_column][vc_column width=&#8221;1\/3&#8243;][\/vc_column][\/vc_row][vc_row full_width=&#8221;stretch_row_content_no_spaces&#8221; disable_element=&#8221;yes&#8221; el_class=&#8221;row9&#8243;][vc_column width=&#8221;1\/2&#8243; el_class=&#8221;gray-col1&#8243;][vc_column_text el_class=&#8221;kausimo-h&#8221;]<\/p>\n<div class=\"big-title-bg\">\u039c\u03ac\u03b8\u03b5 \u03c0\u03bf\u03b9\u03bf \u03bb\u03b9\u03c0\u03b1\u03bd\u03c4\u03b9\u03ba\u03cc \u03c4\u03b1\u03b9\u03c1\u03b9\u03ac\u03b6\u03b5\u03b9 \u03c3\u03c4\u03bf \u03c3\u03ba\u03ac\u03c6\u03bf\u03c2 \u03c3\u03bf\u03c5!<\/div>\n<div class=\"hr-bg\"><\/div>\n<p>[\/vc_column_text][vc_column_text css=&#8221;.vc_custom_1519821489852{margin-top: 20px !important;margin-bottom: 25px !important;}&#8221; el_class=&#8221;kausimo-txt&#8221;]\u03a4\u03bf \u03ad\u03bc\u03c0\u03b5\u03b9\u03c1\u03bf \u03c0\u03c1\u03bf\u03c3\u03c9\u03c0\u03b9\u03ba\u03cc \u03c4\u03b7\u03c2 \u03a3\u03b1\u03bc\u03ad\u03c1\u03ba\u03b1\u03c2 \u0391.\u0395. \u0392\u03c1\u03af\u03c3\u03ba\u03b5\u03c4\u03b1\u03b9 \u03c0\u03ac\u03bd\u03c4\u03bf\u03c4\u03b5 \u03c3\u03c4\u03bf \u03c0\u03bb\u03b5\u03c5\u03c1\u03cc \u03c4\u03bf\u03c5 \u03ba\u03ac\u03b8\u03b5 \u03bf\u03b4\u03b7\u03b3\u03bf\u03cd \u03b2\u03bf\u03b7\u03b8\u03ce\u03bd\u03c4\u03b1\u03c2 \u03c4\u03bf\u03bd \u03bd\u03b1 \u03b5\u03c0\u03b9\u03bb\u03ad\u03be\u03b5\u03b9 \u03c4\u03bf \u03b9\u03b4\u03b1\u03bd\u03b9\u03ba\u03cc\u03c4\u03b5\u03c1\u03bf \u03ba\u03b1\u03cd\u03c3\u03b9\u03bc\u03bf \u03c3\u03cd\u03bc\u03c6\u03c9\u03bd\u03b1 \u03c4\u03cc\u03c3\u03bf \u03bc\u03b5 \u03c4\u03b1 \u03c7\u03b1\u03c1\u03b1\u03ba\u03c4\u03b7\u03c1\u03b9\u03c3\u03c4\u03b9\u03ba\u03ac \u03ba\u03b1\u03b9 \u03c4\u03b9\u03c2 \u03b1\u03c0\u03b1\u03b9\u03c4\u03ae\u03c3\u03b5\u03b9\u03c2 \u03c4\u03bf\u03c5 \u03bf\u03c7\u03ae\u03bc\u03b1\u03c4\u03cc\u03c2 \u03c4\u03bf\u03c5, \u03cc\u03c3\u03bf \u03ba\u03b1\u03b9 \u03bc\u03b5 \u03c4\u03bf\u03bd \u03c4\u03c1\u03cc\u03c0\u03bf \u03bf\u03b4\u03ae\u03b3\u03b7\u03c3\u03b7\u03c2 \u03c0\u03bf\u03c5 \u03b5\u03c0\u03b9\u03bb\u03ad\u03b3\u03b5\u03b9. \u0395\u03bb\u03ac\u03c4\u03b5 \u03bd\u03b1 \u03b5\u03c0\u03b9\u03bb\u03ad\u03be\u03bf\u03c5\u03bc\u03b5 \u03bc\u03b1\u03b6\u03af \u03c4\u03bf \u03b9\u03b4\u03b1\u03bd\u03b9\u03ba\u03cc.[\/vc_column_text][vc_column_text]<\/p>\n<div class=\"ticks\">\n<div class=\"ticks-1\"><span class=\"hhh\">\uf00c<\/span>67 \u03c7\u03c1\u03cc\u03bd\u03b9\u03b1 <strong>\u03b5\u03bc\u03c0\u03b5\u03b9\u03c1\u03af\u03b1\u03c2 \u03ba\u03b1\u03b9 \u03b5\u03be\u03b5\u03b9\u03b4\u03af\u03ba\u03b5\u03c5\u03c3\u03b7\u03c2<\/strong><\/div>\n<div class=\"ticks-1\"><span class=\"hhh\">\uf00c<\/span>67 \u03c7\u03c1\u03cc\u03bd\u03b9\u03b1 <strong>\u03c3\u03c4\u03b7\u03bd \u03c5\u03c0\u03b7\u03c1\u03b5\u03c3\u03af\u03b1 \u03c4\u03bf\u03c5 \u03ba\u03b1\u03c4\u03b1\u03bd\u03b1\u03bb\u03c9\u03c4\u03ae<\/strong><\/div>\n<div class=\"ticks-1\"><span class=\"hhh\">\uf00c<\/span>67 \u03c7\u03c1\u03cc\u03bd\u03b9\u03b1 <strong>\u03c3\u03c4\u03b7\u03bd \u03ba\u03b1\u03b9\u03bd\u03bf\u03c4\u03bf\u03bc\u03af\u03b1 \u03c4\u03bf\u03c5 \u03ba\u03b1\u03c5\u03c3\u03af\u03bc\u03bf\u03c5<\/strong><\/div>\n<div class=\"ticks-1\"><span class=\"hhh\">\uf00c<\/span>67 \u03c7\u03c1\u03cc\u03bd\u03b9\u03b1 <strong>\u03c3\u03c4\u03b7 \u03b4\u03b9\u03b1\u03c3\u03c6\u03ac\u03bb\u03b9\u03c3\u03b7 \u03c4\u03b7\u03c2 \u03ba\u03bf\u03c1\u03c5\u03c6\u03b1\u03af\u03b1\u03c2 \u03c0\u03bf\u03b9\u03cc\u03c4\u03b7\u03c4\u03b1\u03c2<\/strong><\/div>\n<div class=\"ticks-1\"><span class=\"hhh\">\uf00c<\/span>67 \u03c7\u03c1\u03cc\u03bd\u03b9\u03b1 <strong>\u03c3\u03c4\u03b7 \u03c6\u03c1\u03bf\u03bd\u03c4\u03af\u03b4\u03b1 \u03c4\u03bf\u03c5 \u03ba\u03b9\u03bd\u03b7\u03c4\u03ae\u03c1\u03b1<\/strong><\/div>\n<\/div>\n<p>[\/vc_column_text][vc_raw_html css=&#8221;.vc_custom_1538475988844{margin-top: 25px !important;}&#8221;]JTNDZGl2JTIwY2xhc3MlM0QlMjJidXQlMjIlM0UlMEElMjAlM0NhJTIwaHJlZiUzRCUyMmh0dHBzJTNBJTJGJTJGYXBwbGljYXRpb25zLmNhc3Ryb2wuY29tJTJGb2lsc2VsZWN0b3IlMkZ0cl90ciUyRmMlMkZzZWFyY2glMjIlMjB0YXJnZXQlM0QlMjJfYmxhbmslMjIlM0UlMEElMjAlM0NkaXYlMjBjbGFzcyUzRCUyMmJ1dHRvbi1zbWFsbCUyMiUyMHN0eWxlJTNEJTIyd2lkdGglM0EyNTBweCUyMiUzQiUzRSUwQSUyMCUyMCUzQ2RpdiUyMGNsYXNzJTNEJTIyYnV0LXR4dC1zbSUyMiUzRSVDRSU5MSVDRSVCRCVDRSVCMSVDRSVCQSVDRSVBQyVDRSVCQiVDRiU4NSVDRiU4OCVDRSVCNSUyMCUzQ3NwYW4lMjBzdHlsZSUzRCUyMmZvbnQtd2VpZ2h0JTNBNjAwJTNCJTIyJTNFJTIwJUNGJTg0JUNGJThFJUNGJTgxJUNFJUIxJTIxJTNDJTJGc3BhbiUzRSUzQyUyRmRpdiUzRSUwQSUyMCUyMCUzQ2RpdiUyMGNsYXNzJTNEJTIyYnV0LWFycm93LXNtJTIyJTNFJTNDaW1nJTIwc3JjJTNEJTIyaHR0cHMlM0ElMkYlMkZ3d3cuc2FtZXJrYXNlbmVyZ3kuZ3IlMkZ3cC1jb250ZW50JTJGdXBsb2FkcyUyRjIwMTglMkYwMiUyRmFycm93LTYxeDEyLnN2ZyUyMiUyMHdpZHRoJTNEJTIyNjFweCUyMiUyMGhlaWdodCUzRCUyMjEycHglMjIlM0UlMjAlM0MlMkZkaXYlM0UlMEElMjAlMjAlM0MlMkZkaXYlM0UlMEElMjAlM0MlMkZhJTNFJTBBJTNDJTJGZGl2JTNF[\/vc_raw_html][\/vc_column][vc_column width=&#8221;1\/2&#8243; el_class=&#8221;car-col&#8221;][vc_single_image image=&#8221;870&#8243; img_size=&#8221;full&#8221; el_class=&#8221;merc-img&#8221;][\/vc_column][\/vc_row]<\/p>\n","protected":false},"excerpt":{"rendered":"<p>[vc_row full_width=&#8221;stretch_row_content_no_spaces&#8221; el_class=&#8221;row1&#8243;][vc_column el_class=&#8221;colrow1&#8243;][vc_row_inner][vc_column_inner][\/vc_column_inner][\/vc_row_inner][vc_row_inner el_class=&#8221;main-bg&#8221; el_id=&#8221;main-bg&#8221;][vc_column_inner el_class=&#8221;bp-bg&#8221; width=&#8221;1\/2&#8243;][vc_single_image image=&#8221;659&#8243; img_size=&#8221;full&#8221; el_class=&#8221;bp-img&#8221;][\/vc_column_inner][vc_column_inner el_class=&#8221;merc-bg&#8221; width=&#8221;1\/2&#8243;][\/vc_column_inner][\/vc_row_inner][\/vc_column][\/vc_row][vc_row el_class=&#8221;row-2&#8243;][vc_column width=&#8221;1\/3&#8243; el_class=&#8221;col1&#8243;][vc_column_text] Ya\u011flar Di\u011fer \u00dcr\u00fcnler [\/vc_column_text][vc_column_text el_class=&#8221;main-par&#8221;]Samerkas SA olas\u0131 her kategori i\u00e7in \u00f6zel \u00fcr\u00fcnleri sizin i\u00e7in bir araya getirir. Amac\u0131m\u0131z, en zorlu ko\u015fullar alt\u0131nda bile uygun i\u015flevle kaliteyi sa\u011flayarak her t\u00fcrde motoru kapsamakt\u0131r. Bu kategoride, takma motor gibi di\u011fer t\u00fcrdeki ara\u00e7lar [&hellip;]<\/p>\n","protected":false},"author":2,"featured_media":2045,"parent":2035,"menu_order":0,"comment_status":"closed","ping_status":"closed","template":"","meta":{"_monsterinsights_skip_tracking":false,"_monsterinsights_sitenote_active":false,"_monsterinsights_sitenote_note":"","_monsterinsights_sitenote_category":0},"acf":[],"aioseo_notices":[],"_links":{"self":[{"href":"https:\/\/samerkasenergy.gr\/tr\/wp-json\/wp\/v2\/pages\/2219"}],"collection":[{"href":"https:\/\/samerkasenergy.gr\/tr\/wp-json\/wp\/v2\/pages"}],"about":[{"href":"https:\/\/samerkasenergy.gr\/tr\/wp-json\/wp\/v2\/types\/page"}],"author":[{"embeddable":true,"href":"https:\/\/samerkasenergy.gr\/tr\/wp-json\/wp\/v2\/users\/2"}],"replies":[{"embeddable":true,"href":"https:\/\/samerkasenergy.gr\/tr\/wp-json\/wp\/v2\/comments?post=2219"}],"version-history":[{"count":0,"href":"https:\/\/samerkasenergy.gr\/tr\/wp-json\/wp\/v2\/pages\/2219\/revisions"}],"up":[{"embeddable":true,"href":"https:\/\/samerkasenergy.gr\/tr\/wp-json\/wp\/v2\/pages\/2035"}],"wp:featuredmedia":[{"embeddable":true,"href":"https:\/\/samerkasenergy.gr\/tr\/wp-json\/wp\/v2\/media\/2045"}],"wp:attachment":[{"href":"https:\/\/samerkasenergy.gr\/tr\/wp-json\/wp\/v2\/media?parent=2219"}],"curies":[{"name":"wp","href":"https:\/\/api.w.org\/{rel}","templated":true}]}}